{"id":11531,"date":"2024-02-05T18:44:38","date_gmt":"2024-02-05T18:44:38","guid":{"rendered":"https:\/\/www.suptel.cz\/?page_id=11531"},"modified":"2024-02-05T18:52:56","modified_gmt":"2024-02-05T18:52:56","slug":"o-spolocnosti","status":"publish","type":"page","link":"https:\/\/www.suptel.cz\/index.php\/o-spolocnosti\/","title":{"rendered":"O spolo\u010dnosti"},"content":{"rendered":"<div data-colibri-id=\"11531-c1\" class=\"style-886 style-local-11531-c1 position-relative\">\n  <!---->\n  <div data-colibri-component=\"section\" data-colibri-id=\"11531-c2\" id=\"custom\" class=\"h-section h-section-global-spacing d-flex align-items-lg-center align-items-md-center align-items-center style-922 style-local-11531-c2 position-relative\">\n    <!---->\n    <!---->\n    <div class=\"h-section-grid-container h-section-boxed-container\">\n      <!---->\n      <div data-colibri-id=\"11531-c3\" class=\"h-row-container gutters-row-lg-2 gutters-row-md-2 gutters-row-0 gutters-row-v-lg-2 gutters-row-v-md-2 gutters-row-v-2 style-923 style-local-11531-c3 position-relative\">\n        <!---->\n        <div class=\"h-row justify-content-lg-center justify-content-md-center justify-content-center align-items-lg-stretch align-items-md-stretch align-items-stretch gutters-col-lg-2 gutters-col-md-2 gutters-col-0 gutters-col-v-lg-2 gutters-col-v-md-2 gutters-col-v-2\">\n          <!---->\n          <div class=\"h-column h-column-container d-flex h-col-lg-auto h-col-md-auto h-col-auto style-924-outer style-local-11531-c4-outer\">\n            <div data-colibri-id=\"11531-c4\" class=\"d-flex h-flex-basis h-column__inner h-px-lg-2 h-px-md-2 h-px-2 v-inner-lg-2 v-inner-md-2 v-inner-2 style-924 style-local-11531-c4 position-relative\">\n              <!---->\n              <!---->\n              <div class=\"w-100 h-y-container h-column__content h-column__v-align flex-basis-100 align-self-lg-start align-self-md-start align-self-start\">\n                <!---->\n                <div data-colibri-id=\"11531-c5\" class=\"h-text h-text-component style-927 style-local-11531-c5 position-relative h-element\">\n                  <!---->\n                  <!---->\n                  <div class=\"\">\n                    <p>Meno SUPTel sa na \u010deskom trhu objavilo prv\u00fdkr\u00e1t v&nbsp;roku 1992, ke\u010f sa po spolo\u010densk\u00fdch zmen\u00e1ch otv\u00e1ral trh a pre v\u00e4\u010d\u0161inu \u010cechov nezn\u00e1my priestor na podnikanie. T\u00fato pr\u00edle\u017eitos\u0165 bezo zvy\u0161ku vyu\u017eil i&nbsp;zamestnanec Okresnej spr\u00e1vy\n                      spojov v&nbsp;Rokycanoch Lubom\u00edr Ma\u0161ek. V&nbsp;janu\u00e1ri 1992&nbsp;op\u00fa\u0161\u0165a rady \u0161t\u00e1tneho podniku a o&nbsp;dva mesiace nesk\u00f4r zaklad\u00e1 SUPTel s.r.o. V&nbsp;kr\u00e1tkom \u010dase ho nasleduje p\u00e4\u0165 kolegov a na dvore rodinn\u00e9ho domu Lubo\u0161ovej tety\n                      za\u010d\u00ednaj\u00fa vstupova\u0165 do sveta podnikania so zameran\u00edm na v\u00fdstavbu metalick\u00fdch telekomunika\u010d\u00adn\u00fdch&nbsp;siet\u00ed.<\/p>\n                    <p>V&nbsp;roku 1994&nbsp;vstupuje do spolo\u010dnosti nemeck\u00fd partner Martin Steinbrecher GmBH. O&nbsp;tri roky nesk\u00f4r sa portf\u00f3lio \u010dinnost\u00ed za\u010d\u00edna roz\u0161irova\u0165 i&nbsp;na v\u00fdstavbu a servis optick\u00fdch siet\u00ed. V&nbsp;roku 1998&nbsp;potom SUPTel\n                      s.r.o. stavia prv\u00fa GSM stanicu pre Radio Mobil (obchodn\u00e1 zna\u010dka Paegas, dnes T-Mobile), na ktor\u00fa plynule nadv\u00e4zuje i&nbsp;v\u00fdstavba GSM siete \u010cesk\u00fd Mobil (obchodn\u00e1 zna\u010dka OSKAR, dnes Vodafone).<\/p>\n                  <\/div>\n                <\/div>\n              <\/div>\n            <\/div>\n          <\/div>\n          <div class=\"h-column h-column-container d-flex h-col-lg-auto h-col-md-auto h-col-auto style-925-outer style-local-11531-c6-outer\">\n            <div data-colibri-id=\"11531-c6\" class=\"d-flex h-flex-basis h-column__inner h-px-lg-2 h-px-md-2 h-px-2 v-inner-lg-2 v-inner-md-2 v-inner-2 style-925 style-local-11531-c6 position-relative\">\n              <!---->\n              <!---->\n              <div class=\"w-100 h-y-container h-column__content h-column__v-align flex-basis-100 align-self-lg-start align-self-md-start align-self-start\">\n                <!---->\n                <div data-colibri-id=\"11531-c7\" class=\"d-block style-926 style-local-11531-c7 position-relative h-element\">\n                  <!---->\n                  <div class=\"h-image__frame-container-outer\">\n                    <div class=\"h-image__frame-container\">\n                      <!---->\n                      <!---->\n                      <img loading=\"lazy\" decoding=\"async\" width=\"146\" height=\"225\" src=\"http:\/\/www.suptel.cz\/wp-content\/uploads\/2024\/02\/O-spolocnosti.png\" class=\"wp-image-11541 style-926-image style-local-11531-c7-image\" alt=\"\" \/>\n                      <div class=\"h-image__frame h-hide-lg h-hide-md h-hide-sm style-926-frameImage style-local-11531-c7-frameImage\"><\/div>\n                    <\/div>\n                  <\/div>\n                <\/div>\n              <\/div>\n            <\/div>\n          <\/div>\n        <\/div>\n      <\/div>\n    <\/div>\n  <\/div>\n  <div data-colibri-component=\"section\" data-colibri-id=\"11531-c8\" id=\"custom-2\" class=\"h-section h-section-global-spacing d-flex align-items-lg-center align-items-md-center align-items-center style-928 style-local-11531-c8 position-relative\">\n    <!---->\n    <!---->\n    <div class=\"h-section-grid-container h-section-boxed-container\">\n      <!---->\n      <div data-colibri-id=\"11531-c9\" class=\"h-row-container gutters-row-lg-2 gutters-row-md-2 gutters-row-0 gutters-row-v-lg-2 gutters-row-v-md-2 gutters-row-v-2 style-929 style-local-11531-c9 position-relative\">\n        <!---->\n        <div class=\"h-row justify-content-lg-center justify-content-md-center justify-content-center align-items-lg-stretch align-items-md-stretch align-items-stretch gutters-col-lg-2 gutters-col-md-2 gutters-col-0 gutters-col-v-lg-2 gutters-col-v-md-2 gutters-col-v-2\">\n          <!---->\n          <div class=\"h-column h-column-container d-flex h-col-lg-auto h-col-md-auto h-col-auto style-930-outer style-local-11531-c10-outer\">\n            <div data-colibri-id=\"11531-c10\" class=\"d-flex h-flex-basis h-column__inner h-px-lg-2 h-px-md-2 h-px-2 v-inner-lg-2 v-inner-md-2 v-inner-2 style-930 style-local-11531-c10 position-relative\">\n              <!---->\n              <!---->\n              <div class=\"w-100 h-y-container h-column__content h-column__v-align flex-basis-100 align-self-lg-start align-self-md-start align-self-start\">\n                <!---->\n                <div data-colibri-id=\"11531-c11\" class=\"h-text h-text-component style-931 style-local-11531-c11 position-relative h-element\">\n                  <!---->\n                  <!---->\n                  <div class=\"\">\n                    <p>Prelom tis\u00edcro\u010dia priniesol v&nbsp;SUPTeli zmenu partnera a Martina Steinbrechera strieda rodinn\u00e1 firma Josef Schnell GmBH z&nbsp;nemeck\u00e9ho Baden Badenu. SUPTel s.r.o. men\u00ed pr\u00e1vnu formu na akciov\u00fa spolo\u010dnos\u0165 a za\u010d\u00edna rozvoj \u010fal\u0161\u00edch\n                      infra\u0161trukt\u00farnych stavieb, predov\u0161etk\u00fdm vodovodov, kanaliz\u00e1ci\u00ed a elektrick\u00fdch siet\u00ed. V&nbsp;telekomunika\u010dnom odvetv\u00ed spolo\u010dnos\u0165 v&nbsp;tomto obdob\u00ed stavia chrbticov\u00fa optick\u00fa trasu cez \u00fazemie \u010cR pre nemeck\u00fd Alcatel. V&nbsp;roku 2005&nbsp;sa\n                      st\u00e1va r\u00e1mcov\u00fdm zhotovite\u013eom skupiny \u010cEZ a Lubom\u00edr Ma\u0161ek vykupuje od rodiny Schnellov\u00fdch ich podiel a je jedin\u00fdm akcion\u00e1rom spolo\u010dnosti. Aktivity SUPTelu sa v&nbsp;tom \u010dase op\u00e4\u0165 za\u010d\u00ednaj\u00fa roz\u0161irova\u0165 tak \u00fazemne, ako aj odborovo. V&nbsp;roku\n                      2007&nbsp;sa SUPTel vracia na slovensk\u00fd trh, tentoraz u\u017e natrvalo, a v&nbsp;\u010cech\u00e1ch vstupuje do oblasti ICT, najm\u00e4 kamerov\u00fdch a monitorovac\u00edch syst\u00e9mov.<\/p>\n                    <p>Po n\u00e1hlom \u00famrt\u00ed Lubom\u00edra Ma\u0161ka na jar roku 2011&nbsp;preber\u00e1 spolo\u010dnos\u0165 jeho dc\u00e9ra Zuzana s&nbsp;man\u017eelom. I&nbsp;v\u010faka dobr\u00e9mu kolekt\u00edvu sa podarilo plynule nadviaza\u0165 na trad\u00edciu a dobr\u00e9 meno vybudovan\u00e9 za takmer dvadsa\u0165ro\u010dn\u00e9 p\u00f4sobenie\n                      na trhu. Nov\u00e9 vedenie spolo\u010dnos\u0165 \u010falej rozv\u00edja a akviz\u00edciou Klatovskej spolo\u010dnosti GASSPO spol. s&nbsp;r.o. v&nbsp;roku 2013&nbsp;doplnilo ponuku slu\u017eieb o&nbsp;oblas\u0165 plyn\u00e1renstva. Rady z\u00e1kazn\u00edkov tak roz\u0161\u00edrila skupina RWE. O&nbsp;rok\n                      nesk\u00f4r upev\u0148uje SUPTel a.s. svoju poz\u00edciu i&nbsp;na telekomunika\u010dnom trhu a v&nbsp;oblasti ICT a kupuje 100&nbsp;% podiel v&nbsp;spolo\u010dnosti Disk obchod &amp; technika, spol. s&nbsp;r.o. (dnes SUPTel&nbsp;\u2013 DISK, spol. s&nbsp;r.o.).<\/p>\n                    <p>V&nbsp;s\u00fa\u010dasnosti tak SUPTel a.s. a jej dc\u00e9rske spolo\u010dnosti pon\u00fakaj\u00fa kompletn\u00e9 portf\u00f3lio \u010dinnost\u00ed vo v\u00fdstavbe a servise in\u017einierskych siet\u00ed v&nbsp;oblasti telekomunik\u00e1ci\u00ed, energetiky, stavebn\u00edctva, dopravy a bezpe\u010dnosti.<\/p>\n                    <p>Spolo\u010dnos\u0165 trvale p\u00f4sob\u00ed na v\u00e4\u010d\u0161ine \u00fazemia \u010ceskej a Slovenskej republiky a realizuje v\u00fdznamn\u00e9 z\u00e1kazky v&nbsp;SRN. Organiza\u010dne sa \u010dlen\u00ed na \u0161tyri v\u00fdrobn\u00e9 div\u00edzie a tri akt\u00edvne dc\u00e9rske spolo\u010dnosti. V&nbsp;celom zoskupen\u00ed je zamestnan\u00fdch\n                      takmer 400&nbsp;zamestnancov a konsolidovan\u00e9 tr\u017eby presahuj\u00fa pol miliardy&nbsp;kor\u00fan.<\/p>\n                  <\/div>\n                <\/div>\n              <\/div>\n            <\/div>\n          <\/div>\n        <\/div>\n      <\/div>\n    <\/div>\n  <\/div>\n  <div data-colibri-component=\"section\" data-colibri-id=\"11531-c20\" id=\"reusable-sections-2\" class=\"h-section h-section-global-spacing d-flex align-items-lg-start align-items-md-start align-items-start style-6683 style-local-11531-c20 position-relative\">\n    <!---->\n    <!---->\n    <div class=\"h-section-grid-container h-section-boxed-container\">\n      <div data-colibri-id=\"11531-c25\" class=\"h-row-container gutters-row-lg-1 gutters-row-md-1 gutters-row-0 gutters-row-v-lg-1 gutters-row-v-md-1 gutters-row-v-1 style-6688 style-local-11531-c25 position-relative\">\n        <!---->\n        <div class=\"h-row justify-content-lg-center justify-content-md-center justify-content-center align-items-lg-stretch align-items-md-stretch align-items-stretch gutters-col-lg-1 gutters-col-md-1 gutters-col-0 gutters-col-v-lg-1 gutters-col-v-md-1 gutters-col-v-1\">\n          <!---->\n          <div class=\"h-column h-column-container d-flex h-col-lg-auto h-col-md-auto h-col-auto style-6689-outer style-local-11531-c26-outer\">\n            <div data-colibri-id=\"11531-c26\" class=\"d-flex h-flex-basis h-column__inner h-px-lg-1 h-px-md-1 h-px-1 v-inner-lg-1 v-inner-md-1 v-inner-1 style-6689 style-local-11531-c26 position-relative\">\n              <!---->\n              <!---->\n              <div class=\"w-100 h-y-container h-column__content h-column__v-align flex-basis-100 align-self-lg-start align-self-md-start align-self-start\">\n                <!---->\n                <div data-colibri-id=\"11531-c27\" class=\"h-global-transition-all h-heading style-6690 style-local-11531-c27 position-relative h-element\">\n                  <!---->\n                  <div class=\"h-heading__outer style-6690 style-local-11531-c27\">\n                    <!---->\n                    <!---->\n                    <h3 class=\"\">PARTNERI<\/h3>\n                  <\/div>\n                <\/div>\n              <\/div>\n            <\/div>\n          <\/div>\n        <\/div>\n      <\/div>\n      <div data-colibri-id=\"11531-c21\" class=\"h-row-container gutters-row-lg-0 gutters-row-md-0 gutters-row-0 gutters-row-v-lg-0 gutters-row-v-md-0 gutters-row-v-0 style-6684 style-local-11531-c21 position-relative\">\n        <!---->\n        <div class=\"h-row justify-content-lg-center justify-content-md-center justify-content-center align-items-lg-stretch align-items-md-stretch align-items-stretch gutters-col-lg-0 gutters-col-md-0 gutters-col-0 gutters-col-v-lg-0 gutters-col-v-md-0 gutters-col-v-0\">\n          <!---->\n          <div class=\"h-column h-column-container d-flex h-col-lg-12 h-col-md-12 h-col-12 style-6685-outer style-local-11531-c22-outer\">\n            <div data-colibri-id=\"11531-c22\" class=\"d-flex h-flex-basis h-column__inner h-px-lg-0 h-px-md-0 h-px-0 v-inner-lg-0 v-inner-md-0 v-inner-0 style-6685 style-local-11531-c22 position-relative\">\n              <!---->\n              <!---->\n              <div class=\"w-100 h-y-container h-column__content h-column__v-align flex-basis-100 align-self-lg-start align-self-md-start align-self-start\">\n                <!---->\n                <div data-colibri-id=\"11531-c23\" class=\"d-block style-6686 style-local-11531-c23 position-relative h-element\">\n                  <!---->\n                  <div class=\"h-image__frame-container-outer\">\n                    <div class=\"h-image__frame-container\">\n                      <!---->\n                      <!---->\n                      <img loading=\"lazy\" decoding=\"async\" width=\"1479\" height=\"158\" src=\"http:\/\/www.suptel.cz\/wp-content\/uploads\/2021\/07\/partneri-1.png\" class=\"wp-image-606 style-6686-image style-local-11531-c23-image\" alt=\"\" srcset=\"https:\/\/www.suptel.cz\/wp-content\/uploads\/2021\/07\/partneri-1.png 1479w, https:\/\/www.suptel.cz\/wp-content\/uploads\/2021\/07\/partneri-1-300x32.png 300w, https:\/\/www.suptel.cz\/wp-content\/uploads\/2021\/07\/partneri-1-1024x109.png 1024w, https:\/\/www.suptel.cz\/wp-content\/uploads\/2021\/07\/partneri-1-768x82.png 768w\" sizes=\"auto, (max-width: 1479px) 100vw, 1479px\" \/>\n                      <div class=\"h-image__frame h-hide-lg h-hide-md h-hide-sm style-6686-frameImage style-local-11531-c23-frameImage\"><\/div>\n                    <\/div>\n                  <\/div>\n                <\/div>\n              <\/div>\n            <\/div>\n          <\/div>\n          <div class=\"h-column h-column-container d-flex h-col-lg-12 h-col-md-12 h-col-12 style-6687-outer style-local-11531-c24-outer\">\n            <div data-colibri-id=\"11531-c24\" class=\"d-flex h-flex-basis h-column__inner h-ui-empty-state-container h-px-lg-0 h-px-md-0 h-px-0 v-inner-lg-0 v-inner-md-0 v-inner-0 style-6687 style-local-11531-c24 position-relative\">\n              <!---->\n              <!---->\n              <div class=\"w-100 h-y-container h-column__content h-column__v-align flex-basis-100\">\n                <!---->\n              <\/div>\n            <\/div>\n          <\/div>\n        <\/div>\n      <\/div>\n    <\/div>\n  <\/div>\n<\/div>","protected":false},"excerpt":{"rendered":"<p>Meno SUPTel sa na \u010deskom trhu objavilo prv\u00fdkr\u00e1t v&nbsp;roku 1992, ke\u010f sa po spolo\u010densk\u00fdch zmen\u00e1ch otv\u00e1ral trh a pre v\u00e4\u010d\u0161inu \u010cechov nezn\u00e1my priestor na podnikanie. T\u00fato pr\u00edle\u017eitos\u0165 bezo zvy\u0161ku vyu\u017eil i&nbsp;zamestnanec Okresnej spr\u00e1vy spojov v&nbsp;Rokycanoch Lubom\u00edr Ma\u0161ek. V&nbsp;janu\u00e1ri 1992&nbsp;op\u00fa\u0161\u0165a rady \u0161t\u00e1tneho podniku a o&nbsp;dva mesiace nesk\u00f4r zaklad\u00e1 SUPTel s.r.o. V&nbsp;kr\u00e1tkom \u010dase ho nasleduje p\u00e4\u0165 kolegov [&hellip;]<\/p>\n","protected":false},"author":1,"featured_media":0,"parent":0,"menu_order":0,"comment_status":"closed","ping_status":"closed","template":"page-templates\/full-width-page.php","meta":{"footnotes":""},"class_list":["post-11531","page","type-page","status-publish","hentry"],"yoast_head":"<!-- This site is optimized with the Yoast SEO plugin v27.4 - https:\/\/yoast.com\/product\/yoast-seo-wordpress\/ -->\n<title>O spolo\u010dnosti - suptel.cz<\/title>\n<meta name=\"robots\" content=\"index, follow, max-snippet:-1, max-image-preview:large, max-video-preview:-1\" \/>\n<link rel=\"canonical\" href=\"https:\/\/www.suptel.cz\/index.php\/o-spolocnosti\/\" \/>\n<meta property=\"og:locale\" content=\"cs_CZ\" \/>\n<meta property=\"og:type\" content=\"article\" \/>\n<meta property=\"og:title\" content=\"O spolo\u010dnosti - suptel.cz\" \/>\n<meta property=\"og:description\" content=\"Meno SUPTel sa na \u010deskom trhu objavilo prv\u00fdkr\u00e1t v&nbsp;roku 1992, ke\u010f sa po spolo\u010densk\u00fdch zmen\u00e1ch otv\u00e1ral trh a pre v\u00e4\u010d\u0161inu \u010cechov nezn\u00e1my priestor na podnikanie. T\u00fato pr\u00edle\u017eitos\u0165 bezo zvy\u0161ku vyu\u017eil i&nbsp;zamestnanec Okresnej spr\u00e1vy spojov v&nbsp;Rokycanoch Lubom\u00edr Ma\u0161ek. V&nbsp;janu\u00e1ri 1992&nbsp;op\u00fa\u0161\u0165a rady \u0161t\u00e1tneho podniku a o&nbsp;dva mesiace nesk\u00f4r zaklad\u00e1 SUPTel s.r.o. V&nbsp;kr\u00e1tkom \u010dase ho nasleduje p\u00e4\u0165 kolegov [&hellip;]\" \/>\n<meta property=\"og:url\" content=\"https:\/\/www.suptel.cz\/index.php\/o-spolocnosti\/\" \/>\n<meta property=\"og:site_name\" content=\"suptel.cz\" \/>\n<meta property=\"article:modified_time\" content=\"2024-02-05T18:52:56+00:00\" \/>\n<meta property=\"og:image\" content=\"https:\/\/www.suptel.cz\/wp-content\/uploads\/2024\/02\/O-spolocnosti.png\" \/>\n\t<meta property=\"og:image:width\" content=\"146\" \/>\n\t<meta property=\"og:image:height\" content=\"225\" \/>\n\t<meta property=\"og:image:type\" content=\"image\/png\" \/>\n<meta name=\"twitter:card\" content=\"summary_large_image\" \/>\n<meta name=\"twitter:label1\" content=\"Odhadovan\u00e1 doba \u010dten\u00ed\" \/>\n\t<meta name=\"twitter:data1\" content=\"3 minuty\" \/>\n<script type=\"application\/ld+json\" class=\"yoast-schema-graph\">{\"@context\":\"https:\\\/\\\/schema.org\",\"@graph\":[{\"@type\":\"WebPage\",\"@id\":\"https:\\\/\\\/www.suptel.cz\\\/index.php\\\/o-spolocnosti\\\/\",\"url\":\"https:\\\/\\\/www.suptel.cz\\\/index.php\\\/o-spolocnosti\\\/\",\"name\":\"O spolo\u010dnosti - suptel.cz\",\"isPartOf\":{\"@id\":\"https:\\\/\\\/www.suptel.cz\\\/#website\"},\"primaryImageOfPage\":{\"@id\":\"https:\\\/\\\/www.suptel.cz\\\/index.php\\\/o-spolocnosti\\\/#primaryimage\"},\"image\":{\"@id\":\"https:\\\/\\\/www.suptel.cz\\\/index.php\\\/o-spolocnosti\\\/#primaryimage\"},\"thumbnailUrl\":\"http:\\\/\\\/www.suptel.cz\\\/wp-content\\\/uploads\\\/2024\\\/02\\\/O-spolocnosti.png\",\"datePublished\":\"2024-02-05T18:44:38+00:00\",\"dateModified\":\"2024-02-05T18:52:56+00:00\",\"breadcrumb\":{\"@id\":\"https:\\\/\\\/www.suptel.cz\\\/index.php\\\/o-spolocnosti\\\/#breadcrumb\"},\"inLanguage\":\"cs\",\"potentialAction\":[{\"@type\":\"ReadAction\",\"target\":[\"https:\\\/\\\/www.suptel.cz\\\/index.php\\\/o-spolocnosti\\\/\"]}]},{\"@type\":\"ImageObject\",\"inLanguage\":\"cs\",\"@id\":\"https:\\\/\\\/www.suptel.cz\\\/index.php\\\/o-spolocnosti\\\/#primaryimage\",\"url\":\"https:\\\/\\\/www.suptel.cz\\\/wp-content\\\/uploads\\\/2024\\\/02\\\/O-spolocnosti.png\",\"contentUrl\":\"https:\\\/\\\/www.suptel.cz\\\/wp-content\\\/uploads\\\/2024\\\/02\\\/O-spolocnosti.png\",\"width\":146,\"height\":225},{\"@type\":\"BreadcrumbList\",\"@id\":\"https:\\\/\\\/www.suptel.cz\\\/index.php\\\/o-spolocnosti\\\/#breadcrumb\",\"itemListElement\":[{\"@type\":\"ListItem\",\"position\":1,\"name\":\"Dom\u016f\",\"item\":\"https:\\\/\\\/www.suptel.cz\\\/index.php\\\/front-page-deutsch\\\/\"},{\"@type\":\"ListItem\",\"position\":2,\"name\":\"O spolo\u010dnosti\"}]},{\"@type\":\"WebSite\",\"@id\":\"https:\\\/\\\/www.suptel.cz\\\/#website\",\"url\":\"https:\\\/\\\/www.suptel.cz\\\/\",\"name\":\"suptel.cz\",\"description\":\"telekomunikace, energetika, stavebnictv\u00ed, doprava a bezpe\u010dnost\",\"publisher\":{\"@id\":\"https:\\\/\\\/www.suptel.cz\\\/#organization\"},\"potentialAction\":[{\"@type\":\"SearchAction\",\"target\":{\"@type\":\"EntryPoint\",\"urlTemplate\":\"https:\\\/\\\/www.suptel.cz\\\/?s={search_term_string}\"},\"query-input\":{\"@type\":\"PropertyValueSpecification\",\"valueRequired\":true,\"valueName\":\"search_term_string\"}}],\"inLanguage\":\"cs\"},{\"@type\":\"Organization\",\"@id\":\"https:\\\/\\\/www.suptel.cz\\\/#organization\",\"name\":\"SUPTel a.s.\",\"url\":\"https:\\\/\\\/www.suptel.cz\\\/\",\"logo\":{\"@type\":\"ImageObject\",\"inLanguage\":\"cs\",\"@id\":\"https:\\\/\\\/www.suptel.cz\\\/#\\\/schema\\\/logo\\\/image\\\/\",\"url\":\"https:\\\/\\\/www.suptel.cz\\\/wp-content\\\/uploads\\\/2021\\\/07\\\/SUPTel-claim-CZ-color-negativ-yellow-white_300.png\",\"contentUrl\":\"https:\\\/\\\/www.suptel.cz\\\/wp-content\\\/uploads\\\/2021\\\/07\\\/SUPTel-claim-CZ-color-negativ-yellow-white_300.png\",\"width\":307,\"height\":155,\"caption\":\"SUPTel a.s.\"},\"image\":{\"@id\":\"https:\\\/\\\/www.suptel.cz\\\/#\\\/schema\\\/logo\\\/image\\\/\"}}]}<\/script>\n<!-- \/ Yoast SEO plugin. -->","yoast_head_json":{"title":"O spolo\u010dnosti - suptel.cz","robots":{"index":"index","follow":"follow","max-snippet":"max-snippet:-1","max-image-preview":"max-image-preview:large","max-video-preview":"max-video-preview:-1"},"canonical":"https:\/\/www.suptel.cz\/index.php\/o-spolocnosti\/","og_locale":"cs_CZ","og_type":"article","og_title":"O spolo\u010dnosti - suptel.cz","og_description":"Meno SUPTel sa na \u010deskom trhu objavilo prv\u00fdkr\u00e1t v&nbsp;roku 1992, ke\u010f sa po spolo\u010densk\u00fdch zmen\u00e1ch otv\u00e1ral trh a pre v\u00e4\u010d\u0161inu \u010cechov nezn\u00e1my priestor na podnikanie. T\u00fato pr\u00edle\u017eitos\u0165 bezo zvy\u0161ku vyu\u017eil i&nbsp;zamestnanec Okresnej spr\u00e1vy spojov v&nbsp;Rokycanoch Lubom\u00edr Ma\u0161ek. V&nbsp;janu\u00e1ri 1992&nbsp;op\u00fa\u0161\u0165a rady \u0161t\u00e1tneho podniku a o&nbsp;dva mesiace nesk\u00f4r zaklad\u00e1 SUPTel s.r.o. V&nbsp;kr\u00e1tkom \u010dase ho nasleduje p\u00e4\u0165 kolegov [&hellip;]","og_url":"https:\/\/www.suptel.cz\/index.php\/o-spolocnosti\/","og_site_name":"suptel.cz","article_modified_time":"2024-02-05T18:52:56+00:00","og_image":[{"width":146,"height":225,"url":"https:\/\/www.suptel.cz\/wp-content\/uploads\/2024\/02\/O-spolocnosti.png","type":"image\/png"}],"twitter_card":"summary_large_image","twitter_misc":{"Odhadovan\u00e1 doba \u010dten\u00ed":"3 minuty"},"schema":{"@context":"https:\/\/schema.org","@graph":[{"@type":"WebPage","@id":"https:\/\/www.suptel.cz\/index.php\/o-spolocnosti\/","url":"https:\/\/www.suptel.cz\/index.php\/o-spolocnosti\/","name":"O spolo\u010dnosti - suptel.cz","isPartOf":{"@id":"https:\/\/www.suptel.cz\/#website"},"primaryImageOfPage":{"@id":"https:\/\/www.suptel.cz\/index.php\/o-spolocnosti\/#primaryimage"},"image":{"@id":"https:\/\/www.suptel.cz\/index.php\/o-spolocnosti\/#primaryimage"},"thumbnailUrl":"http:\/\/www.suptel.cz\/wp-content\/uploads\/2024\/02\/O-spolocnosti.png","datePublished":"2024-02-05T18:44:38+00:00","dateModified":"2024-02-05T18:52:56+00:00","breadcrumb":{"@id":"https:\/\/www.suptel.cz\/index.php\/o-spolocnosti\/#breadcrumb"},"inLanguage":"cs","potentialAction":[{"@type":"ReadAction","target":["https:\/\/www.suptel.cz\/index.php\/o-spolocnosti\/"]}]},{"@type":"ImageObject","inLanguage":"cs","@id":"https:\/\/www.suptel.cz\/index.php\/o-spolocnosti\/#primaryimage","url":"https:\/\/www.suptel.cz\/wp-content\/uploads\/2024\/02\/O-spolocnosti.png","contentUrl":"https:\/\/www.suptel.cz\/wp-content\/uploads\/2024\/02\/O-spolocnosti.png","width":146,"height":225},{"@type":"BreadcrumbList","@id":"https:\/\/www.suptel.cz\/index.php\/o-spolocnosti\/#breadcrumb","itemListElement":[{"@type":"ListItem","position":1,"name":"Dom\u016f","item":"https:\/\/www.suptel.cz\/index.php\/front-page-deutsch\/"},{"@type":"ListItem","position":2,"name":"O spolo\u010dnosti"}]},{"@type":"WebSite","@id":"https:\/\/www.suptel.cz\/#website","url":"https:\/\/www.suptel.cz\/","name":"suptel.cz","description":"telekomunikace, energetika, stavebnictv\u00ed, doprava a bezpe\u010dnost","publisher":{"@id":"https:\/\/www.suptel.cz\/#organization"},"potentialAction":[{"@type":"SearchAction","target":{"@type":"EntryPoint","urlTemplate":"https:\/\/www.suptel.cz\/?s={search_term_string}"},"query-input":{"@type":"PropertyValueSpecification","valueRequired":true,"valueName":"search_term_string"}}],"inLanguage":"cs"},{"@type":"Organization","@id":"https:\/\/www.suptel.cz\/#organization","name":"SUPTel a.s.","url":"https:\/\/www.suptel.cz\/","logo":{"@type":"ImageObject","inLanguage":"cs","@id":"https:\/\/www.suptel.cz\/#\/schema\/logo\/image\/","url":"https:\/\/www.suptel.cz\/wp-content\/uploads\/2021\/07\/SUPTel-claim-CZ-color-negativ-yellow-white_300.png","contentUrl":"https:\/\/www.suptel.cz\/wp-content\/uploads\/2021\/07\/SUPTel-claim-CZ-color-negativ-yellow-white_300.png","width":307,"height":155,"caption":"SUPTel a.s."},"image":{"@id":"https:\/\/www.suptel.cz\/#\/schema\/logo\/image\/"}}]}},"_links":{"self":[{"href":"https:\/\/www.suptel.cz\/index.php\/wp-json\/wp\/v2\/pages\/11531","targetHints":{"allow":["GET"]}}],"collection":[{"href":"https:\/\/www.suptel.cz\/index.php\/wp-json\/wp\/v2\/pages"}],"about":[{"href":"https:\/\/www.suptel.cz\/index.php\/wp-json\/wp\/v2\/types\/page"}],"author":[{"embeddable":true,"href":"https:\/\/www.suptel.cz\/index.php\/wp-json\/wp\/v2\/users\/1"}],"replies":[{"embeddable":true,"href":"https:\/\/www.suptel.cz\/index.php\/wp-json\/wp\/v2\/comments?post=11531"}],"version-history":[{"count":4,"href":"https:\/\/www.suptel.cz\/index.php\/wp-json\/wp\/v2\/pages\/11531\/revisions"}],"predecessor-version":[{"id":11557,"href":"https:\/\/www.suptel.cz\/index.php\/wp-json\/wp\/v2\/pages\/11531\/revisions\/11557"}],"wp:attachment":[{"href":"https:\/\/www.suptel.cz\/index.php\/wp-json\/wp\/v2\/media?parent=11531"}],"curies":[{"name":"wp","href":"https:\/\/api.w.org\/{rel}","templated":true}]}}