{"id":11549,"date":"2024-02-05T18:50:12","date_gmt":"2024-02-05T18:50:12","guid":{"rendered":"https:\/\/www.suptel.cz\/?page_id=11549"},"modified":"2024-02-05T18:54:28","modified_gmt":"2024-02-05T18:54:28","slug":"zodpovedna-firma","status":"publish","type":"page","link":"https:\/\/www.suptel.cz\/index.php\/zodpovedna-firma\/","title":{"rendered":"Zodpovedn\u00e1 firma"},"content":{"rendered":"<div data-colibri-id=\"11549-c1\" class=\"style-899 style-local-11549-c1 position-relative\">\n  <!---->\n  <div data-colibri-component=\"section\" data-colibri-id=\"11549-c2\" id=\"custom\" class=\"h-section h-section-global-spacing d-flex align-items-lg-center align-items-md-center align-items-center style-904 style-local-11549-c2 position-relative\">\n    <!---->\n    <!---->\n    <div class=\"h-section-grid-container h-section-boxed-container\">\n      <!---->\n      <div data-colibri-id=\"11549-c3\" class=\"h-row-container gutters-row-lg-1 gutters-row-md-1 gutters-row-0 gutters-row-v-lg-1 gutters-row-v-md-1 gutters-row-v-1 style-905 style-local-11549-c3 position-relative\">\n        <!---->\n        <div class=\"h-row justify-content-lg-center justify-content-md-center justify-content-center align-items-lg-stretch align-items-md-stretch align-items-stretch gutters-col-lg-1 gutters-col-md-1 gutters-col-0 gutters-col-v-lg-1 gutters-col-v-md-1 gutters-col-v-1\">\n          <!---->\n          <div class=\"h-column h-column-container d-flex h-col-lg-auto h-col-md-auto h-col-auto style-906-outer style-local-11549-c4-outer\">\n            <div data-colibri-id=\"11549-c4\" class=\"d-flex h-flex-basis h-column__inner h-ui-empty-state-container h-px-lg-1 h-px-md-1 h-px-1 v-inner-lg-1 v-inner-md-1 v-inner-1 style-906 style-local-11549-c4 position-relative\">\n              <!---->\n              <!---->\n              <div class=\"w-100 h-y-container h-column__content h-column__v-align flex-basis-100\">\n                <!---->\n              <\/div>\n            <\/div>\n          <\/div>\n          <div class=\"h-column h-column-container d-flex h-col-lg-auto h-col-md-auto h-col-auto style-907-outer style-local-11549-c5-outer\">\n            <div data-colibri-id=\"11549-c5\" class=\"d-flex h-flex-basis h-column__inner h-px-lg-1 h-px-md-1 h-px-1 v-inner-lg-1 v-inner-md-1 v-inner-1 style-907 style-local-11549-c5 position-relative\">\n              <!---->\n              <!---->\n              <div class=\"w-100 h-y-container h-column__content h-column__v-align flex-basis-100 align-self-lg-start align-self-md-start align-self-start\">\n                <!---->\n                <div data-colibri-id=\"11549-c6\" class=\"d-block style-909 style-local-11549-c6 position-relative h-element\">\n                  <!---->\n                  <div class=\"h-image__frame-container-outer\">\n                    <div class=\"h-image__frame-container\">\n                      <!---->\n                      <!---->\n                      <img loading=\"lazy\" decoding=\"async\" width=\"1062\" height=\"288\" src=\"http:\/\/www.suptel.cz\/wp-content\/uploads\/2021\/07\/sport_kluby.png\" class=\"wp-image-1226 style-909-image style-local-11549-c6-image\" alt=\"\" srcset=\"https:\/\/www.suptel.cz\/wp-content\/uploads\/2021\/07\/sport_kluby.png 1062w, https:\/\/www.suptel.cz\/wp-content\/uploads\/2021\/07\/sport_kluby-300x81.png 300w, https:\/\/www.suptel.cz\/wp-content\/uploads\/2021\/07\/sport_kluby-1024x278.png 1024w, https:\/\/www.suptel.cz\/wp-content\/uploads\/2021\/07\/sport_kluby-768x208.png 768w\" sizes=\"auto, (max-width: 1062px) 100vw, 1062px\" \/>\n                      <div class=\"h-image__frame h-hide-lg h-hide-md h-hide-sm style-909-frameImage style-local-11549-c6-frameImage\"><\/div>\n                    <\/div>\n                  <\/div>\n                <\/div>\n              <\/div>\n            <\/div>\n          <\/div>\n          <div class=\"h-column h-column-container d-flex h-col-lg-auto h-col-md-auto h-col-auto style-908-outer style-local-11549-c7-outer\">\n            <div data-colibri-id=\"11549-c7\" class=\"d-flex h-flex-basis h-column__inner h-ui-empty-state-container h-px-lg-1 h-px-md-1 h-px-1 v-inner-lg-1 v-inner-md-1 v-inner-1 style-908 style-local-11549-c7 position-relative\">\n              <!---->\n              <!---->\n              <div class=\"w-100 h-y-container h-column__content h-column__v-align flex-basis-100\">\n                <!---->\n              <\/div>\n            <\/div>\n          <\/div>\n        <\/div>\n      <\/div>\n    <\/div>\n  <\/div>\n  <div data-colibri-component=\"section\" data-colibri-id=\"11549-c8\" id=\"custom-2\" class=\"h-section h-section-global-spacing d-flex align-items-lg-center align-items-md-center align-items-center style-910 style-local-11549-c8 position-relative\">\n    <!---->\n    <!---->\n    <div class=\"h-section-grid-container h-section-boxed-container\">\n      <!---->\n      <div data-colibri-id=\"11549-c9\" class=\"h-row-container gutters-row-lg-1 gutters-row-md-1 gutters-row-0 gutters-row-v-lg-1 gutters-row-v-md-1 gutters-row-v-1 style-911 style-local-11549-c9 position-relative\">\n        <!---->\n        <div class=\"h-row justify-content-lg-center justify-content-md-center justify-content-center align-items-lg-stretch align-items-md-stretch align-items-stretch gutters-col-lg-1 gutters-col-md-1 gutters-col-0 gutters-col-v-lg-1 gutters-col-v-md-1 gutters-col-v-1\">\n          <!---->\n          <div class=\"h-column h-column-container d-flex h-col-lg-auto h-col-md-auto h-col-auto style-912-outer style-local-11549-c10-outer\">\n            <div data-colibri-id=\"11549-c10\" class=\"d-flex h-flex-basis h-column__inner h-ui-empty-state-container h-px-lg-1 h-px-md-1 h-px-1 v-inner-lg-1 v-inner-md-1 v-inner-1 style-912 style-local-11549-c10 position-relative\">\n              <!---->\n              <!---->\n              <div class=\"w-100 h-y-container h-column__content h-column__v-align flex-basis-100\">\n                <!---->\n              <\/div>\n            <\/div>\n          <\/div>\n          <div class=\"h-column h-column-container d-flex h-col-lg-auto h-col-md-auto h-col-auto style-913-outer style-local-11549-c11-outer\">\n            <div data-colibri-id=\"11549-c11\" class=\"d-flex h-flex-basis h-column__inner h-px-lg-1 h-px-md-1 h-px-1 v-inner-lg-1 v-inner-md-1 v-inner-1 style-913 style-local-11549-c11 position-relative\">\n              <!---->\n              <!---->\n              <div class=\"w-100 h-y-container h-column__content h-column__v-align flex-basis-100 align-self-lg-start align-self-md-start align-self-start\">\n                <!---->\n                <div data-colibri-id=\"11549-c12\" class=\"h-text h-text-component style-915 style-local-11549-c12 position-relative h-element\">\n                  <!---->\n                  <!---->\n                  <div class=\"\">\n                    <p>Okrem spolupr\u00e1ce s&nbsp;klubmi v&nbsp;na\u0161om meste <strong>podporujeme oblasti, kde ch\u00fdbaj\u00fa peniaze<\/strong>&nbsp;\u2013 n\u00edzkorozpo\u010dtov\u00e9 \u0161porty, kult\u00faru a telesne znev\u00fdhodnen\u00fdch spoluob\u010danov.<\/p>\n                  <\/div>\n                <\/div>\n              <\/div>\n            <\/div>\n          <\/div>\n          <div class=\"h-column h-column-container d-flex h-col-lg-auto h-col-md-auto h-col-auto style-914-outer style-local-11549-c13-outer\">\n            <div data-colibri-id=\"11549-c13\" class=\"d-flex h-flex-basis h-column__inner h-ui-empty-state-container h-px-lg-1 h-px-md-1 h-px-1 v-inner-lg-1 v-inner-md-1 v-inner-1 style-914 style-local-11549-c13 position-relative\">\n              <!---->\n              <!---->\n              <div class=\"w-100 h-y-container h-column__content h-column__v-align flex-basis-100\">\n                <!---->\n              <\/div>\n            <\/div>\n          <\/div>\n        <\/div>\n      <\/div>\n    <\/div>\n  <\/div>\n  <div data-colibri-component=\"section\" data-colibri-id=\"11549-c14\" id=\"custom-3\" class=\"h-section h-section-global-spacing d-flex align-items-lg-center align-items-md-center align-items-center style-916 style-local-11549-c14 position-relative\">\n    <!---->\n    <!---->\n    <div class=\"h-section-grid-container h-section-boxed-container\">\n      <!---->\n      <div data-colibri-id=\"11549-c15\" class=\"h-row-container gutters-row-lg-1 gutters-row-md-1 gutters-row-0 gutters-row-v-lg-1 gutters-row-v-md-1 gutters-row-v-1 style-917 style-local-11549-c15 position-relative\">\n        <!---->\n        <div class=\"h-row justify-content-lg-center justify-content-md-center justify-content-center align-items-lg-stretch align-items-md-stretch align-items-stretch gutters-col-lg-1 gutters-col-md-1 gutters-col-0 gutters-col-v-lg-1 gutters-col-v-md-1 gutters-col-v-1\">\n          <!---->\n          <div class=\"h-column h-column-container d-flex h-col-lg-auto h-col-md-auto h-col-auto style-918-outer style-local-11549-c16-outer\">\n            <div data-colibri-id=\"11549-c16\" class=\"d-flex h-flex-basis h-column__inner h-ui-empty-state-container h-px-lg-1 h-px-md-1 h-px-1 v-inner-lg-1 v-inner-md-1 v-inner-1 style-918 style-local-11549-c16 position-relative\">\n              <!---->\n              <!---->\n              <div class=\"w-100 h-y-container h-column__content h-column__v-align flex-basis-100\">\n                <!---->\n              <\/div>\n            <\/div>\n          <\/div>\n          <div class=\"h-column h-column-container d-flex h-col-lg-auto h-col-md-auto h-col-auto style-919-outer style-local-11549-c17-outer\">\n            <div data-colibri-id=\"11549-c17\" class=\"d-flex h-flex-basis h-column__inner h-px-lg-1 h-px-md-1 h-px-1 v-inner-lg-1 v-inner-md-1 v-inner-1 style-919 style-local-11549-c17 position-relative\">\n              <!---->\n              <!---->\n              <div class=\"w-100 h-y-container h-column__content h-column__v-align flex-basis-100 align-self-lg-start align-self-md-start align-self-start\">\n                <!---->\n                <div data-colibri-id=\"11549-c18\" class=\"d-block style-921 style-local-11549-c18 position-relative h-element\">\n                  <!---->\n                  <div class=\"h-image__frame-container-outer\">\n                    <div class=\"h-image__frame-container\">\n                      <!---->\n                      <!---->\n                      <img loading=\"lazy\" decoding=\"async\" width=\"1066\" height=\"1005\" src=\"http:\/\/www.suptel.cz\/wp-content\/uploads\/2021\/07\/kluby.png\" class=\"wp-image-1227 style-921-image style-local-11549-c18-image\" alt=\"\" srcset=\"https:\/\/www.suptel.cz\/wp-content\/uploads\/2021\/07\/kluby.png 1066w, https:\/\/www.suptel.cz\/wp-content\/uploads\/2021\/07\/kluby-300x283.png 300w, https:\/\/www.suptel.cz\/wp-content\/uploads\/2021\/07\/kluby-1024x965.png 1024w, https:\/\/www.suptel.cz\/wp-content\/uploads\/2021\/07\/kluby-768x724.png 768w\" sizes=\"auto, (max-width: 1066px) 100vw, 1066px\" \/>\n                      <div class=\"h-image__frame h-hide-lg h-hide-md h-hide-sm style-921-frameImage style-local-11549-c18-frameImage\"><\/div>\n                    <\/div>\n                  <\/div>\n                <\/div>\n              <\/div>\n            <\/div>\n          <\/div>\n          <div class=\"h-column h-column-container d-flex h-col-lg-auto h-col-md-auto h-col-auto style-920-outer style-local-11549-c19-outer\">\n            <div data-colibri-id=\"11549-c19\" class=\"d-flex h-flex-basis h-column__inner h-ui-empty-state-container h-px-lg-1 h-px-md-1 h-px-1 v-inner-lg-1 v-inner-md-1 v-inner-1 style-920 style-local-11549-c19 position-relative\">\n              <!---->\n              <!---->\n              <div class=\"w-100 h-y-container h-column__content h-column__v-align flex-basis-100\">\n                <!---->\n              <\/div>\n            <\/div>\n          <\/div>\n        <\/div>\n      <\/div>\n    <\/div>\n  <\/div>\n  <div data-colibri-component=\"section\" data-colibri-id=\"11549-c28\" id=\"reusable-sections-2\" class=\"h-section h-section-global-spacing d-flex align-items-lg-start align-items-md-start align-items-start style-6691 style-local-11549-c28 position-relative\">\n    <!---->\n    <!---->\n    <div class=\"h-section-grid-container h-section-boxed-container\">\n      <div data-colibri-id=\"11549-c33\" class=\"h-row-container gutters-row-lg-1 gutters-row-md-1 gutters-row-0 gutters-row-v-lg-1 gutters-row-v-md-1 gutters-row-v-1 style-6696 style-local-11549-c33 position-relative\">\n        <!---->\n        <div class=\"h-row justify-content-lg-center justify-content-md-center justify-content-center align-items-lg-stretch align-items-md-stretch align-items-stretch gutters-col-lg-1 gutters-col-md-1 gutters-col-0 gutters-col-v-lg-1 gutters-col-v-md-1 gutters-col-v-1\">\n          <!---->\n          <div class=\"h-column h-column-container d-flex h-col-lg-auto h-col-md-auto h-col-auto style-6697-outer style-local-11549-c34-outer\">\n            <div data-colibri-id=\"11549-c34\" class=\"d-flex h-flex-basis h-column__inner h-px-lg-1 h-px-md-1 h-px-1 v-inner-lg-1 v-inner-md-1 v-inner-1 style-6697 style-local-11549-c34 position-relative\">\n              <!---->\n              <!---->\n              <div class=\"w-100 h-y-container h-column__content h-column__v-align flex-basis-100 align-self-lg-start align-self-md-start align-self-start\">\n                <!---->\n                <div data-colibri-id=\"11549-c35\" class=\"h-global-transition-all h-heading style-6698 style-local-11549-c35 position-relative h-element\">\n                  <!---->\n                  <div class=\"h-heading__outer style-6698 style-local-11549-c35\">\n                    <!---->\n                    <!---->\n                    <h3 class=\"\">PARTNERI<\/h3>\n                  <\/div>\n                <\/div>\n              <\/div>\n            <\/div>\n          <\/div>\n        <\/div>\n      <\/div>\n      <div data-colibri-id=\"11549-c29\" class=\"h-row-container gutters-row-lg-0 gutters-row-md-0 gutters-row-0 gutters-row-v-lg-0 gutters-row-v-md-0 gutters-row-v-0 style-6692 style-local-11549-c29 position-relative\">\n        <!---->\n        <div class=\"h-row justify-content-lg-center justify-content-md-center justify-content-center align-items-lg-stretch align-items-md-stretch align-items-stretch gutters-col-lg-0 gutters-col-md-0 gutters-col-0 gutters-col-v-lg-0 gutters-col-v-md-0 gutters-col-v-0\">\n          <!---->\n          <div class=\"h-column h-column-container d-flex h-col-lg-12 h-col-md-12 h-col-12 style-6693-outer style-local-11549-c30-outer\">\n            <div data-colibri-id=\"11549-c30\" class=\"d-flex h-flex-basis h-column__inner h-px-lg-0 h-px-md-0 h-px-0 v-inner-lg-0 v-inner-md-0 v-inner-0 style-6693 style-local-11549-c30 position-relative\">\n              <!---->\n              <!---->\n              <div class=\"w-100 h-y-container h-column__content h-column__v-align flex-basis-100 align-self-lg-start align-self-md-start align-self-start\">\n                <!---->\n                <div data-colibri-id=\"11549-c31\" class=\"d-block style-6694 style-local-11549-c31 position-relative h-element\">\n                  <!---->\n                  <div class=\"h-image__frame-container-outer\">\n                    <div class=\"h-image__frame-container\">\n                      <!---->\n                      <!---->\n                      <img loading=\"lazy\" decoding=\"async\" width=\"1479\" height=\"158\" src=\"http:\/\/www.suptel.cz\/wp-content\/uploads\/2021\/07\/partneri-1.png\" class=\"wp-image-606 style-6694-image style-local-11549-c31-image\" alt=\"\" srcset=\"https:\/\/www.suptel.cz\/wp-content\/uploads\/2021\/07\/partneri-1.png 1479w, https:\/\/www.suptel.cz\/wp-content\/uploads\/2021\/07\/partneri-1-300x32.png 300w, https:\/\/www.suptel.cz\/wp-content\/uploads\/2021\/07\/partneri-1-1024x109.png 1024w, https:\/\/www.suptel.cz\/wp-content\/uploads\/2021\/07\/partneri-1-768x82.png 768w\" sizes=\"auto, (max-width: 1479px) 100vw, 1479px\" \/>\n                      <div class=\"h-image__frame h-hide-lg h-hide-md h-hide-sm style-6694-frameImage style-local-11549-c31-frameImage\"><\/div>\n                    <\/div>\n                  <\/div>\n                <\/div>\n              <\/div>\n            <\/div>\n          <\/div>\n          <div class=\"h-column h-column-container d-flex h-col-lg-12 h-col-md-12 h-col-12 style-6695-outer style-local-11549-c32-outer\">\n            <div data-colibri-id=\"11549-c32\" class=\"d-flex h-flex-basis h-column__inner h-ui-empty-state-container h-px-lg-0 h-px-md-0 h-px-0 v-inner-lg-0 v-inner-md-0 v-inner-0 style-6695 style-local-11549-c32 position-relative\">\n              <!---->\n              <!---->\n              <div class=\"w-100 h-y-container h-column__content h-column__v-align flex-basis-100\">\n                <!---->\n              <\/div>\n            <\/div>\n          <\/div>\n        <\/div>\n      <\/div>\n    <\/div>\n  <\/div>\n<\/div>","protected":false},"excerpt":{"rendered":"<p>Okrem spolupr\u00e1ce s&nbsp;klubmi v&nbsp;na\u0161om meste podporujeme oblasti, kde ch\u00fdbaj\u00fa peniaze&nbsp;\u2013 n\u00edzkorozpo\u010dtov\u00e9 \u0161porty, kult\u00faru a telesne znev\u00fdhodnen\u00fdch spoluob\u010danov. PARTNERI<\/p>\n","protected":false},"author":1,"featured_media":0,"parent":0,"menu_order":0,"comment_status":"closed","ping_status":"closed","template":"page-templates\/full-width-page.php","meta":{"footnotes":""},"class_list":["post-11549","page","type-page","status-publish","hentry"],"yoast_head":"<!-- This site is optimized with the Yoast SEO plugin v27.4 - https:\/\/yoast.com\/product\/yoast-seo-wordpress\/ -->\n<title>Zodpovedn\u00e1 firma - suptel.cz<\/title>\n<meta name=\"robots\" content=\"index, follow, max-snippet:-1, max-image-preview:large, max-video-preview:-1\" \/>\n<link rel=\"canonical\" href=\"https:\/\/www.suptel.cz\/index.php\/zodpovedna-firma\/\" \/>\n<meta property=\"og:locale\" content=\"cs_CZ\" \/>\n<meta property=\"og:type\" content=\"article\" \/>\n<meta property=\"og:title\" content=\"Zodpovedn\u00e1 firma - suptel.cz\" \/>\n<meta property=\"og:description\" content=\"Okrem spolupr\u00e1ce s&nbsp;klubmi v&nbsp;na\u0161om meste podporujeme oblasti, kde ch\u00fdbaj\u00fa peniaze&nbsp;\u2013 n\u00edzkorozpo\u010dtov\u00e9 \u0161porty, kult\u00faru a telesne znev\u00fdhodnen\u00fdch spoluob\u010danov. PARTNERI\" \/>\n<meta property=\"og:url\" content=\"https:\/\/www.suptel.cz\/index.php\/zodpovedna-firma\/\" \/>\n<meta property=\"og:site_name\" content=\"suptel.cz\" \/>\n<meta property=\"article:modified_time\" content=\"2024-02-05T18:54:28+00:00\" \/>\n<meta property=\"og:image\" content=\"https:\/\/www.suptel.cz\/wp-content\/uploads\/2021\/07\/sport_kluby.png\" \/>\n\t<meta property=\"og:image:width\" content=\"1062\" \/>\n\t<meta property=\"og:image:height\" content=\"288\" \/>\n\t<meta property=\"og:image:type\" content=\"image\/png\" \/>\n<meta name=\"twitter:card\" content=\"summary_large_image\" \/>\n<script type=\"application\/ld+json\" class=\"yoast-schema-graph\">{\"@context\":\"https:\\\/\\\/schema.org\",\"@graph\":[{\"@type\":\"WebPage\",\"@id\":\"https:\\\/\\\/www.suptel.cz\\\/index.php\\\/zodpovedna-firma\\\/\",\"url\":\"https:\\\/\\\/www.suptel.cz\\\/index.php\\\/zodpovedna-firma\\\/\",\"name\":\"Zodpovedn\u00e1 firma - suptel.cz\",\"isPartOf\":{\"@id\":\"https:\\\/\\\/www.suptel.cz\\\/#website\"},\"primaryImageOfPage\":{\"@id\":\"https:\\\/\\\/www.suptel.cz\\\/index.php\\\/zodpovedna-firma\\\/#primaryimage\"},\"image\":{\"@id\":\"https:\\\/\\\/www.suptel.cz\\\/index.php\\\/zodpovedna-firma\\\/#primaryimage\"},\"thumbnailUrl\":\"http:\\\/\\\/www.suptel.cz\\\/wp-content\\\/uploads\\\/2021\\\/07\\\/sport_kluby.png\",\"datePublished\":\"2024-02-05T18:50:12+00:00\",\"dateModified\":\"2024-02-05T18:54:28+00:00\",\"breadcrumb\":{\"@id\":\"https:\\\/\\\/www.suptel.cz\\\/index.php\\\/zodpovedna-firma\\\/#breadcrumb\"},\"inLanguage\":\"cs\",\"potentialAction\":[{\"@type\":\"ReadAction\",\"target\":[\"https:\\\/\\\/www.suptel.cz\\\/index.php\\\/zodpovedna-firma\\\/\"]}]},{\"@type\":\"ImageObject\",\"inLanguage\":\"cs\",\"@id\":\"https:\\\/\\\/www.suptel.cz\\\/index.php\\\/zodpovedna-firma\\\/#primaryimage\",\"url\":\"https:\\\/\\\/www.suptel.cz\\\/wp-content\\\/uploads\\\/2021\\\/07\\\/sport_kluby.png\",\"contentUrl\":\"https:\\\/\\\/www.suptel.cz\\\/wp-content\\\/uploads\\\/2021\\\/07\\\/sport_kluby.png\",\"width\":1062,\"height\":288},{\"@type\":\"BreadcrumbList\",\"@id\":\"https:\\\/\\\/www.suptel.cz\\\/index.php\\\/zodpovedna-firma\\\/#breadcrumb\",\"itemListElement\":[{\"@type\":\"ListItem\",\"position\":1,\"name\":\"Dom\u016f\",\"item\":\"https:\\\/\\\/www.suptel.cz\\\/index.php\\\/front-page-deutsch\\\/\"},{\"@type\":\"ListItem\",\"position\":2,\"name\":\"Zodpovedn\u00e1 firma\"}]},{\"@type\":\"WebSite\",\"@id\":\"https:\\\/\\\/www.suptel.cz\\\/#website\",\"url\":\"https:\\\/\\\/www.suptel.cz\\\/\",\"name\":\"suptel.cz\",\"description\":\"telekomunikace, energetika, stavebnictv\u00ed, doprava a bezpe\u010dnost\",\"publisher\":{\"@id\":\"https:\\\/\\\/www.suptel.cz\\\/#organization\"},\"potentialAction\":[{\"@type\":\"SearchAction\",\"target\":{\"@type\":\"EntryPoint\",\"urlTemplate\":\"https:\\\/\\\/www.suptel.cz\\\/?s={search_term_string}\"},\"query-input\":{\"@type\":\"PropertyValueSpecification\",\"valueRequired\":true,\"valueName\":\"search_term_string\"}}],\"inLanguage\":\"cs\"},{\"@type\":\"Organization\",\"@id\":\"https:\\\/\\\/www.suptel.cz\\\/#organization\",\"name\":\"SUPTel a.s.\",\"url\":\"https:\\\/\\\/www.suptel.cz\\\/\",\"logo\":{\"@type\":\"ImageObject\",\"inLanguage\":\"cs\",\"@id\":\"https:\\\/\\\/www.suptel.cz\\\/#\\\/schema\\\/logo\\\/image\\\/\",\"url\":\"https:\\\/\\\/www.suptel.cz\\\/wp-content\\\/uploads\\\/2021\\\/07\\\/SUPTel-claim-CZ-color-negativ-yellow-white_300.png\",\"contentUrl\":\"https:\\\/\\\/www.suptel.cz\\\/wp-content\\\/uploads\\\/2021\\\/07\\\/SUPTel-claim-CZ-color-negativ-yellow-white_300.png\",\"width\":307,\"height\":155,\"caption\":\"SUPTel a.s.\"},\"image\":{\"@id\":\"https:\\\/\\\/www.suptel.cz\\\/#\\\/schema\\\/logo\\\/image\\\/\"}}]}<\/script>\n<!-- \/ Yoast SEO plugin. -->","yoast_head_json":{"title":"Zodpovedn\u00e1 firma - suptel.cz","robots":{"index":"index","follow":"follow","max-snippet":"max-snippet:-1","max-image-preview":"max-image-preview:large","max-video-preview":"max-video-preview:-1"},"canonical":"https:\/\/www.suptel.cz\/index.php\/zodpovedna-firma\/","og_locale":"cs_CZ","og_type":"article","og_title":"Zodpovedn\u00e1 firma - suptel.cz","og_description":"Okrem spolupr\u00e1ce s&nbsp;klubmi v&nbsp;na\u0161om meste podporujeme oblasti, kde ch\u00fdbaj\u00fa peniaze&nbsp;\u2013 n\u00edzkorozpo\u010dtov\u00e9 \u0161porty, kult\u00faru a telesne znev\u00fdhodnen\u00fdch spoluob\u010danov. PARTNERI","og_url":"https:\/\/www.suptel.cz\/index.php\/zodpovedna-firma\/","og_site_name":"suptel.cz","article_modified_time":"2024-02-05T18:54:28+00:00","og_image":[{"width":1062,"height":288,"url":"https:\/\/www.suptel.cz\/wp-content\/uploads\/2021\/07\/sport_kluby.png","type":"image\/png"}],"twitter_card":"summary_large_image","schema":{"@context":"https:\/\/schema.org","@graph":[{"@type":"WebPage","@id":"https:\/\/www.suptel.cz\/index.php\/zodpovedna-firma\/","url":"https:\/\/www.suptel.cz\/index.php\/zodpovedna-firma\/","name":"Zodpovedn\u00e1 firma - suptel.cz","isPartOf":{"@id":"https:\/\/www.suptel.cz\/#website"},"primaryImageOfPage":{"@id":"https:\/\/www.suptel.cz\/index.php\/zodpovedna-firma\/#primaryimage"},"image":{"@id":"https:\/\/www.suptel.cz\/index.php\/zodpovedna-firma\/#primaryimage"},"thumbnailUrl":"http:\/\/www.suptel.cz\/wp-content\/uploads\/2021\/07\/sport_kluby.png","datePublished":"2024-02-05T18:50:12+00:00","dateModified":"2024-02-05T18:54:28+00:00","breadcrumb":{"@id":"https:\/\/www.suptel.cz\/index.php\/zodpovedna-firma\/#breadcrumb"},"inLanguage":"cs","potentialAction":[{"@type":"ReadAction","target":["https:\/\/www.suptel.cz\/index.php\/zodpovedna-firma\/"]}]},{"@type":"ImageObject","inLanguage":"cs","@id":"https:\/\/www.suptel.cz\/index.php\/zodpovedna-firma\/#primaryimage","url":"https:\/\/www.suptel.cz\/wp-content\/uploads\/2021\/07\/sport_kluby.png","contentUrl":"https:\/\/www.suptel.cz\/wp-content\/uploads\/2021\/07\/sport_kluby.png","width":1062,"height":288},{"@type":"BreadcrumbList","@id":"https:\/\/www.suptel.cz\/index.php\/zodpovedna-firma\/#breadcrumb","itemListElement":[{"@type":"ListItem","position":1,"name":"Dom\u016f","item":"https:\/\/www.suptel.cz\/index.php\/front-page-deutsch\/"},{"@type":"ListItem","position":2,"name":"Zodpovedn\u00e1 firma"}]},{"@type":"WebSite","@id":"https:\/\/www.suptel.cz\/#website","url":"https:\/\/www.suptel.cz\/","name":"suptel.cz","description":"telekomunikace, energetika, stavebnictv\u00ed, doprava a bezpe\u010dnost","publisher":{"@id":"https:\/\/www.suptel.cz\/#organization"},"potentialAction":[{"@type":"SearchAction","target":{"@type":"EntryPoint","urlTemplate":"https:\/\/www.suptel.cz\/?s={search_term_string}"},"query-input":{"@type":"PropertyValueSpecification","valueRequired":true,"valueName":"search_term_string"}}],"inLanguage":"cs"},{"@type":"Organization","@id":"https:\/\/www.suptel.cz\/#organization","name":"SUPTel a.s.","url":"https:\/\/www.suptel.cz\/","logo":{"@type":"ImageObject","inLanguage":"cs","@id":"https:\/\/www.suptel.cz\/#\/schema\/logo\/image\/","url":"https:\/\/www.suptel.cz\/wp-content\/uploads\/2021\/07\/SUPTel-claim-CZ-color-negativ-yellow-white_300.png","contentUrl":"https:\/\/www.suptel.cz\/wp-content\/uploads\/2021\/07\/SUPTel-claim-CZ-color-negativ-yellow-white_300.png","width":307,"height":155,"caption":"SUPTel a.s."},"image":{"@id":"https:\/\/www.suptel.cz\/#\/schema\/logo\/image\/"}}]}},"_links":{"self":[{"href":"https:\/\/www.suptel.cz\/index.php\/wp-json\/wp\/v2\/pages\/11549","targetHints":{"allow":["GET"]}}],"collection":[{"href":"https:\/\/www.suptel.cz\/index.php\/wp-json\/wp\/v2\/pages"}],"about":[{"href":"https:\/\/www.suptel.cz\/index.php\/wp-json\/wp\/v2\/types\/page"}],"author":[{"embeddable":true,"href":"https:\/\/www.suptel.cz\/index.php\/wp-json\/wp\/v2\/users\/1"}],"replies":[{"embeddable":true,"href":"https:\/\/www.suptel.cz\/index.php\/wp-json\/wp\/v2\/comments?post=11549"}],"version-history":[{"count":2,"href":"https:\/\/www.suptel.cz\/index.php\/wp-json\/wp\/v2\/pages\/11549\/revisions"}],"predecessor-version":[{"id":11564,"href":"https:\/\/www.suptel.cz\/index.php\/wp-json\/wp\/v2\/pages\/11549\/revisions\/11564"}],"wp:attachment":[{"href":"https:\/\/www.suptel.cz\/index.php\/wp-json\/wp\/v2\/media?parent=11549"}],"curies":[{"name":"wp","href":"https:\/\/api.w.org\/{rel}","templated":true}]}}