{"id":11614,"date":"2024-02-05T19:59:54","date_gmt":"2024-02-05T19:59:54","guid":{"rendered":"https:\/\/www.suptel.cz\/?page_id=11614"},"modified":"2024-02-05T20:05:35","modified_gmt":"2024-02-05T20:05:35","slug":"sietove-technologie","status":"publish","type":"page","link":"https:\/\/www.suptel.cz\/index.php\/sietove-technologie\/","title":{"rendered":"Sie\u0165ov\u00e9 technol\u00f3gie"},"content":{"rendered":"<div data-colibri-id=\"11614-c1\" class=\"style-5622 style-local-11614-c1 position-relative\">\n  <!---->\n  <div data-colibri-component=\"section\" data-colibri-id=\"11614-c2\" id=\"custom\" class=\"h-section h-section-global-spacing d-flex align-items-lg-center align-items-md-center align-items-center style-5627 style-local-11614-c2 position-relative\">\n    <!---->\n    <!---->\n    <div class=\"h-section-grid-container h-section-boxed-container\">\n      <!---->\n      <div data-colibri-id=\"11614-c3\" class=\"h-row-container gutters-row-lg-2 gutters-row-md-2 gutters-row-0 gutters-row-v-lg-2 gutters-row-v-md-2 gutters-row-v-2 style-5628 style-local-11614-c3 position-relative\">\n        <!---->\n        <div class=\"h-row justify-content-lg-center justify-content-md-center justify-content-center align-items-lg-stretch align-items-md-stretch align-items-stretch gutters-col-lg-2 gutters-col-md-2 gutters-col-0 gutters-col-v-lg-2 gutters-col-v-md-2 gutters-col-v-2\">\n          <!---->\n          <div class=\"h-column h-column-container d-flex h-col-lg-auto h-col-md-auto h-col-auto style-5629-outer style-local-11614-c4-outer\">\n            <div data-colibri-id=\"11614-c4\" class=\"d-flex h-flex-basis h-column__inner h-px-lg-2 h-px-md-2 h-px-2 v-inner-lg-2 v-inner-md-2 v-inner-2 style-5629 style-local-11614-c4 position-relative\">\n              <!---->\n              <!---->\n              <div class=\"w-100 h-y-container h-column__content h-column__v-align flex-basis-100 align-self-lg-start align-self-md-start align-self-start\">\n                <!---->\n                <div data-colibri-id=\"11614-c5\" class=\"h-text h-text-component style-5630 style-local-11614-c5 position-relative h-element\">\n                  <!---->\n                  <!---->\n                  <div class=\"\">\n                    <h3>Sie\u0165ov\u00e9 technol\u00f3gie<\/h3>\n                    <p>Po\u010d\u00edta\u010dov\u00e1 sie\u0165 je dnes komunika\u010dnou chrbticou ka\u017edej organiz\u00e1cie, \u010di u\u017e s\u00fakromnej firmy alebo \u0161t\u00e1tneho \u00faradu. V&nbsp;odbore sie\u0165ov\u00fdch technol\u00f3gi\u00ed preto poskytujeme odborn\u00e9 slu\u017eby t\u00fdkaj\u00face sa tak samotnej infra\u0161trukt\u00fary, ako aj serverov\u00fdch\n                      rie\u0161en\u00ed. Zais\u0165ujeme konfigur\u00e1ciu serverov webov\u00fdch, po\u0161tov\u00fdch (vr\u00e1tane antispamov\u00fdch rie\u0161en\u00ed), proxy a firewallov. V&nbsp;na\u0161ej ponuke nech\u00fdbaj\u00fa ani d\u00e1tov\u00e9 \u00falo\u017eisk\u00e1 (Samba) a VoIP rie\u0161enia (Asterisk).<\/p>\n                    <p>Linux patr\u00ed dlhodobo medzi najob\u013e\u00fabenej\u0161ie serverov\u00e9 platformy. Linux servery dod\u00e1vame, a to i&nbsp;formou spl\u00e1tok, konfigurujeme a zaist\u00edme i&nbsp;vzdialen\u00fd doh\u013ead na ich prev\u00e1dzku.<\/p>\n                    <p>Sme certifikovan\u00fdm partnerom spolo\u010dnosti Cisco, v\u00fdrobcu \u0161pi\u010dkov\u00fdch sie\u0165ov\u00fdch prvkov. Ide konkr\u00e9tne o&nbsp;certifik\u00e1ty Cisco Selected Partner a Small Business Specialized Partner. Realizujeme dodanie, in\u0161tal\u00e1ciu i&nbsp;konfigur\u00e1ciu\n                      \u0161pi\u010dkov\u00fdch sie\u0165ov\u00fdch prvkov Cisco vr\u00e1tane vzdialen\u00e9ho doh\u013eadu.<\/p>\n                    <p>Na\u0161e slu\u017eby u\u017e vyu\u017eili v\u00fdznamn\u00e9 organiz\u00e1cie ako Jadern\u00e1 elektr\u00e1rna Temel\u00edn, T-Mobile Czech Republic a.s., Karlovarsk\u00e1 krajsk\u00e1 nemocnice, Rokycansk\u00e1 nemocnice alebo Zodiac Aerospace.<\/p>\n                    <h3>Preh\u013ead na\u0161ich aktiv\u00edt v&nbsp;odbore sie\u0165ov\u00fdch technol\u00f3gi\u00ed:<\/h3>\n                    <ul>\n                      <li>In\u0161tal\u00e1cia a konfigur\u00e1cia Linux serverov a Cisco zariaden\u00ed<\/li>\n                      <li>Vzdialen\u00e9 pr\u00edstupy (OpenVPN, PPTP, IPsec, Cisco EasyVPN)<\/li>\n                      <li>Webov\u00e9 servery (Apache, Nginx)<\/li>\n                      <li>Po\u0161tov\u00e9 servery, antispamov\u00e9 rie\u0161enia<\/li>\n                      <li>Firewall, Proxy servery<\/li>\n                      <li>VoIP rie\u0161enia Asterisk<\/li>\n                      <li>D\u00e1tov\u00e9 \u00falo\u017eisk\u00e1 Samba, FTP<\/li>\n                    <\/ul>\n                    <h3>Linux servery:<\/h3>\n                    <ul>\n                      <li>Dodanie, in\u0161tal\u00e1cia a konfigur\u00e1cia linuxov\u00e9ho servera<\/li>\n                      <li>In\u0161tal\u00e1cia a konfigur\u00e1cia po\u0161tov\u00e9ho servera<\/li>\n                      <li>In\u0161tal\u00e1cia a konfigur\u00e1cia antispamov\u00e9ho rie\u0161enia<\/li>\n                      <li>Vzdialen\u00fd doh\u013ead zariaden\u00ed<\/li>\n                      <li>Dodanie zariaden\u00ed i&nbsp;formou spl\u00e1tok<\/li>\n                    <\/ul>\n                    <h3>Cisco zariadenia:<\/h3>\n                    <ul>\n                      <li>Sme certifikovan\u00fd partner spolo\u010dnosti Cisco (Selected Partner Certifik\u00e1t, Small Business Specialized Partner)<\/li>\n                      <li>Dodanie, in\u0161tal\u00e1cia a konfigur\u00e1cia Cisco technol\u00f3gie<\/li>\n                      <li>Vzdialen\u00fd doh\u013ead zariaden\u00ed<\/li>\n                      <li>Garancia SLA pod\u013ea potrieb z\u00e1kazn\u00edka<\/li>\n                      <li>Dodanie zariaden\u00ed i&nbsp;formou spl\u00e1tok<\/li>\n                    <\/ul>\n                  <\/div>\n                <\/div>\n              <\/div>\n            <\/div>\n          <\/div>\n        <\/div>\n      <\/div>\n    <\/div>\n  <\/div>\n  <div data-colibri-component=\"section\" data-colibri-id=\"11614-c6\" id=\"reusable-sections-2\" class=\"h-section h-section-global-spacing d-flex align-items-lg-center align-items-md-center align-items-center style-5635 style-local-11614-c6 position-relative\">\n    <!---->\n    <!---->\n    <div class=\"h-section-grid-container h-section-boxed-container\">\n      <!---->\n      <div data-colibri-id=\"11614-c7\" class=\"h-row-container gutters-row-lg-1 gutters-row-md-1 gutters-row-2 gutters-row-v-lg-1 gutters-row-v-md-1 gutters-row-v-2 style-5636 style-local-11614-c7 position-relative\">\n        <!---->\n        <div class=\"h-row justify-content-lg-center justify-content-md-center justify-content-center align-items-lg-stretch align-items-md-stretch align-items-stretch gutters-col-lg-1 gutters-col-md-1 gutters-col-2 gutters-col-v-lg-1 gutters-col-v-md-1 gutters-col-v-2\">\n          <!---->\n          <div class=\"h-column h-column-container d-flex h-col-lg-auto h-col-md-auto h-col-auto style-5637-outer style-local-11614-c8-outer\">\n            <div data-colibri-id=\"11614-c8\" class=\"d-flex h-flex-basis h-column__inner h-px-lg-1 h-px-md-1 h-px-2 v-inner-lg-1 v-inner-md-1 v-inner-2 style-5637 style-local-11614-c8 position-relative\">\n              <!---->\n              <!---->\n              <div class=\"w-100 h-y-container h-column__content h-column__v-align flex-basis-100 align-self-lg-start align-self-md-start align-self-start\">\n                <!---->\n                <div data-colibri-component=\"\" data-colibri-id=\"11614-c9\" class=\"h-photo-gallery margin-none caption-none photo-gallery--with-hover-effect photo-gallery--with-hover-effect--fade-out style-5638 style-local-11614-c9 h-overflow-hidden position-relative h-element\">\n                  <!---->\n                  <div class=\"h-global-transition-all caption-wrapper-full\"><div id='colibri-11614-c9' class='gallery-wrapper'>    <style type=\"text\/css\">\n\n        @media (min-width: 1023px) {        #colibri-11614-c9        dl {\n            float: left;\n            width: 25% !important;\n            max-width: 25% !important;\n            min-width: 25% !important;\n        }\n\n        #colibri-11614-c9        dl:nth-of-type(4n +1 ) {\n            clear: both;\n        }\n\n        }@media (min-width: 768px) and (max-width: 1023px) {        #colibri-11614-c9        dl {\n            float: left;\n            width: 25% !important;\n            max-width: 25% !important;\n            min-width: 25% !important;\n        }\n\n        #colibri-11614-c9        dl:nth-of-type(4n +1 ) {\n            clear: both;\n        }\n\n        }@media (max-width: 767px) {        #colibri-11614-c9        dl {\n            float: left;\n            width: 50% !important;\n            max-width: 50% !important;\n            min-width: 50% !important;\n        }\n\n        #colibri-11614-c9        dl:nth-of-type(2n +1 ) {\n            clear: both;\n        }\n\n        }\n        #colibri-11614-c9        .gallery-item {\n            position: relative;\n        }\n\n        \n    <\/style>\n    <div   class='colibri-11614-c9-dls-wrapper gallery-items-wrapper' ><dl class='gallery-item masonry-item'>\n\t\t\t<dt class='gallery-icon landscape'>\n\t\t\t\t<a data-fancybox=\"colibri-11614-c9-group\" href='https:\/\/www.suptel.cz\/wp-content\/uploads\/2024\/01\/sitove-technolgie_4-1.jpg'><img loading=\"lazy\" decoding=\"async\"  width=\"150\" height=\"150\" src=\"https:\/\/www.suptel.cz\/wp-content\/uploads\/2024\/01\/sitove-technolgie_4-1-150x150.jpg\"  class='colibri-11614-c9-image' alt=\"\" \/><\/a>\n\t\t\t<\/dt><\/dl><dl class='gallery-item masonry-item'>\n\t\t\t<dt class='gallery-icon landscape'>\n\t\t\t\t<a data-fancybox=\"colibri-11614-c9-group\" href='https:\/\/www.suptel.cz\/wp-content\/uploads\/2024\/01\/sitove-technolgie_3.jpg'><img loading=\"lazy\" decoding=\"async\"  width=\"150\" height=\"150\" src=\"https:\/\/www.suptel.cz\/wp-content\/uploads\/2024\/01\/sitove-technolgie_3-150x150.jpg\"  class='colibri-11614-c9-image' alt=\"\" \/><\/a>\n\t\t\t<\/dt><\/dl><dl class='gallery-item masonry-item'>\n\t\t\t<dt class='gallery-icon landscape'>\n\t\t\t\t<a data-fancybox=\"colibri-11614-c9-group\" href='https:\/\/www.suptel.cz\/wp-content\/uploads\/2024\/01\/sitove-technolgie_2.jpg'><img loading=\"lazy\" decoding=\"async\"  width=\"150\" height=\"150\" src=\"https:\/\/www.suptel.cz\/wp-content\/uploads\/2024\/01\/sitove-technolgie_2-150x150.jpg\"  class='colibri-11614-c9-image' alt=\"\" \/><\/a>\n\t\t\t<\/dt><\/dl><dl class='gallery-item masonry-item'>\n\t\t\t<dt class='gallery-icon portrait'>\n\t\t\t\t<a data-fancybox=\"colibri-11614-c9-group\" href='https:\/\/www.suptel.cz\/wp-content\/uploads\/2024\/01\/sitove-technolgie_1.jpg'><img loading=\"lazy\" decoding=\"async\"  width=\"150\" height=\"150\" src=\"https:\/\/www.suptel.cz\/wp-content\/uploads\/2024\/01\/sitove-technolgie_1-150x150.jpg\"  class='colibri-11614-c9-image' alt=\"\" \/><\/a>\n\t\t\t<\/dt><\/dl>\n\t\t<\/div>\n<style>#colibri-11614-c9 .wp-caption-text.gallery-caption{display:none;}<\/style><\/div><\/div>\n                <\/div>\n              <\/div>\n            <\/div>\n          <\/div>\n        <\/div>\n      <\/div>\n    <\/div>\n  <\/div>\n  <div data-colibri-component=\"section\" data-colibri-id=\"11614-c18\" id=\"reusable-sections-3\" class=\"h-section h-section-global-spacing d-flex align-items-lg-start align-items-md-start align-items-start style-6723 style-local-11614-c18 position-relative\">\n    <!---->\n    <!---->\n    <div class=\"h-section-grid-container h-section-boxed-container\">\n      <div data-colibri-id=\"11614-c23\" class=\"h-row-container gutters-row-lg-1 gutters-row-md-1 gutters-row-0 gutters-row-v-lg-1 gutters-row-v-md-1 gutters-row-v-1 style-6728 style-local-11614-c23 position-relative\">\n        <!---->\n        <div class=\"h-row justify-content-lg-center justify-content-md-center justify-content-center align-items-lg-stretch align-items-md-stretch align-items-stretch gutters-col-lg-1 gutters-col-md-1 gutters-col-0 gutters-col-v-lg-1 gutters-col-v-md-1 gutters-col-v-1\">\n          <!---->\n          <div class=\"h-column h-column-container d-flex h-col-lg-auto h-col-md-auto h-col-auto style-6729-outer style-local-11614-c24-outer\">\n            <div data-colibri-id=\"11614-c24\" class=\"d-flex h-flex-basis h-column__inner h-px-lg-1 h-px-md-1 h-px-1 v-inner-lg-1 v-inner-md-1 v-inner-1 style-6729 style-local-11614-c24 position-relative\">\n              <!---->\n              <!---->\n              <div class=\"w-100 h-y-container h-column__content h-column__v-align flex-basis-100 align-self-lg-start align-self-md-start align-self-start\">\n                <!---->\n                <div data-colibri-id=\"11614-c25\" class=\"h-global-transition-all h-heading style-6730 style-local-11614-c25 position-relative h-element\">\n                  <!---->\n                  <div class=\"h-heading__outer style-6730 style-local-11614-c25\">\n                    <!---->\n                    <!---->\n                    <h3 class=\"\">PARTNERI<\/h3>\n                  <\/div>\n                <\/div>\n              <\/div>\n            <\/div>\n          <\/div>\n        <\/div>\n      <\/div>\n      <div data-colibri-id=\"11614-c19\" class=\"h-row-container gutters-row-lg-0 gutters-row-md-0 gutters-row-0 gutters-row-v-lg-0 gutters-row-v-md-0 gutters-row-v-0 style-6724 style-local-11614-c19 position-relative\">\n        <!---->\n        <div class=\"h-row justify-content-lg-center justify-content-md-center justify-content-center align-items-lg-stretch align-items-md-stretch align-items-stretch gutters-col-lg-0 gutters-col-md-0 gutters-col-0 gutters-col-v-lg-0 gutters-col-v-md-0 gutters-col-v-0\">\n          <!---->\n          <div class=\"h-column h-column-container d-flex h-col-lg-12 h-col-md-12 h-col-12 style-6725-outer style-local-11614-c20-outer\">\n            <div data-colibri-id=\"11614-c20\" class=\"d-flex h-flex-basis h-column__inner h-px-lg-0 h-px-md-0 h-px-0 v-inner-lg-0 v-inner-md-0 v-inner-0 style-6725 style-local-11614-c20 position-relative\">\n              <!---->\n              <!---->\n              <div class=\"w-100 h-y-container h-column__content h-column__v-align flex-basis-100 align-self-lg-start align-self-md-start align-self-start\">\n                <!---->\n                <div data-colibri-id=\"11614-c21\" class=\"d-block style-6726 style-local-11614-c21 position-relative h-element\">\n                  <!---->\n                  <div class=\"h-image__frame-container-outer\">\n                    <div class=\"h-image__frame-container\">\n                      <!---->\n                      <!---->\n                      <img loading=\"lazy\" decoding=\"async\" width=\"1479\" height=\"158\" src=\"http:\/\/www.suptel.cz\/wp-content\/uploads\/2021\/07\/partneri-1.png\" class=\"wp-image-606 style-6726-image style-local-11614-c21-image\" alt=\"\" srcset=\"https:\/\/www.suptel.cz\/wp-content\/uploads\/2021\/07\/partneri-1.png 1479w, https:\/\/www.suptel.cz\/wp-content\/uploads\/2021\/07\/partneri-1-300x32.png 300w, https:\/\/www.suptel.cz\/wp-content\/uploads\/2021\/07\/partneri-1-1024x109.png 1024w, https:\/\/www.suptel.cz\/wp-content\/uploads\/2021\/07\/partneri-1-768x82.png 768w\" sizes=\"auto, (max-width: 1479px) 100vw, 1479px\" \/>\n                      <div class=\"h-image__frame h-hide-lg h-hide-md h-hide-sm style-6726-frameImage style-local-11614-c21-frameImage\"><\/div>\n                    <\/div>\n                  <\/div>\n                <\/div>\n              <\/div>\n            <\/div>\n          <\/div>\n          <div class=\"h-column h-column-container d-flex h-col-lg-12 h-col-md-12 h-col-12 style-6727-outer style-local-11614-c22-outer\">\n            <div data-colibri-id=\"11614-c22\" class=\"d-flex h-flex-basis h-column__inner h-ui-empty-state-container h-px-lg-0 h-px-md-0 h-px-0 v-inner-lg-0 v-inner-md-0 v-inner-0 style-6727 style-local-11614-c22 position-relative\">\n              <!---->\n              <!---->\n              <div class=\"w-100 h-y-container h-column__content h-column__v-align flex-basis-100\">\n                <!---->\n              <\/div>\n            <\/div>\n          <\/div>\n        <\/div>\n      <\/div>\n    <\/div>\n  <\/div>\n<\/div>","protected":false},"excerpt":{"rendered":"<p>Sie\u0165ov\u00e9 technol\u00f3gie Po\u010d\u00edta\u010dov\u00e1 sie\u0165 je dnes komunika\u010dnou chrbticou ka\u017edej organiz\u00e1cie, \u010di u\u017e s\u00fakromnej firmy alebo \u0161t\u00e1tneho \u00faradu. V&nbsp;odbore sie\u0165ov\u00fdch technol\u00f3gi\u00ed preto poskytujeme odborn\u00e9 slu\u017eby t\u00fdkaj\u00face sa tak samotnej infra\u0161trukt\u00fary, ako aj serverov\u00fdch rie\u0161en\u00ed. Zais\u0165ujeme konfigur\u00e1ciu serverov webov\u00fdch, po\u0161tov\u00fdch (vr\u00e1tane antispamov\u00fdch rie\u0161en\u00ed), proxy a firewallov. V&nbsp;na\u0161ej ponuke nech\u00fdbaj\u00fa ani d\u00e1tov\u00e9 \u00falo\u017eisk\u00e1 (Samba) a VoIP rie\u0161enia (Asterisk). [&hellip;]<\/p>\n","protected":false},"author":1,"featured_media":0,"parent":0,"menu_order":0,"comment_status":"closed","ping_status":"closed","template":"page-templates\/full-width-page.php","meta":{"footnotes":""},"class_list":["post-11614","page","type-page","status-publish","hentry"],"yoast_head":"<!-- This site is optimized with the Yoast SEO plugin v27.4 - https:\/\/yoast.com\/product\/yoast-seo-wordpress\/ -->\n<title>Sie\u0165ov\u00e9 technol\u00f3gie - suptel.cz<\/title>\n<meta name=\"robots\" content=\"index, follow, max-snippet:-1, max-image-preview:large, max-video-preview:-1\" \/>\n<link rel=\"canonical\" href=\"https:\/\/www.suptel.cz\/index.php\/sietove-technologie\/\" \/>\n<meta property=\"og:locale\" content=\"cs_CZ\" \/>\n<meta property=\"og:type\" content=\"article\" \/>\n<meta property=\"og:title\" content=\"Sie\u0165ov\u00e9 technol\u00f3gie - suptel.cz\" \/>\n<meta property=\"og:description\" content=\"Sie\u0165ov\u00e9 technol\u00f3gie Po\u010d\u00edta\u010dov\u00e1 sie\u0165 je dnes komunika\u010dnou chrbticou ka\u017edej organiz\u00e1cie, \u010di u\u017e s\u00fakromnej firmy alebo \u0161t\u00e1tneho \u00faradu. V&nbsp;odbore sie\u0165ov\u00fdch technol\u00f3gi\u00ed preto poskytujeme odborn\u00e9 slu\u017eby t\u00fdkaj\u00face sa tak samotnej infra\u0161trukt\u00fary, ako aj serverov\u00fdch rie\u0161en\u00ed. Zais\u0165ujeme konfigur\u00e1ciu serverov webov\u00fdch, po\u0161tov\u00fdch (vr\u00e1tane antispamov\u00fdch rie\u0161en\u00ed), proxy a firewallov. V&nbsp;na\u0161ej ponuke nech\u00fdbaj\u00fa ani d\u00e1tov\u00e9 \u00falo\u017eisk\u00e1 (Samba) a VoIP rie\u0161enia (Asterisk). [&hellip;]\" \/>\n<meta property=\"og:url\" content=\"https:\/\/www.suptel.cz\/index.php\/sietove-technologie\/\" \/>\n<meta property=\"og:site_name\" content=\"suptel.cz\" \/>\n<meta property=\"article:modified_time\" content=\"2024-02-05T20:05:35+00:00\" \/>\n<meta property=\"og:image\" content=\"http:\/\/www.suptel.cz\/wp-content\/uploads\/2021\/07\/partneri-1.png\" \/>\n<meta name=\"twitter:card\" content=\"summary_large_image\" \/>\n<meta name=\"twitter:label1\" content=\"Odhadovan\u00e1 doba \u010dten\u00ed\" \/>\n\t<meta name=\"twitter:data1\" content=\"2 minuty\" \/>\n<script type=\"application\/ld+json\" class=\"yoast-schema-graph\">{\"@context\":\"https:\\\/\\\/schema.org\",\"@graph\":[{\"@type\":\"WebPage\",\"@id\":\"https:\\\/\\\/www.suptel.cz\\\/index.php\\\/sietove-technologie\\\/\",\"url\":\"https:\\\/\\\/www.suptel.cz\\\/index.php\\\/sietove-technologie\\\/\",\"name\":\"Sie\u0165ov\u00e9 technol\u00f3gie - suptel.cz\",\"isPartOf\":{\"@id\":\"https:\\\/\\\/www.suptel.cz\\\/#website\"},\"primaryImageOfPage\":{\"@id\":\"https:\\\/\\\/www.suptel.cz\\\/index.php\\\/sietove-technologie\\\/#primaryimage\"},\"image\":{\"@id\":\"https:\\\/\\\/www.suptel.cz\\\/index.php\\\/sietove-technologie\\\/#primaryimage\"},\"thumbnailUrl\":\"http:\\\/\\\/www.suptel.cz\\\/wp-content\\\/uploads\\\/2021\\\/07\\\/partneri-1.png\",\"datePublished\":\"2024-02-05T19:59:54+00:00\",\"dateModified\":\"2024-02-05T20:05:35+00:00\",\"breadcrumb\":{\"@id\":\"https:\\\/\\\/www.suptel.cz\\\/index.php\\\/sietove-technologie\\\/#breadcrumb\"},\"inLanguage\":\"cs\",\"potentialAction\":[{\"@type\":\"ReadAction\",\"target\":[\"https:\\\/\\\/www.suptel.cz\\\/index.php\\\/sietove-technologie\\\/\"]}]},{\"@type\":\"ImageObject\",\"inLanguage\":\"cs\",\"@id\":\"https:\\\/\\\/www.suptel.cz\\\/index.php\\\/sietove-technologie\\\/#primaryimage\",\"url\":\"https:\\\/\\\/www.suptel.cz\\\/wp-content\\\/uploads\\\/2021\\\/07\\\/partneri-1.png\",\"contentUrl\":\"https:\\\/\\\/www.suptel.cz\\\/wp-content\\\/uploads\\\/2021\\\/07\\\/partneri-1.png\",\"width\":1479,\"height\":158},{\"@type\":\"BreadcrumbList\",\"@id\":\"https:\\\/\\\/www.suptel.cz\\\/index.php\\\/sietove-technologie\\\/#breadcrumb\",\"itemListElement\":[{\"@type\":\"ListItem\",\"position\":1,\"name\":\"Dom\u016f\",\"item\":\"https:\\\/\\\/www.suptel.cz\\\/index.php\\\/front-page-deutsch\\\/\"},{\"@type\":\"ListItem\",\"position\":2,\"name\":\"Sie\u0165ov\u00e9 technol\u00f3gie\"}]},{\"@type\":\"WebSite\",\"@id\":\"https:\\\/\\\/www.suptel.cz\\\/#website\",\"url\":\"https:\\\/\\\/www.suptel.cz\\\/\",\"name\":\"suptel.cz\",\"description\":\"telekomunikace, energetika, stavebnictv\u00ed, doprava a bezpe\u010dnost\",\"publisher\":{\"@id\":\"https:\\\/\\\/www.suptel.cz\\\/#organization\"},\"potentialAction\":[{\"@type\":\"SearchAction\",\"target\":{\"@type\":\"EntryPoint\",\"urlTemplate\":\"https:\\\/\\\/www.suptel.cz\\\/?s={search_term_string}\"},\"query-input\":{\"@type\":\"PropertyValueSpecification\",\"valueRequired\":true,\"valueName\":\"search_term_string\"}}],\"inLanguage\":\"cs\"},{\"@type\":\"Organization\",\"@id\":\"https:\\\/\\\/www.suptel.cz\\\/#organization\",\"name\":\"SUPTel a.s.\",\"url\":\"https:\\\/\\\/www.suptel.cz\\\/\",\"logo\":{\"@type\":\"ImageObject\",\"inLanguage\":\"cs\",\"@id\":\"https:\\\/\\\/www.suptel.cz\\\/#\\\/schema\\\/logo\\\/image\\\/\",\"url\":\"https:\\\/\\\/www.suptel.cz\\\/wp-content\\\/uploads\\\/2021\\\/07\\\/SUPTel-claim-CZ-color-negativ-yellow-white_300.png\",\"contentUrl\":\"https:\\\/\\\/www.suptel.cz\\\/wp-content\\\/uploads\\\/2021\\\/07\\\/SUPTel-claim-CZ-color-negativ-yellow-white_300.png\",\"width\":307,\"height\":155,\"caption\":\"SUPTel a.s.\"},\"image\":{\"@id\":\"https:\\\/\\\/www.suptel.cz\\\/#\\\/schema\\\/logo\\\/image\\\/\"}}]}<\/script>\n<!-- \/ Yoast SEO plugin. -->","yoast_head_json":{"title":"Sie\u0165ov\u00e9 technol\u00f3gie - suptel.cz","robots":{"index":"index","follow":"follow","max-snippet":"max-snippet:-1","max-image-preview":"max-image-preview:large","max-video-preview":"max-video-preview:-1"},"canonical":"https:\/\/www.suptel.cz\/index.php\/sietove-technologie\/","og_locale":"cs_CZ","og_type":"article","og_title":"Sie\u0165ov\u00e9 technol\u00f3gie - suptel.cz","og_description":"Sie\u0165ov\u00e9 technol\u00f3gie Po\u010d\u00edta\u010dov\u00e1 sie\u0165 je dnes komunika\u010dnou chrbticou ka\u017edej organiz\u00e1cie, \u010di u\u017e s\u00fakromnej firmy alebo \u0161t\u00e1tneho \u00faradu. V&nbsp;odbore sie\u0165ov\u00fdch technol\u00f3gi\u00ed preto poskytujeme odborn\u00e9 slu\u017eby t\u00fdkaj\u00face sa tak samotnej infra\u0161trukt\u00fary, ako aj serverov\u00fdch rie\u0161en\u00ed. Zais\u0165ujeme konfigur\u00e1ciu serverov webov\u00fdch, po\u0161tov\u00fdch (vr\u00e1tane antispamov\u00fdch rie\u0161en\u00ed), proxy a firewallov. V&nbsp;na\u0161ej ponuke nech\u00fdbaj\u00fa ani d\u00e1tov\u00e9 \u00falo\u017eisk\u00e1 (Samba) a VoIP rie\u0161enia (Asterisk). [&hellip;]","og_url":"https:\/\/www.suptel.cz\/index.php\/sietove-technologie\/","og_site_name":"suptel.cz","article_modified_time":"2024-02-05T20:05:35+00:00","og_image":[{"url":"http:\/\/www.suptel.cz\/wp-content\/uploads\/2021\/07\/partneri-1.png","type":"","width":"","height":""}],"twitter_card":"summary_large_image","twitter_misc":{"Odhadovan\u00e1 doba \u010dten\u00ed":"2 minuty"},"schema":{"@context":"https:\/\/schema.org","@graph":[{"@type":"WebPage","@id":"https:\/\/www.suptel.cz\/index.php\/sietove-technologie\/","url":"https:\/\/www.suptel.cz\/index.php\/sietove-technologie\/","name":"Sie\u0165ov\u00e9 technol\u00f3gie - suptel.cz","isPartOf":{"@id":"https:\/\/www.suptel.cz\/#website"},"primaryImageOfPage":{"@id":"https:\/\/www.suptel.cz\/index.php\/sietove-technologie\/#primaryimage"},"image":{"@id":"https:\/\/www.suptel.cz\/index.php\/sietove-technologie\/#primaryimage"},"thumbnailUrl":"http:\/\/www.suptel.cz\/wp-content\/uploads\/2021\/07\/partneri-1.png","datePublished":"2024-02-05T19:59:54+00:00","dateModified":"2024-02-05T20:05:35+00:00","breadcrumb":{"@id":"https:\/\/www.suptel.cz\/index.php\/sietove-technologie\/#breadcrumb"},"inLanguage":"cs","potentialAction":[{"@type":"ReadAction","target":["https:\/\/www.suptel.cz\/index.php\/sietove-technologie\/"]}]},{"@type":"ImageObject","inLanguage":"cs","@id":"https:\/\/www.suptel.cz\/index.php\/sietove-technologie\/#primaryimage","url":"https:\/\/www.suptel.cz\/wp-content\/uploads\/2021\/07\/partneri-1.png","contentUrl":"https:\/\/www.suptel.cz\/wp-content\/uploads\/2021\/07\/partneri-1.png","width":1479,"height":158},{"@type":"BreadcrumbList","@id":"https:\/\/www.suptel.cz\/index.php\/sietove-technologie\/#breadcrumb","itemListElement":[{"@type":"ListItem","position":1,"name":"Dom\u016f","item":"https:\/\/www.suptel.cz\/index.php\/front-page-deutsch\/"},{"@type":"ListItem","position":2,"name":"Sie\u0165ov\u00e9 technol\u00f3gie"}]},{"@type":"WebSite","@id":"https:\/\/www.suptel.cz\/#website","url":"https:\/\/www.suptel.cz\/","name":"suptel.cz","description":"telekomunikace, energetika, stavebnictv\u00ed, doprava a bezpe\u010dnost","publisher":{"@id":"https:\/\/www.suptel.cz\/#organization"},"potentialAction":[{"@type":"SearchAction","target":{"@type":"EntryPoint","urlTemplate":"https:\/\/www.suptel.cz\/?s={search_term_string}"},"query-input":{"@type":"PropertyValueSpecification","valueRequired":true,"valueName":"search_term_string"}}],"inLanguage":"cs"},{"@type":"Organization","@id":"https:\/\/www.suptel.cz\/#organization","name":"SUPTel a.s.","url":"https:\/\/www.suptel.cz\/","logo":{"@type":"ImageObject","inLanguage":"cs","@id":"https:\/\/www.suptel.cz\/#\/schema\/logo\/image\/","url":"https:\/\/www.suptel.cz\/wp-content\/uploads\/2021\/07\/SUPTel-claim-CZ-color-negativ-yellow-white_300.png","contentUrl":"https:\/\/www.suptel.cz\/wp-content\/uploads\/2021\/07\/SUPTel-claim-CZ-color-negativ-yellow-white_300.png","width":307,"height":155,"caption":"SUPTel a.s."},"image":{"@id":"https:\/\/www.suptel.cz\/#\/schema\/logo\/image\/"}}]}},"_links":{"self":[{"href":"https:\/\/www.suptel.cz\/index.php\/wp-json\/wp\/v2\/pages\/11614","targetHints":{"allow":["GET"]}}],"collection":[{"href":"https:\/\/www.suptel.cz\/index.php\/wp-json\/wp\/v2\/pages"}],"about":[{"href":"https:\/\/www.suptel.cz\/index.php\/wp-json\/wp\/v2\/types\/page"}],"author":[{"embeddable":true,"href":"https:\/\/www.suptel.cz\/index.php\/wp-json\/wp\/v2\/users\/1"}],"replies":[{"embeddable":true,"href":"https:\/\/www.suptel.cz\/index.php\/wp-json\/wp\/v2\/comments?post=11614"}],"version-history":[{"count":2,"href":"https:\/\/www.suptel.cz\/index.php\/wp-json\/wp\/v2\/pages\/11614\/revisions"}],"predecessor-version":[{"id":11619,"href":"https:\/\/www.suptel.cz\/index.php\/wp-json\/wp\/v2\/pages\/11614\/revisions\/11619"}],"wp:attachment":[{"href":"https:\/\/www.suptel.cz\/index.php\/wp-json\/wp\/v2\/media?parent=11614"}],"curies":[{"name":"wp","href":"https:\/\/api.w.org\/{rel}","templated":true}]}}