{"id":11816,"date":"2024-02-05T21:27:04","date_gmt":"2024-02-05T21:27:04","guid":{"rendered":"https:\/\/www.suptel.cz\/?page_id=11816"},"modified":"2024-02-05T21:28:51","modified_gmt":"2024-02-05T21:28:51","slug":"viso","status":"publish","type":"page","link":"https:\/\/www.suptel.cz\/index.php\/viso\/","title":{"rendered":"VISO"},"content":{"rendered":"<div data-colibri-id=\"11816-c1\" class=\"style-5998 style-local-11816-c1 position-relative\">\n  <!---->\n  <div data-colibri-component=\"section\" data-colibri-id=\"11816-c2\" id=\"custom\" class=\"h-section h-section-global-spacing d-flex align-items-lg-center align-items-md-center align-items-center style-6003 style-local-11816-c2 position-relative\">\n    <!---->\n    <!---->\n    <div class=\"h-section-grid-container h-section-boxed-container\">\n      <!---->\n      <div data-colibri-id=\"11816-c3\" class=\"h-row-container gutters-row-lg-2 gutters-row-md-2 gutters-row-0 gutters-row-v-lg-2 gutters-row-v-md-2 gutters-row-v-2 style-6004 style-local-11816-c3 position-relative\">\n        <!---->\n        <div class=\"h-row justify-content-lg-center justify-content-md-center justify-content-center align-items-lg-stretch align-items-md-stretch align-items-stretch gutters-col-lg-2 gutters-col-md-2 gutters-col-0 gutters-col-v-lg-2 gutters-col-v-md-2 gutters-col-v-2\">\n          <!---->\n          <div class=\"h-column h-column-container d-flex h-col-lg-auto h-col-md-auto h-col-auto style-6005-outer style-local-11816-c4-outer\">\n            <div data-colibri-id=\"11816-c4\" class=\"d-flex h-flex-basis h-column__inner h-px-lg-2 h-px-md-2 h-px-2 v-inner-lg-2 v-inner-md-2 v-inner-2 style-6005 style-local-11816-c4 position-relative\">\n              <!---->\n              <!---->\n              <div class=\"w-100 h-y-container h-column__content h-column__v-align flex-basis-100 align-self-lg-start align-self-md-start align-self-start\">\n                <!---->\n                <div data-colibri-id=\"11816-c5\" class=\"h-text h-text-component style-6006 style-local-11816-c5 position-relative h-element\">\n                  <!---->\n                  <!---->\n                  <div class=\"\">\n                    <h3>VISO<\/h3>\n                    <p>Varovn\u00fd informa\u010dn\u00fd syst\u00e9m obyvate\u013eov VOX (skr\u00e1tene VISO) je kombin\u00e1cia bezdr\u00f4tov\u00e9ho rozhlasu a syst\u00e9mu varovania obyvate\u013eov. Pom\u00e1ha prostredn\u00edctvom hlasov\u00fdch spr\u00e1v predch\u00e1dza\u0165 ujmam na zdrav\u00ed os\u00f4b a obmedzova\u0165 materi\u00e1lne \u0161kody na majetku.\n                      Syst\u00e9m vyu\u017eij\u00fa najm\u00e4 obce a mest\u00e1, ale uplatnenie n\u00e1jde i&nbsp;v&nbsp;chemick\u00fdch a potravin\u00e1rskych podnikoch. Syst\u00e9m VOX je mo\u017en\u00e9 pripoji\u0165 na celo\u0161t\u00e1tny jednotn\u00fd syst\u00e9m varovania a vyrozumenia obyvate\u013estva.<\/p>\n                    <p>N\u00e1\u0161 syst\u00e9m u\u017e funguje napr\u00edklad vo zv\u00e4zku obc\u00ed Desn\u00e1, Franti\u0161kov\u00fdch L\u00e1z\u0148ach, Doma\u017eliciach, Kralupoch nad Vltavou alebo&nbsp;P\u00edsku.<\/p>\n                    <h3>V\u00fdhody varovn\u00e9ho informa\u010dn\u00e9ho syst\u00e9mu obyvate\u013estva:<\/h3>\n                    <ul>\n                      <li>Predch\u00e1dza ujmam na zdrav\u00ed os\u00f4b i&nbsp;materi\u00e1lnym \u0161kod\u00e1m<\/li>\n                      <li>Hod\u00ed sa pre mal\u00e9 obce, stredn\u00e9 i&nbsp;v\u00e4\u010d\u0161ie mest\u00e1<\/li>\n                      <li>Mo\u017enos\u0165 napojenia na celo\u0161t\u00e1tny jednotn\u00fd syst\u00e9m varovania a vyrozumenia obyvate\u013estva<\/li>\n                      <li>Vhodn\u00fd tie\u017e pre priemyseln\u00e9 podniky, kde doch\u00e1dza k&nbsp;manipul\u00e1cii s&nbsp;nebezpe\u010dn\u00fdmi l\u00e1tkami<\/li>\n                      <li>Je mo\u017en\u00e9 integrova\u0165 s&nbsp;\u010fal\u0161\u00edmi informa\u010dn\u00fdmi, kamerov\u00fdmi syst\u00e9mami a&nbsp;pod.<\/li>\n                    <\/ul>\n                  <\/div>\n                <\/div>\n              <\/div>\n            <\/div>\n          <\/div>\n        <\/div>\n      <\/div>\n    <\/div>\n  <\/div>\n  <div data-colibri-component=\"section\" data-colibri-id=\"11816-c6\" id=\"reusable-sections\" class=\"h-section h-section-global-spacing d-flex align-items-lg-center align-items-md-center align-items-center style-6007 style-local-11816-c6 position-relative\">\n    <!---->\n    <!---->\n    <div class=\"h-section-grid-container h-section-boxed-container\">\n      <!---->\n      <div data-colibri-id=\"11816-c7\" class=\"h-row-container gutters-row-lg-1 gutters-row-md-1 gutters-row-2 gutters-row-v-lg-1 gutters-row-v-md-1 gutters-row-v-2 style-6008 style-local-11816-c7 position-relative\">\n        <!---->\n        <div class=\"h-row justify-content-lg-center justify-content-md-center justify-content-center align-items-lg-stretch align-items-md-stretch align-items-stretch gutters-col-lg-1 gutters-col-md-1 gutters-col-2 gutters-col-v-lg-1 gutters-col-v-md-1 gutters-col-v-2\">\n          <!---->\n          <div class=\"h-column h-column-container d-flex h-col-lg-auto h-col-md-auto h-col-auto style-6009-outer style-local-11816-c8-outer\">\n            <div data-colibri-id=\"11816-c8\" class=\"d-flex h-flex-basis h-column__inner h-px-lg-1 h-px-md-1 h-px-2 v-inner-lg-1 v-inner-md-1 v-inner-2 style-6009 style-local-11816-c8 position-relative\">\n              <!---->\n              <!---->\n              <div class=\"w-100 h-y-container h-column__content h-column__v-align flex-basis-100 align-self-lg-start align-self-md-start align-self-start\">\n                <!---->\n                <div data-colibri-component=\"\" data-colibri-id=\"11816-c9\" class=\"h-photo-gallery margin-none caption-none photo-gallery--with-hover-effect photo-gallery--with-hover-effect--fade-out style-6010 style-local-11816-c9 h-overflow-hidden position-relative h-element\">\n                  <!---->\n                  <div class=\"h-global-transition-all\"><div id='colibri-11816-c9' class='gallery-wrapper'>    <style type=\"text\/css\">\n\n        @media (min-width: 1023px) {        #colibri-11816-c9        dl {\n            float: left;\n            width: 100% !important;\n            max-width: 100% !important;\n            min-width: 100% !important;\n        }\n\n        #colibri-11816-c9        dl:nth-of-type(1n +1 ) {\n            clear: both;\n        }\n\n        }@media (min-width: 768px) and (max-width: 1023px) {        #colibri-11816-c9        dl {\n            float: left;\n            width: 100% !important;\n            max-width: 100% !important;\n            min-width: 100% !important;\n        }\n\n        #colibri-11816-c9        dl:nth-of-type(1n +1 ) {\n            clear: both;\n        }\n\n        }@media (max-width: 767px) {        #colibri-11816-c9        dl {\n            float: left;\n            width: 50% !important;\n            max-width: 50% !important;\n            min-width: 50% !important;\n        }\n\n        #colibri-11816-c9        dl:nth-of-type(2n +1 ) {\n            clear: both;\n        }\n\n        }\n        #colibri-11816-c9        .gallery-item {\n            position: relative;\n        }\n\n        \n    <\/style>\n    <div   class='colibri-11816-c9-dls-wrapper gallery-items-wrapper' ><dl class='gallery-item masonry-item'>\n\t\t\t<dt class='gallery-icon landscape'>\n\t\t\t\t<a data-fancybox=\"colibri-11816-c9-group\" href='https:\/\/www.suptel.cz\/wp-content\/uploads\/2024\/01\/viso_1-1.jpg'><img loading=\"lazy\" decoding=\"async\"  width=\"300\" height=\"189\" src=\"https:\/\/www.suptel.cz\/wp-content\/uploads\/2024\/01\/viso_1-1-300x189.jpg\"  class='colibri-11816-c9-image' alt=\"\" srcset=\"https:\/\/www.suptel.cz\/wp-content\/uploads\/2024\/01\/viso_1-1-300x189.jpg 300w, https:\/\/www.suptel.cz\/wp-content\/uploads\/2024\/01\/viso_1-1-1024x646.jpg 1024w, https:\/\/www.suptel.cz\/wp-content\/uploads\/2024\/01\/viso_1-1-768x485.jpg 768w, https:\/\/www.suptel.cz\/wp-content\/uploads\/2024\/01\/viso_1-1.jpg 1302w\" sizes=\"auto, (max-width: 300px) 100vw, 300px\" \/><\/a>\n\t\t\t<\/dt><\/dl>\n\t\t\t\n\t\t<\/div>\n<style>#colibri-11816-c9 .wp-caption-text.gallery-caption{display:none;}<\/style><\/div><\/div>\n                <\/div>\n              <\/div>\n            <\/div>\n          <\/div>\n        <\/div>\n      <\/div>\n    <\/div>\n  <\/div>\n  <div data-colibri-component=\"section\" data-colibri-id=\"11816-c18\" id=\"reusable-sections-3\" class=\"h-section h-section-global-spacing d-flex align-items-lg-start align-items-md-start align-items-start style-6794 style-local-11816-c18 position-relative\">\n    <!---->\n    <!---->\n    <div class=\"h-section-grid-container h-section-boxed-container\">\n      <div data-colibri-id=\"11816-c23\" class=\"h-row-container gutters-row-lg-1 gutters-row-md-1 gutters-row-0 gutters-row-v-lg-1 gutters-row-v-md-1 gutters-row-v-1 style-6799 style-local-11816-c23 position-relative\">\n        <!---->\n        <div class=\"h-row justify-content-lg-center justify-content-md-center justify-content-center align-items-lg-stretch align-items-md-stretch align-items-stretch gutters-col-lg-1 gutters-col-md-1 gutters-col-0 gutters-col-v-lg-1 gutters-col-v-md-1 gutters-col-v-1\">\n          <!---->\n          <div class=\"h-column h-column-container d-flex h-col-lg-auto h-col-md-auto h-col-auto style-6800-outer style-local-11816-c24-outer\">\n            <div data-colibri-id=\"11816-c24\" class=\"d-flex h-flex-basis h-column__inner h-px-lg-1 h-px-md-1 h-px-1 v-inner-lg-1 v-inner-md-1 v-inner-1 style-6800 style-local-11816-c24 position-relative\">\n              <!---->\n              <!---->\n              <div class=\"w-100 h-y-container h-column__content h-column__v-align flex-basis-100 align-self-lg-start align-self-md-start align-self-start\">\n                <!---->\n                <div data-colibri-id=\"11816-c25\" class=\"h-global-transition-all h-heading style-6801 style-local-11816-c25 position-relative h-element\">\n                  <!---->\n                  <div class=\"h-heading__outer style-6801 style-local-11816-c25\">\n                    <!---->\n                    <!---->\n                    <h3 class=\"\">PARTNERI<\/h3>\n                  <\/div>\n                <\/div>\n              <\/div>\n            <\/div>\n          <\/div>\n        <\/div>\n      <\/div>\n      <div data-colibri-id=\"11816-c19\" class=\"h-row-container gutters-row-lg-0 gutters-row-md-0 gutters-row-0 gutters-row-v-lg-0 gutters-row-v-md-0 gutters-row-v-0 style-6795 style-local-11816-c19 position-relative\">\n        <!---->\n        <div class=\"h-row justify-content-lg-center justify-content-md-center justify-content-center align-items-lg-stretch align-items-md-stretch align-items-stretch gutters-col-lg-0 gutters-col-md-0 gutters-col-0 gutters-col-v-lg-0 gutters-col-v-md-0 gutters-col-v-0\">\n          <!---->\n          <div class=\"h-column h-column-container d-flex h-col-lg-12 h-col-md-12 h-col-12 style-6796-outer style-local-11816-c20-outer\">\n            <div data-colibri-id=\"11816-c20\" class=\"d-flex h-flex-basis h-column__inner h-px-lg-0 h-px-md-0 h-px-0 v-inner-lg-0 v-inner-md-0 v-inner-0 style-6796 style-local-11816-c20 position-relative\">\n              <!---->\n              <!---->\n              <div class=\"w-100 h-y-container h-column__content h-column__v-align flex-basis-100 align-self-lg-start align-self-md-start align-self-start\">\n                <!---->\n                <div data-colibri-id=\"11816-c21\" class=\"d-block style-6797 style-local-11816-c21 position-relative h-element\">\n                  <!---->\n                  <div class=\"h-image__frame-container-outer\">\n                    <div class=\"h-image__frame-container\">\n                      <!---->\n                      <!---->\n                      <img loading=\"lazy\" decoding=\"async\" width=\"1479\" height=\"158\" src=\"http:\/\/www.suptel.cz\/wp-content\/uploads\/2021\/07\/partneri-1.png\" class=\"wp-image-606 style-6797-image style-local-11816-c21-image\" alt=\"\" srcset=\"https:\/\/www.suptel.cz\/wp-content\/uploads\/2021\/07\/partneri-1.png 1479w, https:\/\/www.suptel.cz\/wp-content\/uploads\/2021\/07\/partneri-1-300x32.png 300w, https:\/\/www.suptel.cz\/wp-content\/uploads\/2021\/07\/partneri-1-1024x109.png 1024w, https:\/\/www.suptel.cz\/wp-content\/uploads\/2021\/07\/partneri-1-768x82.png 768w\" sizes=\"auto, (max-width: 1479px) 100vw, 1479px\" \/>\n                      <div class=\"h-image__frame h-hide-lg h-hide-md h-hide-sm style-6797-frameImage style-local-11816-c21-frameImage\"><\/div>\n                    <\/div>\n                  <\/div>\n                <\/div>\n              <\/div>\n            <\/div>\n          <\/div>\n          <div class=\"h-column h-column-container d-flex h-col-lg-12 h-col-md-12 h-col-12 style-6798-outer style-local-11816-c22-outer\">\n            <div data-colibri-id=\"11816-c22\" class=\"d-flex h-flex-basis h-column__inner h-ui-empty-state-container h-px-lg-0 h-px-md-0 h-px-0 v-inner-lg-0 v-inner-md-0 v-inner-0 style-6798 style-local-11816-c22 position-relative\">\n              <!---->\n              <!---->\n              <div class=\"w-100 h-y-container h-column__content h-column__v-align flex-basis-100\">\n                <!---->\n              <\/div>\n            <\/div>\n          <\/div>\n        <\/div>\n      <\/div>\n    <\/div>\n  <\/div>\n<\/div>","protected":false},"excerpt":{"rendered":"<p>VISO Varovn\u00fd informa\u010dn\u00fd syst\u00e9m obyvate\u013eov VOX (skr\u00e1tene VISO) je kombin\u00e1cia bezdr\u00f4tov\u00e9ho rozhlasu a syst\u00e9mu varovania obyvate\u013eov. Pom\u00e1ha prostredn\u00edctvom hlasov\u00fdch spr\u00e1v predch\u00e1dza\u0165 ujmam na zdrav\u00ed os\u00f4b a obmedzova\u0165 materi\u00e1lne \u0161kody na majetku. Syst\u00e9m vyu\u017eij\u00fa najm\u00e4 obce a mest\u00e1, ale uplatnenie n\u00e1jde i&nbsp;v&nbsp;chemick\u00fdch a potravin\u00e1rskych podnikoch. Syst\u00e9m VOX je mo\u017en\u00e9 pripoji\u0165 na celo\u0161t\u00e1tny jednotn\u00fd syst\u00e9m varovania a [&hellip;]<\/p>\n","protected":false},"author":1,"featured_media":0,"parent":0,"menu_order":0,"comment_status":"closed","ping_status":"closed","template":"page-templates\/full-width-page.php","meta":{"footnotes":""},"class_list":["post-11816","page","type-page","status-publish","hentry"],"yoast_head":"<!-- This site is optimized with the Yoast SEO plugin v27.4 - https:\/\/yoast.com\/product\/yoast-seo-wordpress\/ -->\n<title>VISO - suptel.cz<\/title>\n<meta name=\"robots\" content=\"index, follow, max-snippet:-1, max-image-preview:large, max-video-preview:-1\" \/>\n<link rel=\"canonical\" href=\"https:\/\/www.suptel.cz\/index.php\/viso\/\" \/>\n<meta property=\"og:locale\" content=\"cs_CZ\" \/>\n<meta property=\"og:type\" content=\"article\" \/>\n<meta property=\"og:title\" content=\"VISO - suptel.cz\" \/>\n<meta property=\"og:description\" content=\"VISO Varovn\u00fd informa\u010dn\u00fd syst\u00e9m obyvate\u013eov VOX (skr\u00e1tene VISO) je kombin\u00e1cia bezdr\u00f4tov\u00e9ho rozhlasu a syst\u00e9mu varovania obyvate\u013eov. Pom\u00e1ha prostredn\u00edctvom hlasov\u00fdch spr\u00e1v predch\u00e1dza\u0165 ujmam na zdrav\u00ed os\u00f4b a obmedzova\u0165 materi\u00e1lne \u0161kody na majetku. Syst\u00e9m vyu\u017eij\u00fa najm\u00e4 obce a mest\u00e1, ale uplatnenie n\u00e1jde i&nbsp;v&nbsp;chemick\u00fdch a potravin\u00e1rskych podnikoch. Syst\u00e9m VOX je mo\u017en\u00e9 pripoji\u0165 na celo\u0161t\u00e1tny jednotn\u00fd syst\u00e9m varovania a [&hellip;]\" \/>\n<meta property=\"og:url\" content=\"https:\/\/www.suptel.cz\/index.php\/viso\/\" \/>\n<meta property=\"og:site_name\" content=\"suptel.cz\" \/>\n<meta property=\"article:modified_time\" content=\"2024-02-05T21:28:51+00:00\" \/>\n<meta property=\"og:image\" content=\"http:\/\/www.suptel.cz\/wp-content\/uploads\/2021\/07\/partneri-1.png\" \/>\n<meta name=\"twitter:card\" content=\"summary_large_image\" \/>\n<meta name=\"twitter:label1\" content=\"Odhadovan\u00e1 doba \u010dten\u00ed\" \/>\n\t<meta name=\"twitter:data1\" content=\"1 minuta\" \/>\n<script type=\"application\/ld+json\" class=\"yoast-schema-graph\">{\"@context\":\"https:\\\/\\\/schema.org\",\"@graph\":[{\"@type\":\"WebPage\",\"@id\":\"https:\\\/\\\/www.suptel.cz\\\/index.php\\\/viso\\\/\",\"url\":\"https:\\\/\\\/www.suptel.cz\\\/index.php\\\/viso\\\/\",\"name\":\"VISO - suptel.cz\",\"isPartOf\":{\"@id\":\"https:\\\/\\\/www.suptel.cz\\\/#website\"},\"primaryImageOfPage\":{\"@id\":\"https:\\\/\\\/www.suptel.cz\\\/index.php\\\/viso\\\/#primaryimage\"},\"image\":{\"@id\":\"https:\\\/\\\/www.suptel.cz\\\/index.php\\\/viso\\\/#primaryimage\"},\"thumbnailUrl\":\"http:\\\/\\\/www.suptel.cz\\\/wp-content\\\/uploads\\\/2021\\\/07\\\/partneri-1.png\",\"datePublished\":\"2024-02-05T21:27:04+00:00\",\"dateModified\":\"2024-02-05T21:28:51+00:00\",\"breadcrumb\":{\"@id\":\"https:\\\/\\\/www.suptel.cz\\\/index.php\\\/viso\\\/#breadcrumb\"},\"inLanguage\":\"cs\",\"potentialAction\":[{\"@type\":\"ReadAction\",\"target\":[\"https:\\\/\\\/www.suptel.cz\\\/index.php\\\/viso\\\/\"]}]},{\"@type\":\"ImageObject\",\"inLanguage\":\"cs\",\"@id\":\"https:\\\/\\\/www.suptel.cz\\\/index.php\\\/viso\\\/#primaryimage\",\"url\":\"https:\\\/\\\/www.suptel.cz\\\/wp-content\\\/uploads\\\/2021\\\/07\\\/partneri-1.png\",\"contentUrl\":\"https:\\\/\\\/www.suptel.cz\\\/wp-content\\\/uploads\\\/2021\\\/07\\\/partneri-1.png\",\"width\":1479,\"height\":158},{\"@type\":\"BreadcrumbList\",\"@id\":\"https:\\\/\\\/www.suptel.cz\\\/index.php\\\/viso\\\/#breadcrumb\",\"itemListElement\":[{\"@type\":\"ListItem\",\"position\":1,\"name\":\"Dom\u016f\",\"item\":\"https:\\\/\\\/www.suptel.cz\\\/index.php\\\/front-page-deutsch\\\/\"},{\"@type\":\"ListItem\",\"position\":2,\"name\":\"VISO\"}]},{\"@type\":\"WebSite\",\"@id\":\"https:\\\/\\\/www.suptel.cz\\\/#website\",\"url\":\"https:\\\/\\\/www.suptel.cz\\\/\",\"name\":\"suptel.cz\",\"description\":\"telekomunikace, energetika, stavebnictv\u00ed, doprava a bezpe\u010dnost\",\"publisher\":{\"@id\":\"https:\\\/\\\/www.suptel.cz\\\/#organization\"},\"potentialAction\":[{\"@type\":\"SearchAction\",\"target\":{\"@type\":\"EntryPoint\",\"urlTemplate\":\"https:\\\/\\\/www.suptel.cz\\\/?s={search_term_string}\"},\"query-input\":{\"@type\":\"PropertyValueSpecification\",\"valueRequired\":true,\"valueName\":\"search_term_string\"}}],\"inLanguage\":\"cs\"},{\"@type\":\"Organization\",\"@id\":\"https:\\\/\\\/www.suptel.cz\\\/#organization\",\"name\":\"SUPTel a.s.\",\"url\":\"https:\\\/\\\/www.suptel.cz\\\/\",\"logo\":{\"@type\":\"ImageObject\",\"inLanguage\":\"cs\",\"@id\":\"https:\\\/\\\/www.suptel.cz\\\/#\\\/schema\\\/logo\\\/image\\\/\",\"url\":\"https:\\\/\\\/www.suptel.cz\\\/wp-content\\\/uploads\\\/2021\\\/07\\\/SUPTel-claim-CZ-color-negativ-yellow-white_300.png\",\"contentUrl\":\"https:\\\/\\\/www.suptel.cz\\\/wp-content\\\/uploads\\\/2021\\\/07\\\/SUPTel-claim-CZ-color-negativ-yellow-white_300.png\",\"width\":307,\"height\":155,\"caption\":\"SUPTel a.s.\"},\"image\":{\"@id\":\"https:\\\/\\\/www.suptel.cz\\\/#\\\/schema\\\/logo\\\/image\\\/\"}}]}<\/script>\n<!-- \/ Yoast SEO plugin. -->","yoast_head_json":{"title":"VISO - suptel.cz","robots":{"index":"index","follow":"follow","max-snippet":"max-snippet:-1","max-image-preview":"max-image-preview:large","max-video-preview":"max-video-preview:-1"},"canonical":"https:\/\/www.suptel.cz\/index.php\/viso\/","og_locale":"cs_CZ","og_type":"article","og_title":"VISO - suptel.cz","og_description":"VISO Varovn\u00fd informa\u010dn\u00fd syst\u00e9m obyvate\u013eov VOX (skr\u00e1tene VISO) je kombin\u00e1cia bezdr\u00f4tov\u00e9ho rozhlasu a syst\u00e9mu varovania obyvate\u013eov. Pom\u00e1ha prostredn\u00edctvom hlasov\u00fdch spr\u00e1v predch\u00e1dza\u0165 ujmam na zdrav\u00ed os\u00f4b a obmedzova\u0165 materi\u00e1lne \u0161kody na majetku. Syst\u00e9m vyu\u017eij\u00fa najm\u00e4 obce a mest\u00e1, ale uplatnenie n\u00e1jde i&nbsp;v&nbsp;chemick\u00fdch a potravin\u00e1rskych podnikoch. Syst\u00e9m VOX je mo\u017en\u00e9 pripoji\u0165 na celo\u0161t\u00e1tny jednotn\u00fd syst\u00e9m varovania a [&hellip;]","og_url":"https:\/\/www.suptel.cz\/index.php\/viso\/","og_site_name":"suptel.cz","article_modified_time":"2024-02-05T21:28:51+00:00","og_image":[{"url":"http:\/\/www.suptel.cz\/wp-content\/uploads\/2021\/07\/partneri-1.png","type":"","width":"","height":""}],"twitter_card":"summary_large_image","twitter_misc":{"Odhadovan\u00e1 doba \u010dten\u00ed":"1 minuta"},"schema":{"@context":"https:\/\/schema.org","@graph":[{"@type":"WebPage","@id":"https:\/\/www.suptel.cz\/index.php\/viso\/","url":"https:\/\/www.suptel.cz\/index.php\/viso\/","name":"VISO - suptel.cz","isPartOf":{"@id":"https:\/\/www.suptel.cz\/#website"},"primaryImageOfPage":{"@id":"https:\/\/www.suptel.cz\/index.php\/viso\/#primaryimage"},"image":{"@id":"https:\/\/www.suptel.cz\/index.php\/viso\/#primaryimage"},"thumbnailUrl":"http:\/\/www.suptel.cz\/wp-content\/uploads\/2021\/07\/partneri-1.png","datePublished":"2024-02-05T21:27:04+00:00","dateModified":"2024-02-05T21:28:51+00:00","breadcrumb":{"@id":"https:\/\/www.suptel.cz\/index.php\/viso\/#breadcrumb"},"inLanguage":"cs","potentialAction":[{"@type":"ReadAction","target":["https:\/\/www.suptel.cz\/index.php\/viso\/"]}]},{"@type":"ImageObject","inLanguage":"cs","@id":"https:\/\/www.suptel.cz\/index.php\/viso\/#primaryimage","url":"https:\/\/www.suptel.cz\/wp-content\/uploads\/2021\/07\/partneri-1.png","contentUrl":"https:\/\/www.suptel.cz\/wp-content\/uploads\/2021\/07\/partneri-1.png","width":1479,"height":158},{"@type":"BreadcrumbList","@id":"https:\/\/www.suptel.cz\/index.php\/viso\/#breadcrumb","itemListElement":[{"@type":"ListItem","position":1,"name":"Dom\u016f","item":"https:\/\/www.suptel.cz\/index.php\/front-page-deutsch\/"},{"@type":"ListItem","position":2,"name":"VISO"}]},{"@type":"WebSite","@id":"https:\/\/www.suptel.cz\/#website","url":"https:\/\/www.suptel.cz\/","name":"suptel.cz","description":"telekomunikace, energetika, stavebnictv\u00ed, doprava a bezpe\u010dnost","publisher":{"@id":"https:\/\/www.suptel.cz\/#organization"},"potentialAction":[{"@type":"SearchAction","target":{"@type":"EntryPoint","urlTemplate":"https:\/\/www.suptel.cz\/?s={search_term_string}"},"query-input":{"@type":"PropertyValueSpecification","valueRequired":true,"valueName":"search_term_string"}}],"inLanguage":"cs"},{"@type":"Organization","@id":"https:\/\/www.suptel.cz\/#organization","name":"SUPTel a.s.","url":"https:\/\/www.suptel.cz\/","logo":{"@type":"ImageObject","inLanguage":"cs","@id":"https:\/\/www.suptel.cz\/#\/schema\/logo\/image\/","url":"https:\/\/www.suptel.cz\/wp-content\/uploads\/2021\/07\/SUPTel-claim-CZ-color-negativ-yellow-white_300.png","contentUrl":"https:\/\/www.suptel.cz\/wp-content\/uploads\/2021\/07\/SUPTel-claim-CZ-color-negativ-yellow-white_300.png","width":307,"height":155,"caption":"SUPTel a.s."},"image":{"@id":"https:\/\/www.suptel.cz\/#\/schema\/logo\/image\/"}}]}},"_links":{"self":[{"href":"https:\/\/www.suptel.cz\/index.php\/wp-json\/wp\/v2\/pages\/11816","targetHints":{"allow":["GET"]}}],"collection":[{"href":"https:\/\/www.suptel.cz\/index.php\/wp-json\/wp\/v2\/pages"}],"about":[{"href":"https:\/\/www.suptel.cz\/index.php\/wp-json\/wp\/v2\/types\/page"}],"author":[{"embeddable":true,"href":"https:\/\/www.suptel.cz\/index.php\/wp-json\/wp\/v2\/users\/1"}],"replies":[{"embeddable":true,"href":"https:\/\/www.suptel.cz\/index.php\/wp-json\/wp\/v2\/comments?post=11816"}],"version-history":[{"count":2,"href":"https:\/\/www.suptel.cz\/index.php\/wp-json\/wp\/v2\/pages\/11816\/revisions"}],"predecessor-version":[{"id":11821,"href":"https:\/\/www.suptel.cz\/index.php\/wp-json\/wp\/v2\/pages\/11816\/revisions\/11821"}],"wp:attachment":[{"href":"https:\/\/www.suptel.cz\/index.php\/wp-json\/wp\/v2\/media?parent=11816"}],"curies":[{"name":"wp","href":"https:\/\/api.w.org\/{rel}","templated":true}]}}