{"id":12222,"date":"2024-02-06T17:25:05","date_gmt":"2024-02-06T17:25:05","guid":{"rendered":"https:\/\/www.suptel.cz\/?page_id=12222"},"modified":"2024-02-06T17:27:02","modified_gmt":"2024-02-06T17:27:02","slug":"elektro-3","status":"publish","type":"page","link":"https:\/\/www.suptel.cz\/index.php\/elektro-3\/","title":{"rendered":"Elektro"},"content":{"rendered":"<div data-colibri-id=\"12222-c1\" class=\"style-6550 style-local-12222-c1 position-relative\">\n  <!---->\n  <div data-colibri-component=\"section\" data-colibri-id=\"12222-c2\" id=\"custom\" class=\"h-section h-section-global-spacing d-flex align-items-lg-center align-items-md-center align-items-center style-6563 style-local-12222-c2 position-relative\">\n    <!---->\n    <!---->\n    <div class=\"h-section-grid-container h-section-boxed-container\">\n      <!---->\n      <div data-colibri-id=\"12222-c3\" class=\"h-row-container gutters-row-lg-2 gutters-row-md-2 gutters-row-0 gutters-row-v-lg-2 gutters-row-v-md-2 gutters-row-v-2 style-6564 style-local-12222-c3 position-relative\">\n        <!---->\n        <div class=\"h-row justify-content-lg-center justify-content-md-center justify-content-center align-items-lg-stretch align-items-md-stretch align-items-stretch gutters-col-lg-2 gutters-col-md-2 gutters-col-0 gutters-col-v-lg-2 gutters-col-v-md-2 gutters-col-v-2\">\n          <!---->\n          <div class=\"h-column h-column-container d-flex h-col-lg-auto h-col-md-auto h-col-auto style-6565-outer style-local-12222-c4-outer\">\n            <div data-colibri-id=\"12222-c4\" class=\"d-flex h-flex-basis h-column__inner h-px-lg-2 h-px-md-2 h-px-2 v-inner-lg-2 v-inner-md-2 v-inner-2 style-6565 style-local-12222-c4 position-relative\">\n              <!---->\n              <!---->\n              <div class=\"w-100 h-y-container h-column__content h-column__v-align flex-basis-100 align-self-lg-start align-self-md-start align-self-start\">\n                <!---->\n                <div data-colibri-id=\"12222-c5\" class=\"h-text h-text-component style-6566 style-local-12222-c5 position-relative h-element\">\n                  <!---->\n                  <!---->\n                  <div class=\"\">\n                    <h3>Elektro<\/h3>\n                    <p>Unsere Division Elektro liefert und montiert komplette Kabelkomplexe f\u00fcr Hoch- und Niederspannun\u00adgsnetze und liefert und komplettiert Verteiler und Schaltschr\u00e4nke f\u00fcr diese Netze. Wir sind ebenfalls Rahmenauftragnehmer der Firma \u010cEZ\n                      im Bereich Bau und Sanierung von HS-, NS- und Gro\u00dfabnehmer-Netzen. Mit unseren B\u00fcros sind wir in Rokycany, Kralovice und Mari\u00e1nsk\u00e9 L\u00e1zn\u011b vertreten.<\/p>\n                    <p><em>Zu unseren wichtigen Kunden geh\u00f6ren derzeit die Gruppe Eurovia CS, STRABAG a.s., SWIETELSKY stavebn\u00ed s.r.o. oder die Stadt&nbsp;Plze\u0148.<\/em><\/p>\n                    <h3>Unsere weiteren Dienstleistungen im Bereich Elektroenergi\u00adetechnik:<\/h3>\n                    <ul>\n                      <li>Bau von Transformatoren\u00adstationen inkl. Service und Bedienung 22\/0,4&nbsp;kV&nbsp;\u2013 Kasten-, Mast-, Einbautrafo<\/li>\n                      <li>Installation von \u00dcberwachungssys\u00adtemen in Stromwerken und Trafostationen<\/li>\n                      <li>Sicherstellung der Leistungsregelung in Stromwerken nach Anforderungen der&nbsp;\u010cEZ.<\/li>\n                      <li>Bau, Sanierung und Betriebswartung der \u00f6ffentlichen Beleuchtung, LED-Technologie<\/li>\n                      <li>Au\u00dfenbeleuchtung von Geb\u00e4uden, LED-Technologie<\/li>\n                      <li>Industrie-, Hotel- Wohn- und Bau-Elektroinstalla\u00adtionen<\/li>\n                      <li>Blitzableiter und Erdungssysteme<\/li>\n                      <li>Mess- und Steuerungssysteme, automatische Geb\u00e4udesteuerun\u00adgssysteme (Geb\u00e4udeautomation)<\/li>\n                      <li>Antennenverte\u00adilungen f\u00fcr Rundfunk und Fernsehen<\/li>\n                      <li>Umlegung der Kommunikation\u00adsleitungen, einschl. Planung und Vermessung<\/li>\n                      <li>Elektronische Sicherheitssysteme und elektronische Brandschutzsysteme&nbsp;\u2013 Kabelf\u00fchrung<\/li>\n                      <li>Kamerasysteme&nbsp;\u2013 Kabelf\u00fchrung<\/li>\n                      <li>Informationstechno\u00adlogie&nbsp;\u2013 strukturierte Kabelf\u00fchrung<\/li>\n                      <li>Durchf\u00fchrung von Spannungspr\u00fcfungen und Elektrorevisionen<\/li>\n                      <li>Planung, Engineering, \u00f6ffentlich-rechtliche Er\u00f6rterung und Vertr\u00e4ge \u00fcber Errichtung von Grundst\u00fcckslasten<\/li>\n                    <\/ul>\n                    <p>\n                      <br>\n                    <\/p>\n                  <\/div>\n                <\/div>\n              <\/div>\n            <\/div>\n          <\/div>\n        <\/div>\n      <\/div>\n    <\/div>\n  <\/div>\n  <div data-colibri-component=\"section\" data-colibri-id=\"12222-c6\" id=\"reusable-sections-4\" class=\"h-section h-section-global-spacing d-flex align-items-lg-center align-items-md-center align-items-center style-6579 style-local-12222-c6 position-relative\">\n    <!---->\n    <!---->\n    <div class=\"h-section-grid-container h-section-boxed-container\">\n      <!---->\n      <div data-colibri-id=\"12222-c7\" class=\"h-row-container gutters-row-lg-1 gutters-row-md-1 gutters-row-2 gutters-row-v-lg-1 gutters-row-v-md-1 gutters-row-v-2 style-6580 style-local-12222-c7 position-relative\">\n        <!---->\n        <div class=\"h-row justify-content-lg-center justify-content-md-center justify-content-center align-items-lg-stretch align-items-md-stretch align-items-stretch gutters-col-lg-1 gutters-col-md-1 gutters-col-2 gutters-col-v-lg-1 gutters-col-v-md-1 gutters-col-v-2\">\n          <!---->\n          <div class=\"h-column h-column-container d-flex h-col-lg-auto h-col-md-auto h-col-auto style-6581-outer style-local-12222-c8-outer\">\n            <div data-colibri-id=\"12222-c8\" class=\"d-flex h-flex-basis h-column__inner h-px-lg-1 h-px-md-1 h-px-2 v-inner-lg-1 v-inner-md-1 v-inner-2 style-6581 style-local-12222-c8 position-relative\">\n              <!---->\n              <!---->\n              <div class=\"w-100 h-y-container h-column__content h-column__v-align flex-basis-100 align-self-lg-start align-self-md-start align-self-start\">\n                <!---->\n                <div data-colibri-component=\"\" data-colibri-id=\"12222-c9\" class=\"h-photo-gallery margin-none caption-none photo-gallery--with-hover-effect photo-gallery--with-hover-effect--fade-out style-6582 style-local-12222-c9 h-overflow-hidden position-relative h-element\">\n                  <!---->\n                  <div class=\"h-global-transition-all caption-wrapper-full\"><div id='colibri-12222-c9' class='gallery-wrapper'>    <style type=\"text\/css\">\n\n        @media (min-width: 1023px) {        #colibri-12222-c9        dl {\n            float: left;\n            width: 12.5% !important;\n            max-width: 12.5% !important;\n            min-width: 12.5% !important;\n        }\n\n        #colibri-12222-c9        dl:nth-of-type(8n +1 ) {\n            clear: both;\n        }\n\n        }@media (min-width: 768px) and (max-width: 1023px) {        #colibri-12222-c9        dl {\n            float: left;\n            width: 12.5% !important;\n            max-width: 12.5% !important;\n            min-width: 12.5% !important;\n        }\n\n        #colibri-12222-c9        dl:nth-of-type(8n +1 ) {\n            clear: both;\n        }\n\n        }@media (max-width: 767px) {        #colibri-12222-c9        dl {\n            float: left;\n            width: 50% !important;\n            max-width: 50% !important;\n            min-width: 50% !important;\n        }\n\n        #colibri-12222-c9        dl:nth-of-type(2n +1 ) {\n            clear: both;\n        }\n\n        }\n        #colibri-12222-c9        .gallery-item {\n            position: relative;\n        }\n\n        \n    <\/style>\n    <div   class='colibri-12222-c9-dls-wrapper gallery-items-wrapper' ><dl class='gallery-item masonry-item'>\n\t\t\t<dt class='gallery-icon landscape'>\n\t\t\t\t<a data-fancybox=\"colibri-12222-c9-group\" href='https:\/\/www.suptel.cz\/wp-content\/uploads\/2024\/02\/elektro_1.jpg'><img loading=\"lazy\" decoding=\"async\"  width=\"150\" height=\"150\" src=\"https:\/\/www.suptel.cz\/wp-content\/uploads\/2024\/02\/elektro_1-150x150.jpg\"  class='colibri-12222-c9-image' alt=\"\" \/><\/a>\n\t\t\t<\/dt><\/dl><dl class='gallery-item masonry-item'>\n\t\t\t<dt class='gallery-icon landscape'>\n\t\t\t\t<a data-fancybox=\"colibri-12222-c9-group\" href='https:\/\/www.suptel.cz\/wp-content\/uploads\/2024\/02\/elektro_2.jpg'><img loading=\"lazy\" decoding=\"async\"  width=\"150\" height=\"150\" src=\"https:\/\/www.suptel.cz\/wp-content\/uploads\/2024\/02\/elektro_2-150x150.jpg\"  class='colibri-12222-c9-image' alt=\"\" \/><\/a>\n\t\t\t<\/dt><\/dl><dl class='gallery-item masonry-item'>\n\t\t\t<dt class='gallery-icon landscape'>\n\t\t\t\t<a data-fancybox=\"colibri-12222-c9-group\" href='https:\/\/www.suptel.cz\/wp-content\/uploads\/2024\/02\/elektro_3.jpg'><img loading=\"lazy\" decoding=\"async\"  width=\"150\" height=\"150\" src=\"https:\/\/www.suptel.cz\/wp-content\/uploads\/2024\/02\/elektro_3-150x150.jpg\"  class='colibri-12222-c9-image' alt=\"\" \/><\/a>\n\t\t\t<\/dt><\/dl><dl class='gallery-item masonry-item'>\n\t\t\t<dt class='gallery-icon landscape'>\n\t\t\t\t<a data-fancybox=\"colibri-12222-c9-group\" href='https:\/\/www.suptel.cz\/wp-content\/uploads\/2024\/02\/elektro_4.jpg'><img loading=\"lazy\" decoding=\"async\"  width=\"150\" height=\"150\" src=\"https:\/\/www.suptel.cz\/wp-content\/uploads\/2024\/02\/elektro_4-150x150.jpg\"  class='colibri-12222-c9-image' alt=\"\" \/><\/a>\n\t\t\t<\/dt><\/dl><dl class='gallery-item masonry-item'>\n\t\t\t<dt class='gallery-icon landscape'>\n\t\t\t\t<a data-fancybox=\"colibri-12222-c9-group\" href='https:\/\/www.suptel.cz\/wp-content\/uploads\/2024\/02\/elektro_5.jpg'><img loading=\"lazy\" decoding=\"async\"  width=\"150\" height=\"150\" src=\"https:\/\/www.suptel.cz\/wp-content\/uploads\/2024\/02\/elektro_5-150x150.jpg\"  class='colibri-12222-c9-image' alt=\"\" \/><\/a>\n\t\t\t<\/dt><\/dl><dl class='gallery-item masonry-item'>\n\t\t\t<dt class='gallery-icon landscape'>\n\t\t\t\t<a data-fancybox=\"colibri-12222-c9-group\" href='https:\/\/www.suptel.cz\/wp-content\/uploads\/2024\/02\/elektro_6.jpg'><img loading=\"lazy\" decoding=\"async\"  width=\"150\" height=\"150\" src=\"https:\/\/www.suptel.cz\/wp-content\/uploads\/2024\/02\/elektro_6-150x150.jpg\"  class='colibri-12222-c9-image' alt=\"\" \/><\/a>\n\t\t\t<\/dt><\/dl><dl class='gallery-item masonry-item'>\n\t\t\t<dt class='gallery-icon portrait'>\n\t\t\t\t<a data-fancybox=\"colibri-12222-c9-group\" href='https:\/\/www.suptel.cz\/wp-content\/uploads\/2024\/02\/elektro_7.jpg'><img loading=\"lazy\" decoding=\"async\"  width=\"150\" height=\"150\" src=\"https:\/\/www.suptel.cz\/wp-content\/uploads\/2024\/02\/elektro_7-150x150.jpg\"  class='colibri-12222-c9-image' alt=\"\" \/><\/a>\n\t\t\t<\/dt><\/dl><dl class='gallery-item masonry-item'>\n\t\t\t<dt class='gallery-icon landscape'>\n\t\t\t\t<a data-fancybox=\"colibri-12222-c9-group\" href='https:\/\/www.suptel.cz\/wp-content\/uploads\/2024\/02\/elektro_8.jpg'><img loading=\"lazy\" decoding=\"async\"  width=\"150\" height=\"150\" src=\"https:\/\/www.suptel.cz\/wp-content\/uploads\/2024\/02\/elektro_8-150x150.jpg\"  class='colibri-12222-c9-image' alt=\"\" \/><\/a>\n\t\t\t<\/dt><\/dl>\n\t\t<\/div>\n<style>#colibri-12222-c9 .wp-caption-text.gallery-caption{display:none;}<\/style><\/div><\/div>\n                <\/div>\n              <\/div>\n            <\/div>\n          <\/div>\n        <\/div>\n      <\/div>\n    <\/div>\n  <\/div>\n  <div data-colibri-component=\"section\" data-colibri-id=\"12222-c10\" id=\"reusable-sections-5\" class=\"h-section h-section-global-spacing d-flex align-items-lg-start align-items-md-start align-items-start style-6583 style-local-12222-c10 position-relative\">\n    <!---->\n    <!---->\n    <div class=\"h-section-grid-container h-section-boxed-container\">\n      <div data-colibri-id=\"12222-c15\" class=\"h-row-container gutters-row-lg-1 gutters-row-md-1 gutters-row-0 gutters-row-v-lg-1 gutters-row-v-md-1 gutters-row-v-1 style-6588 style-local-12222-c15 position-relative\">\n        <!---->\n        <div class=\"h-row justify-content-lg-center justify-content-md-center justify-content-center align-items-lg-stretch align-items-md-stretch align-items-stretch gutters-col-lg-1 gutters-col-md-1 gutters-col-0 gutters-col-v-lg-1 gutters-col-v-md-1 gutters-col-v-1\">\n          <!---->\n          <div class=\"h-column h-column-container d-flex h-col-lg-auto h-col-md-auto h-col-auto style-6589-outer style-local-12222-c16-outer\">\n            <div data-colibri-id=\"12222-c16\" class=\"d-flex h-flex-basis h-column__inner h-px-lg-1 h-px-md-1 h-px-1 v-inner-lg-1 v-inner-md-1 v-inner-1 style-6589 style-local-12222-c16 position-relative\">\n              <!---->\n              <!---->\n              <div class=\"w-100 h-y-container h-column__content h-column__v-align flex-basis-100 align-self-lg-start align-self-md-start align-self-start\">\n                <!---->\n                <div data-colibri-id=\"12222-c17\" class=\"h-global-transition-all h-heading style-6590 style-local-12222-c17 position-relative h-element\">\n                  <!---->\n                  <div class=\"h-heading__outer style-6590 style-local-12222-c17\">\n                    <!---->\n                    <!---->\n                    <h3 class=\"\">PARTNER<\/h3>\n                  <\/div>\n                <\/div>\n              <\/div>\n            <\/div>\n          <\/div>\n        <\/div>\n      <\/div>\n      <div data-colibri-id=\"12222-c11\" class=\"h-row-container gutters-row-lg-0 gutters-row-md-0 gutters-row-0 gutters-row-v-lg-0 gutters-row-v-md-0 gutters-row-v-0 style-6584 style-local-12222-c11 position-relative\">\n        <!---->\n        <div class=\"h-row justify-content-lg-center justify-content-md-center justify-content-center align-items-lg-stretch align-items-md-stretch align-items-stretch gutters-col-lg-0 gutters-col-md-0 gutters-col-0 gutters-col-v-lg-0 gutters-col-v-md-0 gutters-col-v-0\">\n          <!---->\n          <div class=\"h-column h-column-container d-flex h-col-lg-12 h-col-md-12 h-col-12 style-6585-outer style-local-12222-c12-outer\">\n            <div data-colibri-id=\"12222-c12\" class=\"d-flex h-flex-basis h-column__inner h-px-lg-0 h-px-md-0 h-px-0 v-inner-lg-0 v-inner-md-0 v-inner-0 style-6585 style-local-12222-c12 position-relative\">\n              <!---->\n              <!---->\n              <div class=\"w-100 h-y-container h-column__content h-column__v-align flex-basis-100 align-self-lg-start align-self-md-start align-self-start\">\n                <!---->\n                <div data-colibri-id=\"12222-c13\" class=\"d-block style-6586 style-local-12222-c13 position-relative h-element\">\n                  <!---->\n                  <div class=\"h-image__frame-container-outer\">\n                    <div class=\"h-image__frame-container\">\n                      <!---->\n                      <!---->\n                      <img loading=\"lazy\" decoding=\"async\" width=\"1479\" height=\"158\" src=\"http:\/\/www.suptel.cz\/wp-content\/uploads\/2021\/07\/partneri-1.png\" class=\"wp-image-606 style-6586-image style-local-12222-c13-image\" alt=\"\" srcset=\"https:\/\/www.suptel.cz\/wp-content\/uploads\/2021\/07\/partneri-1.png 1479w, https:\/\/www.suptel.cz\/wp-content\/uploads\/2021\/07\/partneri-1-300x32.png 300w, https:\/\/www.suptel.cz\/wp-content\/uploads\/2021\/07\/partneri-1-1024x109.png 1024w, https:\/\/www.suptel.cz\/wp-content\/uploads\/2021\/07\/partneri-1-768x82.png 768w\" sizes=\"auto, (max-width: 1479px) 100vw, 1479px\" \/>\n                      <div class=\"h-image__frame h-hide-lg h-hide-md h-hide-sm style-6586-frameImage style-local-12222-c13-frameImage\"><\/div>\n                    <\/div>\n                  <\/div>\n                <\/div>\n              <\/div>\n            <\/div>\n          <\/div>\n          <div class=\"h-column h-column-container d-flex h-col-lg-12 h-col-md-12 h-col-12 style-6587-outer style-local-12222-c14-outer\">\n            <div data-colibri-id=\"12222-c14\" class=\"d-flex h-flex-basis h-column__inner h-ui-empty-state-container h-px-lg-0 h-px-md-0 h-px-0 v-inner-lg-0 v-inner-md-0 v-inner-0 style-6587 style-local-12222-c14 position-relative\">\n              <!---->\n              <!---->\n              <div class=\"w-100 h-y-container h-column__content h-column__v-align flex-basis-100\">\n                <!---->\n              <\/div>\n            <\/div>\n          <\/div>\n        <\/div>\n      <\/div>\n    <\/div>\n  <\/div>\n<\/div>","protected":false},"excerpt":{"rendered":"<p>Elektro Unsere Division Elektro liefert und montiert komplette Kabelkomplexe f\u00fcr Hoch- und Niederspannun\u00adgsnetze und liefert und komplettiert Verteiler und Schaltschr\u00e4nke f\u00fcr diese Netze. Wir sind ebenfalls Rahmenauftragnehmer der Firma \u010cEZ im Bereich Bau und Sanierung von HS-, NS- und Gro\u00dfabnehmer-Netzen. Mit unseren B\u00fcros sind wir in Rokycany, Kralovice und Mari\u00e1nsk\u00e9 L\u00e1zn\u011b vertreten. Zu unseren wichtigen [&hellip;]<\/p>\n","protected":false},"author":1,"featured_media":0,"parent":0,"menu_order":0,"comment_status":"closed","ping_status":"closed","template":"page-templates\/full-width-page.php","meta":{"footnotes":""},"class_list":["post-12222","page","type-page","status-publish","hentry"],"yoast_head":"<!-- This site is optimized with the Yoast SEO plugin v27.4 - https:\/\/yoast.com\/product\/yoast-seo-wordpress\/ -->\n<title>Elektro - suptel.cz<\/title>\n<meta name=\"robots\" content=\"index, follow, max-snippet:-1, max-image-preview:large, max-video-preview:-1\" \/>\n<link rel=\"canonical\" href=\"https:\/\/www.suptel.cz\/index.php\/elektro-3\/\" \/>\n<meta property=\"og:locale\" content=\"cs_CZ\" \/>\n<meta property=\"og:type\" content=\"article\" \/>\n<meta property=\"og:title\" content=\"Elektro - suptel.cz\" \/>\n<meta property=\"og:description\" content=\"Elektro Unsere Division Elektro liefert und montiert komplette Kabelkomplexe f\u00fcr Hoch- und Niederspannun\u00adgsnetze und liefert und komplettiert Verteiler und Schaltschr\u00e4nke f\u00fcr diese Netze. Wir sind ebenfalls Rahmenauftragnehmer der Firma \u010cEZ im Bereich Bau und Sanierung von HS-, NS- und Gro\u00dfabnehmer-Netzen. Mit unseren B\u00fcros sind wir in Rokycany, Kralovice und Mari\u00e1nsk\u00e9 L\u00e1zn\u011b vertreten. Zu unseren wichtigen [&hellip;]\" \/>\n<meta property=\"og:url\" content=\"https:\/\/www.suptel.cz\/index.php\/elektro-3\/\" \/>\n<meta property=\"og:site_name\" content=\"suptel.cz\" \/>\n<meta property=\"article:modified_time\" content=\"2024-02-06T17:27:02+00:00\" \/>\n<meta property=\"og:image\" content=\"http:\/\/www.suptel.cz\/wp-content\/uploads\/2021\/07\/partneri-1.png\" \/>\n<meta name=\"twitter:card\" content=\"summary_large_image\" \/>\n<meta name=\"twitter:label1\" content=\"Odhadovan\u00e1 doba \u010dten\u00ed\" \/>\n\t<meta name=\"twitter:data1\" content=\"1 minuta\" \/>\n<script type=\"application\/ld+json\" class=\"yoast-schema-graph\">{\"@context\":\"https:\\\/\\\/schema.org\",\"@graph\":[{\"@type\":\"WebPage\",\"@id\":\"https:\\\/\\\/www.suptel.cz\\\/index.php\\\/elektro-3\\\/\",\"url\":\"https:\\\/\\\/www.suptel.cz\\\/index.php\\\/elektro-3\\\/\",\"name\":\"Elektro - suptel.cz\",\"isPartOf\":{\"@id\":\"https:\\\/\\\/www.suptel.cz\\\/#website\"},\"primaryImageOfPage\":{\"@id\":\"https:\\\/\\\/www.suptel.cz\\\/index.php\\\/elektro-3\\\/#primaryimage\"},\"image\":{\"@id\":\"https:\\\/\\\/www.suptel.cz\\\/index.php\\\/elektro-3\\\/#primaryimage\"},\"thumbnailUrl\":\"http:\\\/\\\/www.suptel.cz\\\/wp-content\\\/uploads\\\/2021\\\/07\\\/partneri-1.png\",\"datePublished\":\"2024-02-06T17:25:05+00:00\",\"dateModified\":\"2024-02-06T17:27:02+00:00\",\"breadcrumb\":{\"@id\":\"https:\\\/\\\/www.suptel.cz\\\/index.php\\\/elektro-3\\\/#breadcrumb\"},\"inLanguage\":\"cs\",\"potentialAction\":[{\"@type\":\"ReadAction\",\"target\":[\"https:\\\/\\\/www.suptel.cz\\\/index.php\\\/elektro-3\\\/\"]}]},{\"@type\":\"ImageObject\",\"inLanguage\":\"cs\",\"@id\":\"https:\\\/\\\/www.suptel.cz\\\/index.php\\\/elektro-3\\\/#primaryimage\",\"url\":\"https:\\\/\\\/www.suptel.cz\\\/wp-content\\\/uploads\\\/2021\\\/07\\\/partneri-1.png\",\"contentUrl\":\"https:\\\/\\\/www.suptel.cz\\\/wp-content\\\/uploads\\\/2021\\\/07\\\/partneri-1.png\",\"width\":1479,\"height\":158},{\"@type\":\"BreadcrumbList\",\"@id\":\"https:\\\/\\\/www.suptel.cz\\\/index.php\\\/elektro-3\\\/#breadcrumb\",\"itemListElement\":[{\"@type\":\"ListItem\",\"position\":1,\"name\":\"Dom\u016f\",\"item\":\"https:\\\/\\\/www.suptel.cz\\\/index.php\\\/front-page-deutsch\\\/\"},{\"@type\":\"ListItem\",\"position\":2,\"name\":\"Elektro\"}]},{\"@type\":\"WebSite\",\"@id\":\"https:\\\/\\\/www.suptel.cz\\\/#website\",\"url\":\"https:\\\/\\\/www.suptel.cz\\\/\",\"name\":\"suptel.cz\",\"description\":\"telekomunikace, energetika, stavebnictv\u00ed, doprava a bezpe\u010dnost\",\"publisher\":{\"@id\":\"https:\\\/\\\/www.suptel.cz\\\/#organization\"},\"potentialAction\":[{\"@type\":\"SearchAction\",\"target\":{\"@type\":\"EntryPoint\",\"urlTemplate\":\"https:\\\/\\\/www.suptel.cz\\\/?s={search_term_string}\"},\"query-input\":{\"@type\":\"PropertyValueSpecification\",\"valueRequired\":true,\"valueName\":\"search_term_string\"}}],\"inLanguage\":\"cs\"},{\"@type\":\"Organization\",\"@id\":\"https:\\\/\\\/www.suptel.cz\\\/#organization\",\"name\":\"SUPTel a.s.\",\"url\":\"https:\\\/\\\/www.suptel.cz\\\/\",\"logo\":{\"@type\":\"ImageObject\",\"inLanguage\":\"cs\",\"@id\":\"https:\\\/\\\/www.suptel.cz\\\/#\\\/schema\\\/logo\\\/image\\\/\",\"url\":\"https:\\\/\\\/www.suptel.cz\\\/wp-content\\\/uploads\\\/2021\\\/07\\\/SUPTel-claim-CZ-color-negativ-yellow-white_300.png\",\"contentUrl\":\"https:\\\/\\\/www.suptel.cz\\\/wp-content\\\/uploads\\\/2021\\\/07\\\/SUPTel-claim-CZ-color-negativ-yellow-white_300.png\",\"width\":307,\"height\":155,\"caption\":\"SUPTel a.s.\"},\"image\":{\"@id\":\"https:\\\/\\\/www.suptel.cz\\\/#\\\/schema\\\/logo\\\/image\\\/\"}}]}<\/script>\n<!-- \/ Yoast SEO plugin. -->","yoast_head_json":{"title":"Elektro - suptel.cz","robots":{"index":"index","follow":"follow","max-snippet":"max-snippet:-1","max-image-preview":"max-image-preview:large","max-video-preview":"max-video-preview:-1"},"canonical":"https:\/\/www.suptel.cz\/index.php\/elektro-3\/","og_locale":"cs_CZ","og_type":"article","og_title":"Elektro - suptel.cz","og_description":"Elektro Unsere Division Elektro liefert und montiert komplette Kabelkomplexe f\u00fcr Hoch- und Niederspannun\u00adgsnetze und liefert und komplettiert Verteiler und Schaltschr\u00e4nke f\u00fcr diese Netze. Wir sind ebenfalls Rahmenauftragnehmer der Firma \u010cEZ im Bereich Bau und Sanierung von HS-, NS- und Gro\u00dfabnehmer-Netzen. Mit unseren B\u00fcros sind wir in Rokycany, Kralovice und Mari\u00e1nsk\u00e9 L\u00e1zn\u011b vertreten. Zu unseren wichtigen [&hellip;]","og_url":"https:\/\/www.suptel.cz\/index.php\/elektro-3\/","og_site_name":"suptel.cz","article_modified_time":"2024-02-06T17:27:02+00:00","og_image":[{"url":"http:\/\/www.suptel.cz\/wp-content\/uploads\/2021\/07\/partneri-1.png","type":"","width":"","height":""}],"twitter_card":"summary_large_image","twitter_misc":{"Odhadovan\u00e1 doba \u010dten\u00ed":"1 minuta"},"schema":{"@context":"https:\/\/schema.org","@graph":[{"@type":"WebPage","@id":"https:\/\/www.suptel.cz\/index.php\/elektro-3\/","url":"https:\/\/www.suptel.cz\/index.php\/elektro-3\/","name":"Elektro - suptel.cz","isPartOf":{"@id":"https:\/\/www.suptel.cz\/#website"},"primaryImageOfPage":{"@id":"https:\/\/www.suptel.cz\/index.php\/elektro-3\/#primaryimage"},"image":{"@id":"https:\/\/www.suptel.cz\/index.php\/elektro-3\/#primaryimage"},"thumbnailUrl":"http:\/\/www.suptel.cz\/wp-content\/uploads\/2021\/07\/partneri-1.png","datePublished":"2024-02-06T17:25:05+00:00","dateModified":"2024-02-06T17:27:02+00:00","breadcrumb":{"@id":"https:\/\/www.suptel.cz\/index.php\/elektro-3\/#breadcrumb"},"inLanguage":"cs","potentialAction":[{"@type":"ReadAction","target":["https:\/\/www.suptel.cz\/index.php\/elektro-3\/"]}]},{"@type":"ImageObject","inLanguage":"cs","@id":"https:\/\/www.suptel.cz\/index.php\/elektro-3\/#primaryimage","url":"https:\/\/www.suptel.cz\/wp-content\/uploads\/2021\/07\/partneri-1.png","contentUrl":"https:\/\/www.suptel.cz\/wp-content\/uploads\/2021\/07\/partneri-1.png","width":1479,"height":158},{"@type":"BreadcrumbList","@id":"https:\/\/www.suptel.cz\/index.php\/elektro-3\/#breadcrumb","itemListElement":[{"@type":"ListItem","position":1,"name":"Dom\u016f","item":"https:\/\/www.suptel.cz\/index.php\/front-page-deutsch\/"},{"@type":"ListItem","position":2,"name":"Elektro"}]},{"@type":"WebSite","@id":"https:\/\/www.suptel.cz\/#website","url":"https:\/\/www.suptel.cz\/","name":"suptel.cz","description":"telekomunikace, energetika, stavebnictv\u00ed, doprava a bezpe\u010dnost","publisher":{"@id":"https:\/\/www.suptel.cz\/#organization"},"potentialAction":[{"@type":"SearchAction","target":{"@type":"EntryPoint","urlTemplate":"https:\/\/www.suptel.cz\/?s={search_term_string}"},"query-input":{"@type":"PropertyValueSpecification","valueRequired":true,"valueName":"search_term_string"}}],"inLanguage":"cs"},{"@type":"Organization","@id":"https:\/\/www.suptel.cz\/#organization","name":"SUPTel a.s.","url":"https:\/\/www.suptel.cz\/","logo":{"@type":"ImageObject","inLanguage":"cs","@id":"https:\/\/www.suptel.cz\/#\/schema\/logo\/image\/","url":"https:\/\/www.suptel.cz\/wp-content\/uploads\/2021\/07\/SUPTel-claim-CZ-color-negativ-yellow-white_300.png","contentUrl":"https:\/\/www.suptel.cz\/wp-content\/uploads\/2021\/07\/SUPTel-claim-CZ-color-negativ-yellow-white_300.png","width":307,"height":155,"caption":"SUPTel a.s."},"image":{"@id":"https:\/\/www.suptel.cz\/#\/schema\/logo\/image\/"}}]}},"_links":{"self":[{"href":"https:\/\/www.suptel.cz\/index.php\/wp-json\/wp\/v2\/pages\/12222","targetHints":{"allow":["GET"]}}],"collection":[{"href":"https:\/\/www.suptel.cz\/index.php\/wp-json\/wp\/v2\/pages"}],"about":[{"href":"https:\/\/www.suptel.cz\/index.php\/wp-json\/wp\/v2\/types\/page"}],"author":[{"embeddable":true,"href":"https:\/\/www.suptel.cz\/index.php\/wp-json\/wp\/v2\/users\/1"}],"replies":[{"embeddable":true,"href":"https:\/\/www.suptel.cz\/index.php\/wp-json\/wp\/v2\/comments?post=12222"}],"version-history":[{"count":2,"href":"https:\/\/www.suptel.cz\/index.php\/wp-json\/wp\/v2\/pages\/12222\/revisions"}],"predecessor-version":[{"id":12227,"href":"https:\/\/www.suptel.cz\/index.php\/wp-json\/wp\/v2\/pages\/12222\/revisions\/12227"}],"wp:attachment":[{"href":"https:\/\/www.suptel.cz\/index.php\/wp-json\/wp\/v2\/media?parent=12222"}],"curies":[{"name":"wp","href":"https:\/\/api.w.org\/{rel}","templated":true}]}}