{"id":12337,"date":"2024-02-06T18:12:21","date_gmt":"2024-02-06T18:12:21","guid":{"rendered":"https:\/\/www.suptel.cz\/?page_id=12337"},"modified":"2024-02-07T21:34:01","modified_gmt":"2024-02-07T21:34:01","slug":"ueber-die-gesellschaft","status":"publish","type":"page","link":"https:\/\/www.suptel.cz\/index.php\/ueber-die-gesellschaft\/","title":{"rendered":"\u00dcber die Gesellschaft"},"content":{"rendered":"<div data-colibri-id=\"12337-c1\" class=\"style-886 style-local-12337-c1 position-relative\">\n  <!---->\n  <div data-colibri-component=\"section\" data-colibri-id=\"12337-c2\" id=\"custom\" class=\"h-section h-section-global-spacing d-flex align-items-lg-center align-items-md-center align-items-center style-922 style-local-12337-c2 position-relative\">\n    <!---->\n    <!---->\n    <div class=\"h-section-grid-container h-section-boxed-container\">\n      <!---->\n      <div data-colibri-id=\"12337-c3\" class=\"h-row-container gutters-row-lg-2 gutters-row-md-2 gutters-row-0 gutters-row-v-lg-2 gutters-row-v-md-2 gutters-row-v-2 style-923 style-local-12337-c3 position-relative\">\n        <!---->\n        <div class=\"h-row justify-content-lg-center justify-content-md-center justify-content-center align-items-lg-stretch align-items-md-stretch align-items-stretch gutters-col-lg-2 gutters-col-md-2 gutters-col-0 gutters-col-v-lg-2 gutters-col-v-md-2 gutters-col-v-2\">\n          <!---->\n          <div class=\"h-column h-column-container d-flex h-col-lg-auto h-col-md-auto h-col-auto style-924-outer style-local-12337-c4-outer\">\n            <div data-colibri-id=\"12337-c4\" class=\"d-flex h-flex-basis h-column__inner h-px-lg-2 h-px-md-2 h-px-2 v-inner-lg-2 v-inner-md-2 v-inner-2 style-924 style-local-12337-c4 position-relative\">\n              <!---->\n              <!---->\n              <div class=\"w-100 h-y-container h-column__content h-column__v-align flex-basis-100 align-self-lg-start align-self-md-start align-self-start\">\n                <!---->\n                <div data-colibri-id=\"12337-c5\" class=\"h-text h-text-component style-927 style-local-12337-c5 position-relative h-element\">\n                  <!---->\n                  <!---->\n                  <div class=\"\">\n                    <p>Das erste Mal tauchte der Firmenname SUPTel auf dem tschechischen Markt im Jahr 1992&nbsp;auf, als sich nach den gesellschaftlichen Ver\u00e4nderungen der freie Markt ge\u00f6ffnet hatte, der f\u00fcr die meisten Tschechen ein v\u00f6llig unbekanntes\n                      Gebiet darstellte. Diese sich gebotene Gelegenheit wurde auch von dem Mitarbeiter der Kommunikation\u00adskreisverwaltung in Rokycany Lubom\u00edr Ma\u0161ek voll und ganz genutzt. Nachdem er im Januar 1992&nbsp;das staatliche Unternehmen verlassen\n                      hatte, gr\u00fcndete er zwei Monate sp\u00e4ter die Gesellschaft SUPTel s.r.o. Kurz darauf folgten ihm f\u00fcnf seiner Kollegen nach. Im Hof des Familienhauses von Lubom\u00edrs Tante stiegen sie in die Welt der unternehmerischen T\u00e4tigkeit ein, wobei\n                      sie sich anfangs auf die Errichtung der Telekommunikations-Festnetze spezialisierten.<\/p>\n                    <p>Im Jahr 1994&nbsp;trat der Gesellschaft der deutsche Partner Martin Steinbrecher GmbH bei. Drei Jahre sp\u00e4ter weitete sich der T\u00e4tigkeitsbereich auch um den Aufbau und die Wartung der optischen Netze aus. 1998&nbsp;baute die SUPTel\n                      s.r.o. die erste GSM-Station f\u00fcr die Firma Radio Mobil (Handelsbezeichnung Paegas, heute T-Mobile), die kontinuierlich mit dem Aufbau des GSM-Netzes \u010cesk\u00fd Mobil (Handelsbezeichnung OSKAR, heute Vodafone) fortgesetzt&nbsp;wurde.<\/p>\n                  <\/div>\n                <\/div>\n              <\/div>\n            <\/div>\n          <\/div>\n          <div class=\"h-column h-column-container d-flex h-col-lg-auto h-col-md-auto h-col-auto style-925-outer style-local-12337-c6-outer\">\n            <div data-colibri-id=\"12337-c6\" class=\"d-flex h-flex-basis h-column__inner h-px-lg-2 h-px-md-2 h-px-2 v-inner-lg-2 v-inner-md-2 v-inner-2 style-925 style-local-12337-c6 position-relative\">\n              <!---->\n              <!---->\n              <div class=\"w-100 h-y-container h-column__content h-column__v-align flex-basis-100 align-self-lg-start align-self-md-start align-self-start\">\n                <!---->\n                <div data-colibri-id=\"12337-c7\" class=\"d-block style-926 style-local-12337-c7 position-relative h-element\">\n                  <!---->\n                  <div class=\"h-image__frame-container-outer\">\n                    <div class=\"h-image__frame-container\">\n                      <!---->\n                      <!---->\n                      <img loading=\"lazy\" decoding=\"async\" width=\"146\" height=\"225\" src=\"http:\/\/www.suptel.cz\/wp-content\/uploads\/2024\/02\/lubomir_masek_de.jpg\" class=\"wp-image-13580 style-926-image style-local-12337-c7-image\" alt=\"\" \/>\n                      <div class=\"h-image__frame h-hide-lg h-hide-md h-hide-sm style-926-frameImage style-local-12337-c7-frameImage\"><\/div>\n                    <\/div>\n                  <\/div>\n                <\/div>\n              <\/div>\n            <\/div>\n          <\/div>\n        <\/div>\n      <\/div>\n    <\/div>\n  <\/div>\n  <div data-colibri-component=\"section\" data-colibri-id=\"12337-c8\" id=\"custom-2\" class=\"h-section h-section-global-spacing d-flex align-items-lg-center align-items-md-center align-items-center style-928 style-local-12337-c8 position-relative\">\n    <!---->\n    <!---->\n    <div class=\"h-section-grid-container h-section-boxed-container\">\n      <!---->\n      <div data-colibri-id=\"12337-c9\" class=\"h-row-container gutters-row-lg-2 gutters-row-md-2 gutters-row-0 gutters-row-v-lg-2 gutters-row-v-md-2 gutters-row-v-2 style-929 style-local-12337-c9 position-relative\">\n        <!---->\n        <div class=\"h-row justify-content-lg-center justify-content-md-center justify-content-center align-items-lg-stretch align-items-md-stretch align-items-stretch gutters-col-lg-2 gutters-col-md-2 gutters-col-0 gutters-col-v-lg-2 gutters-col-v-md-2 gutters-col-v-2\">\n          <!---->\n          <div class=\"h-column h-column-container d-flex h-col-lg-auto h-col-md-auto h-col-auto style-930-outer style-local-12337-c10-outer\">\n            <div data-colibri-id=\"12337-c10\" class=\"d-flex h-flex-basis h-column__inner h-px-lg-2 h-px-md-2 h-px-2 v-inner-lg-2 v-inner-md-2 v-inner-2 style-930 style-local-12337-c10 position-relative\">\n              <!---->\n              <!---->\n              <div class=\"w-100 h-y-container h-column__content h-column__v-align flex-basis-100 align-self-lg-start align-self-md-start align-self-start\">\n                <!---->\n                <div data-colibri-id=\"12337-c11\" class=\"h-text h-text-component style-931 style-local-12337-c11 position-relative h-element\">\n                  <!---->\n                  <!---->\n                  <div class=\"\">\n                    <p>Die Jahrtausendwende wurde von einer Partnerver\u00e4nderung begleitet. Martin Steinbrecher wurde durch die Familienfirma Josef Schnell GmbH aus dem deutschen Baden Baden abgel\u00f6st. Die SUPTel s.r.o. \u00e4nderte die Rechtsform von einer GmbH\n                      auf eine Aktiengesellschaft und es wurde eine Weiterentwicklung von Infrastruktur\u00adbauwerken, insbesondere von Wasser-, Kanal- und Stromleitungen in die Wege geleitet. Im Telekommunika\u00adtionszweig wurde von der Gesellschaft ein \u00fcber\n                      das ganze Gebiet der Tschechischen Republik verlaufender optischer Hauptstrang f\u00fcr die deutsche Firma Alcatel gebaut. Im Jahr 2005&nbsp;wurde SUPTel a.s. zum Rahmenauftragnehmer der \u010cEZ-Gruppe (Energieunter\u00adnehmen). Lubom\u00edr Ma\u0161ek\n                      kaufte von der Familie Schnell deren Anteil ab und wurde zum Alleinaktion\u00e4r der Gesellschaft. Der Aktivit\u00e4tenbereich der Firma SUPTel weitete sich nun sowohl territorial, als auch branchenm\u00e4\u03b2ig aus. Im Jahr 2007&nbsp;kehrte SUPTel\n                      definitiv auf den slowakischen Markt zur\u00fcck. In Tschechien startete inzwischen die Firma im Bereich ICT, vor allem auf dem Gebiet der Kamera- und \u00dcberwachungssys\u00adteme&nbsp;durch.<\/p>\n                    <p>Nach dem pl\u00f6tzlichen Tod des Gr\u00fcnders Lubom\u00edr Ma\u0161ek im Fr\u00fchjahr 2011&nbsp;wurde die Gesellschaft von seiner Tochter Zuzana und ihrem Mann \u00fcbernommen. Das gute Kollektiv trug unter anderem dazu bei, dass an die Tradition und den w\u00e4hrend\n                      der fast zwanzigj\u00e4hrigen Etablierung auf dem Markt erarbeiteten guten Ruf kontinuierlich angekn\u00fcpft werden konnte. Die neue Leitung ist um die Weiterentwicklung der Gesellschaft bem\u00fcht und durch die Akquirierung der Gesellschaft\n                      GASSPO spol. s&nbsp;r.o. aus Klatovy im Jahr 2013&nbsp;wurde das Dienstleistun\u00adgsangebot um den Bereich Gasindustrie erweitert. Dadurch ist auch die RWE-Gruppe zum Kundenkreis hinzugekommen. Ein Jahr sp\u00e4ter st\u00e4rkt die Firma SUPTel\n                      a.s. ihre Position auch auf dem Telekommunika\u00adtionsmarkt und im ICT-Bereich und erwirbt einen 100&nbsp;% Anteil an der Gesellschaft Disk obchod &amp; technika, spol. s&nbsp;r.o. (heute SUPTel&nbsp;\u2013 DISK, spol. s&nbsp;r.o.).<\/p>\n                    <p>Derzeit bietet die Gesellschaft SUPTel a.s. mit ihren Tochtergesellschaf\u00adten ein komplettes T\u00e4tigkeitsportfolio im Bereich Bau und Service von Ingenieurnetzen im Sektor Telekommunikation, Energietechnik, Bauwesen, Verkehr und Sicherheit.<\/p>\n                    <p>Die Gesellschaft ist lange Zeit im Gro\u00dfteil der Tschechischen und Slowakischen Republik t\u00e4tig und realisiert wichtige Auftr\u00e4ge in der BRD. Sie ist organisatorisch in vier Produktionsdi\u00advisionen und drei aktiven Tochtergesellschaf\u00adten\n                      aufgebaut. In der ganzen Gruppe sind an die 400&nbsp;Mitarbeiter besch\u00e4ftigt und der konsolidierte Umsatz geht \u00fcber eine halbe Milliarde Kronen hinaus.<\/p>\n                  <\/div>\n                <\/div>\n              <\/div>\n            <\/div>\n          <\/div>\n        <\/div>\n      <\/div>\n    <\/div>\n  <\/div>\n  <div data-colibri-component=\"section\" data-colibri-id=\"12337-c12\" id=\"reusable-sections\" class=\"h-section h-section-global-spacing d-flex align-items-lg-start align-items-md-start align-items-start style-3238 style-local-12337-c12 position-relative\">\n    <!---->\n    <!---->\n    <div class=\"h-section-grid-container h-section-boxed-container\">\n      <div data-colibri-id=\"12337-c17\" class=\"h-row-container gutters-row-lg-1 gutters-row-md-1 gutters-row-0 gutters-row-v-lg-1 gutters-row-v-md-1 gutters-row-v-1 style-3243 style-local-12337-c17 position-relative\">\n        <!---->\n        <div class=\"h-row justify-content-lg-center justify-content-md-center justify-content-center align-items-lg-stretch align-items-md-stretch align-items-stretch gutters-col-lg-1 gutters-col-md-1 gutters-col-0 gutters-col-v-lg-1 gutters-col-v-md-1 gutters-col-v-1\">\n          <!---->\n          <div class=\"h-column h-column-container d-flex h-col-lg-auto h-col-md-auto h-col-auto style-3244-outer style-local-12337-c18-outer\">\n            <div data-colibri-id=\"12337-c18\" class=\"d-flex h-flex-basis h-column__inner h-px-lg-1 h-px-md-1 h-px-1 v-inner-lg-1 v-inner-md-1 v-inner-1 style-3244 style-local-12337-c18 position-relative\">\n              <!---->\n              <!---->\n              <div class=\"w-100 h-y-container h-column__content h-column__v-align flex-basis-100 align-self-lg-start align-self-md-start align-self-start\">\n                <!---->\n                <div data-colibri-id=\"12337-c19\" class=\"h-global-transition-all h-heading style-3245 style-local-12337-c19 position-relative h-element\">\n                  <!---->\n                  <div class=\"h-heading__outer style-3245 style-local-12337-c19\">\n                    <!---->\n                    <!---->\n                    <h3 class=\"\">PARTNER<\/h3>\n                  <\/div>\n                <\/div>\n              <\/div>\n            <\/div>\n          <\/div>\n        <\/div>\n      <\/div>\n      <div data-colibri-id=\"12337-c13\" class=\"h-row-container gutters-row-lg-0 gutters-row-md-0 gutters-row-0 gutters-row-v-lg-0 gutters-row-v-md-0 gutters-row-v-0 style-3239 style-local-12337-c13 position-relative\">\n        <!---->\n        <div class=\"h-row justify-content-lg-center justify-content-md-center justify-content-center align-items-lg-stretch align-items-md-stretch align-items-stretch gutters-col-lg-0 gutters-col-md-0 gutters-col-0 gutters-col-v-lg-0 gutters-col-v-md-0 gutters-col-v-0\">\n          <!---->\n          <div class=\"h-column h-column-container d-flex h-col-lg-12 h-col-md-12 h-col-12 style-3240-outer style-local-12337-c14-outer\">\n            <div data-colibri-id=\"12337-c14\" class=\"d-flex h-flex-basis h-column__inner h-px-lg-0 h-px-md-0 h-px-0 v-inner-lg-0 v-inner-md-0 v-inner-0 style-3240 style-local-12337-c14 position-relative\">\n              <!---->\n              <!---->\n              <div class=\"w-100 h-y-container h-column__content h-column__v-align flex-basis-100 align-self-lg-start align-self-md-start align-self-start\">\n                <!---->\n                <div data-colibri-id=\"12337-c15\" class=\"d-block style-3241 style-local-12337-c15 position-relative h-element\">\n                  <!---->\n                  <div class=\"h-image__frame-container-outer\">\n                    <div class=\"h-image__frame-container\">\n                      <!---->\n                      <!---->\n                      <img loading=\"lazy\" decoding=\"async\" width=\"1479\" height=\"158\" src=\"http:\/\/www.suptel.cz\/wp-content\/uploads\/2021\/07\/partneri-1.png\" class=\"wp-image-606 style-3241-image style-local-12337-c15-image\" alt=\"\" srcset=\"https:\/\/www.suptel.cz\/wp-content\/uploads\/2021\/07\/partneri-1.png 1479w, https:\/\/www.suptel.cz\/wp-content\/uploads\/2021\/07\/partneri-1-300x32.png 300w, https:\/\/www.suptel.cz\/wp-content\/uploads\/2021\/07\/partneri-1-1024x109.png 1024w, https:\/\/www.suptel.cz\/wp-content\/uploads\/2021\/07\/partneri-1-768x82.png 768w\" sizes=\"auto, (max-width: 1479px) 100vw, 1479px\" \/>\n                      <div class=\"h-image__frame h-hide-lg h-hide-md h-hide-sm style-3241-frameImage style-local-12337-c15-frameImage\"><\/div>\n                    <\/div>\n                  <\/div>\n                <\/div>\n              <\/div>\n            <\/div>\n          <\/div>\n          <div class=\"h-column h-column-container d-flex h-col-lg-12 h-col-md-12 h-col-12 style-3242-outer style-local-12337-c16-outer\">\n            <div data-colibri-id=\"12337-c16\" class=\"d-flex h-flex-basis h-column__inner h-ui-empty-state-container h-px-lg-0 h-px-md-0 h-px-0 v-inner-lg-0 v-inner-md-0 v-inner-0 style-3242 style-local-12337-c16 position-relative\">\n              <!---->\n              <!---->\n              <div class=\"w-100 h-y-container h-column__content h-column__v-align flex-basis-100\">\n                <!---->\n              <\/div>\n            <\/div>\n          <\/div>\n        <\/div>\n      <\/div>\n    <\/div>\n  <\/div>\n<\/div>","protected":false},"excerpt":{"rendered":"<p>Das erste Mal tauchte der Firmenname SUPTel auf dem tschechischen Markt im Jahr 1992&nbsp;auf, als sich nach den gesellschaftlichen Ver\u00e4nderungen der freie Markt ge\u00f6ffnet hatte, der f\u00fcr die meisten Tschechen ein v\u00f6llig unbekanntes Gebiet darstellte. Diese sich gebotene Gelegenheit wurde auch von dem Mitarbeiter der Kommunikation\u00adskreisverwaltung in Rokycany Lubom\u00edr Ma\u0161ek voll und ganz genutzt. Nachdem [&hellip;]<\/p>\n","protected":false},"author":1,"featured_media":0,"parent":0,"menu_order":0,"comment_status":"closed","ping_status":"closed","template":"page-templates\/full-width-page.php","meta":{"footnotes":""},"class_list":["post-12337","page","type-page","status-publish","hentry"],"yoast_head":"<!-- This site is optimized with the Yoast SEO plugin v27.4 - https:\/\/yoast.com\/product\/yoast-seo-wordpress\/ -->\n<title>\u00dcber die Gesellschaft - suptel.cz<\/title>\n<meta name=\"robots\" content=\"index, follow, max-snippet:-1, max-image-preview:large, max-video-preview:-1\" \/>\n<link rel=\"canonical\" href=\"https:\/\/www.suptel.cz\/index.php\/ueber-die-gesellschaft\/\" \/>\n<meta property=\"og:locale\" content=\"cs_CZ\" \/>\n<meta property=\"og:type\" content=\"article\" \/>\n<meta property=\"og:title\" content=\"\u00dcber die Gesellschaft - suptel.cz\" \/>\n<meta property=\"og:description\" content=\"Das erste Mal tauchte der Firmenname SUPTel auf dem tschechischen Markt im Jahr 1992&nbsp;auf, als sich nach den gesellschaftlichen Ver\u00e4nderungen der freie Markt ge\u00f6ffnet hatte, der f\u00fcr die meisten Tschechen ein v\u00f6llig unbekanntes Gebiet darstellte. Diese sich gebotene Gelegenheit wurde auch von dem Mitarbeiter der Kommunikation\u00adskreisverwaltung in Rokycany Lubom\u00edr Ma\u0161ek voll und ganz genutzt. Nachdem [&hellip;]\" \/>\n<meta property=\"og:url\" content=\"https:\/\/www.suptel.cz\/index.php\/ueber-die-gesellschaft\/\" \/>\n<meta property=\"og:site_name\" content=\"suptel.cz\" \/>\n<meta property=\"article:modified_time\" content=\"2024-02-07T21:34:01+00:00\" \/>\n<meta property=\"og:image\" content=\"https:\/\/www.suptel.cz\/wp-content\/uploads\/2024\/02\/lubomir_masek_de.jpg\" \/>\n\t<meta property=\"og:image:width\" content=\"146\" \/>\n\t<meta property=\"og:image:height\" content=\"225\" \/>\n\t<meta property=\"og:image:type\" content=\"image\/jpeg\" \/>\n<meta name=\"twitter:card\" content=\"summary_large_image\" \/>\n<meta name=\"twitter:label1\" content=\"Odhadovan\u00e1 doba \u010dten\u00ed\" \/>\n\t<meta name=\"twitter:data1\" content=\"3 minuty\" \/>\n<script type=\"application\/ld+json\" class=\"yoast-schema-graph\">{\"@context\":\"https:\\\/\\\/schema.org\",\"@graph\":[{\"@type\":\"WebPage\",\"@id\":\"https:\\\/\\\/www.suptel.cz\\\/index.php\\\/ueber-die-gesellschaft\\\/\",\"url\":\"https:\\\/\\\/www.suptel.cz\\\/index.php\\\/ueber-die-gesellschaft\\\/\",\"name\":\"\u00dcber die Gesellschaft - suptel.cz\",\"isPartOf\":{\"@id\":\"https:\\\/\\\/www.suptel.cz\\\/#website\"},\"primaryImageOfPage\":{\"@id\":\"https:\\\/\\\/www.suptel.cz\\\/index.php\\\/ueber-die-gesellschaft\\\/#primaryimage\"},\"image\":{\"@id\":\"https:\\\/\\\/www.suptel.cz\\\/index.php\\\/ueber-die-gesellschaft\\\/#primaryimage\"},\"thumbnailUrl\":\"http:\\\/\\\/www.suptel.cz\\\/wp-content\\\/uploads\\\/2024\\\/02\\\/lubomir_masek_de.jpg\",\"datePublished\":\"2024-02-06T18:12:21+00:00\",\"dateModified\":\"2024-02-07T21:34:01+00:00\",\"breadcrumb\":{\"@id\":\"https:\\\/\\\/www.suptel.cz\\\/index.php\\\/ueber-die-gesellschaft\\\/#breadcrumb\"},\"inLanguage\":\"cs\",\"potentialAction\":[{\"@type\":\"ReadAction\",\"target\":[\"https:\\\/\\\/www.suptel.cz\\\/index.php\\\/ueber-die-gesellschaft\\\/\"]}]},{\"@type\":\"ImageObject\",\"inLanguage\":\"cs\",\"@id\":\"https:\\\/\\\/www.suptel.cz\\\/index.php\\\/ueber-die-gesellschaft\\\/#primaryimage\",\"url\":\"https:\\\/\\\/www.suptel.cz\\\/wp-content\\\/uploads\\\/2024\\\/02\\\/lubomir_masek_de.jpg\",\"contentUrl\":\"https:\\\/\\\/www.suptel.cz\\\/wp-content\\\/uploads\\\/2024\\\/02\\\/lubomir_masek_de.jpg\",\"width\":146,\"height\":225},{\"@type\":\"BreadcrumbList\",\"@id\":\"https:\\\/\\\/www.suptel.cz\\\/index.php\\\/ueber-die-gesellschaft\\\/#breadcrumb\",\"itemListElement\":[{\"@type\":\"ListItem\",\"position\":1,\"name\":\"Dom\u016f\",\"item\":\"https:\\\/\\\/www.suptel.cz\\\/index.php\\\/front-page-deutsch\\\/\"},{\"@type\":\"ListItem\",\"position\":2,\"name\":\"\u00dcber die Gesellschaft\"}]},{\"@type\":\"WebSite\",\"@id\":\"https:\\\/\\\/www.suptel.cz\\\/#website\",\"url\":\"https:\\\/\\\/www.suptel.cz\\\/\",\"name\":\"suptel.cz\",\"description\":\"telekomunikace, energetika, stavebnictv\u00ed, doprava a bezpe\u010dnost\",\"publisher\":{\"@id\":\"https:\\\/\\\/www.suptel.cz\\\/#organization\"},\"potentialAction\":[{\"@type\":\"SearchAction\",\"target\":{\"@type\":\"EntryPoint\",\"urlTemplate\":\"https:\\\/\\\/www.suptel.cz\\\/?s={search_term_string}\"},\"query-input\":{\"@type\":\"PropertyValueSpecification\",\"valueRequired\":true,\"valueName\":\"search_term_string\"}}],\"inLanguage\":\"cs\"},{\"@type\":\"Organization\",\"@id\":\"https:\\\/\\\/www.suptel.cz\\\/#organization\",\"name\":\"SUPTel a.s.\",\"url\":\"https:\\\/\\\/www.suptel.cz\\\/\",\"logo\":{\"@type\":\"ImageObject\",\"inLanguage\":\"cs\",\"@id\":\"https:\\\/\\\/www.suptel.cz\\\/#\\\/schema\\\/logo\\\/image\\\/\",\"url\":\"https:\\\/\\\/www.suptel.cz\\\/wp-content\\\/uploads\\\/2021\\\/07\\\/SUPTel-claim-CZ-color-negativ-yellow-white_300.png\",\"contentUrl\":\"https:\\\/\\\/www.suptel.cz\\\/wp-content\\\/uploads\\\/2021\\\/07\\\/SUPTel-claim-CZ-color-negativ-yellow-white_300.png\",\"width\":307,\"height\":155,\"caption\":\"SUPTel a.s.\"},\"image\":{\"@id\":\"https:\\\/\\\/www.suptel.cz\\\/#\\\/schema\\\/logo\\\/image\\\/\"}}]}<\/script>\n<!-- \/ Yoast SEO plugin. -->","yoast_head_json":{"title":"\u00dcber die Gesellschaft - suptel.cz","robots":{"index":"index","follow":"follow","max-snippet":"max-snippet:-1","max-image-preview":"max-image-preview:large","max-video-preview":"max-video-preview:-1"},"canonical":"https:\/\/www.suptel.cz\/index.php\/ueber-die-gesellschaft\/","og_locale":"cs_CZ","og_type":"article","og_title":"\u00dcber die Gesellschaft - suptel.cz","og_description":"Das erste Mal tauchte der Firmenname SUPTel auf dem tschechischen Markt im Jahr 1992&nbsp;auf, als sich nach den gesellschaftlichen Ver\u00e4nderungen der freie Markt ge\u00f6ffnet hatte, der f\u00fcr die meisten Tschechen ein v\u00f6llig unbekanntes Gebiet darstellte. Diese sich gebotene Gelegenheit wurde auch von dem Mitarbeiter der Kommunikation\u00adskreisverwaltung in Rokycany Lubom\u00edr Ma\u0161ek voll und ganz genutzt. Nachdem [&hellip;]","og_url":"https:\/\/www.suptel.cz\/index.php\/ueber-die-gesellschaft\/","og_site_name":"suptel.cz","article_modified_time":"2024-02-07T21:34:01+00:00","og_image":[{"width":146,"height":225,"url":"https:\/\/www.suptel.cz\/wp-content\/uploads\/2024\/02\/lubomir_masek_de.jpg","type":"image\/jpeg"}],"twitter_card":"summary_large_image","twitter_misc":{"Odhadovan\u00e1 doba \u010dten\u00ed":"3 minuty"},"schema":{"@context":"https:\/\/schema.org","@graph":[{"@type":"WebPage","@id":"https:\/\/www.suptel.cz\/index.php\/ueber-die-gesellschaft\/","url":"https:\/\/www.suptel.cz\/index.php\/ueber-die-gesellschaft\/","name":"\u00dcber die Gesellschaft - suptel.cz","isPartOf":{"@id":"https:\/\/www.suptel.cz\/#website"},"primaryImageOfPage":{"@id":"https:\/\/www.suptel.cz\/index.php\/ueber-die-gesellschaft\/#primaryimage"},"image":{"@id":"https:\/\/www.suptel.cz\/index.php\/ueber-die-gesellschaft\/#primaryimage"},"thumbnailUrl":"http:\/\/www.suptel.cz\/wp-content\/uploads\/2024\/02\/lubomir_masek_de.jpg","datePublished":"2024-02-06T18:12:21+00:00","dateModified":"2024-02-07T21:34:01+00:00","breadcrumb":{"@id":"https:\/\/www.suptel.cz\/index.php\/ueber-die-gesellschaft\/#breadcrumb"},"inLanguage":"cs","potentialAction":[{"@type":"ReadAction","target":["https:\/\/www.suptel.cz\/index.php\/ueber-die-gesellschaft\/"]}]},{"@type":"ImageObject","inLanguage":"cs","@id":"https:\/\/www.suptel.cz\/index.php\/ueber-die-gesellschaft\/#primaryimage","url":"https:\/\/www.suptel.cz\/wp-content\/uploads\/2024\/02\/lubomir_masek_de.jpg","contentUrl":"https:\/\/www.suptel.cz\/wp-content\/uploads\/2024\/02\/lubomir_masek_de.jpg","width":146,"height":225},{"@type":"BreadcrumbList","@id":"https:\/\/www.suptel.cz\/index.php\/ueber-die-gesellschaft\/#breadcrumb","itemListElement":[{"@type":"ListItem","position":1,"name":"Dom\u016f","item":"https:\/\/www.suptel.cz\/index.php\/front-page-deutsch\/"},{"@type":"ListItem","position":2,"name":"\u00dcber die Gesellschaft"}]},{"@type":"WebSite","@id":"https:\/\/www.suptel.cz\/#website","url":"https:\/\/www.suptel.cz\/","name":"suptel.cz","description":"telekomunikace, energetika, stavebnictv\u00ed, doprava a bezpe\u010dnost","publisher":{"@id":"https:\/\/www.suptel.cz\/#organization"},"potentialAction":[{"@type":"SearchAction","target":{"@type":"EntryPoint","urlTemplate":"https:\/\/www.suptel.cz\/?s={search_term_string}"},"query-input":{"@type":"PropertyValueSpecification","valueRequired":true,"valueName":"search_term_string"}}],"inLanguage":"cs"},{"@type":"Organization","@id":"https:\/\/www.suptel.cz\/#organization","name":"SUPTel a.s.","url":"https:\/\/www.suptel.cz\/","logo":{"@type":"ImageObject","inLanguage":"cs","@id":"https:\/\/www.suptel.cz\/#\/schema\/logo\/image\/","url":"https:\/\/www.suptel.cz\/wp-content\/uploads\/2021\/07\/SUPTel-claim-CZ-color-negativ-yellow-white_300.png","contentUrl":"https:\/\/www.suptel.cz\/wp-content\/uploads\/2021\/07\/SUPTel-claim-CZ-color-negativ-yellow-white_300.png","width":307,"height":155,"caption":"SUPTel a.s."},"image":{"@id":"https:\/\/www.suptel.cz\/#\/schema\/logo\/image\/"}}]}},"_links":{"self":[{"href":"https:\/\/www.suptel.cz\/index.php\/wp-json\/wp\/v2\/pages\/12337","targetHints":{"allow":["GET"]}}],"collection":[{"href":"https:\/\/www.suptel.cz\/index.php\/wp-json\/wp\/v2\/pages"}],"about":[{"href":"https:\/\/www.suptel.cz\/index.php\/wp-json\/wp\/v2\/types\/page"}],"author":[{"embeddable":true,"href":"https:\/\/www.suptel.cz\/index.php\/wp-json\/wp\/v2\/users\/1"}],"replies":[{"embeddable":true,"href":"https:\/\/www.suptel.cz\/index.php\/wp-json\/wp\/v2\/comments?post=12337"}],"version-history":[{"count":5,"href":"https:\/\/www.suptel.cz\/index.php\/wp-json\/wp\/v2\/pages\/12337\/revisions"}],"predecessor-version":[{"id":13583,"href":"https:\/\/www.suptel.cz\/index.php\/wp-json\/wp\/v2\/pages\/12337\/revisions\/13583"}],"wp:attachment":[{"href":"https:\/\/www.suptel.cz\/index.php\/wp-json\/wp\/v2\/media?parent=12337"}],"curies":[{"name":"wp","href":"https:\/\/api.w.org\/{rel}","templated":true}]}}