{"id":12792,"date":"2024-02-07T10:22:43","date_gmt":"2024-02-07T10:22:43","guid":{"rendered":"https:\/\/www.suptel.cz\/?page_id=12792"},"modified":"2024-02-07T10:25:15","modified_gmt":"2024-02-07T10:25:15","slug":"electrical","status":"publish","type":"page","link":"https:\/\/www.suptel.cz\/index.php\/electrical\/","title":{"rendered":"Electrical"},"content":{"rendered":"<div data-colibri-id=\"12792-c1\" class=\"style-6550 style-local-12792-c1 position-relative\">\n  <!---->\n  <div data-colibri-component=\"section\" data-colibri-id=\"12792-c2\" id=\"custom\" class=\"h-section h-section-global-spacing d-flex align-items-lg-center align-items-md-center align-items-center style-6563 style-local-12792-c2 position-relative\">\n    <!---->\n    <!---->\n    <div class=\"h-section-grid-container h-section-boxed-container\">\n      <!---->\n      <div data-colibri-id=\"12792-c3\" class=\"h-row-container gutters-row-lg-2 gutters-row-md-2 gutters-row-0 gutters-row-v-lg-2 gutters-row-v-md-2 gutters-row-v-2 style-6564 style-local-12792-c3 position-relative\">\n        <!---->\n        <div class=\"h-row justify-content-lg-center justify-content-md-center justify-content-center align-items-lg-stretch align-items-md-stretch align-items-stretch gutters-col-lg-2 gutters-col-md-2 gutters-col-0 gutters-col-v-lg-2 gutters-col-v-md-2 gutters-col-v-2\">\n          <!---->\n          <div class=\"h-column h-column-container d-flex h-col-lg-auto h-col-md-auto h-col-auto style-6565-outer style-local-12792-c4-outer\">\n            <div data-colibri-id=\"12792-c4\" class=\"d-flex h-flex-basis h-column__inner h-px-lg-2 h-px-md-2 h-px-2 v-inner-lg-2 v-inner-md-2 v-inner-2 style-6565 style-local-12792-c4 position-relative\">\n              <!---->\n              <!---->\n              <div class=\"w-100 h-y-container h-column__content h-column__v-align flex-basis-100 align-self-lg-start align-self-md-start align-self-start\">\n                <!---->\n                <div data-colibri-id=\"12792-c5\" class=\"h-text h-text-component style-6566 style-local-12792-c5 position-relative h-element\">\n                  <!---->\n                  <!---->\n                  <div class=\"\">\n                    <h3>Electrical<\/h3>\n                    <p>Through our Electrical Division we deliver and install complete cable sets for high and low voltage networks, and deliver and assemble switchboards and switching boxes for such networks. We also take part as a general contractor to\n                      \u010cEZ in the construction and repairs of HV, LV and public lighting networks. We work as \u010cEZ representatives through our offices in Rokycany, Kralovice, and Mari\u00e1nsk\u00e9&nbsp;L\u00e1zn\u011b.<\/p>\n                    <p><em>At present, our prominent clients include Eurovia CS Group, STRABAG a.s., SWIETELSKY stavebn\u00ed s.r.o. , and the City of Pilsen.<\/em><\/p>\n                    <h3>Our services in electrical power engineering:<\/h3>\n                    <ul>\n                      <li>Construction of 22\/0,4&nbsp;kV kiosk, pole and built-in transformer stations including service and handling<\/li>\n                      <li>Installation of monitoring devices for electrical energy generation plants and transformer stations<\/li>\n                      <li>Power control for electrical energy generation plants to \u010cEZ requirements<\/li>\n                      <li>Construction, reconstruction and maintenance of public lighting systems, LED technologies<\/li>\n                      <li>Outdoor lighting for buildings, LED technologies<\/li>\n                      <li>Industrial, hotel, apartment and structural electrical installations<\/li>\n                      <li>Lightning conductors, lightning arrester systems<\/li>\n                      <li>Measurement and regulation systems, automatic control systems for buildings&nbsp;(ACS)<\/li>\n                      <li>Antenna distribution systems for radio and television<\/li>\n                      <li>Relocation, staking out and geodetic surveys of communication&nbsp;lines<\/li>\n                      <li>Electronic security systems and electronic fire protection systems&nbsp;\u2013 cabling<\/li>\n                      <li>Camera systems&nbsp;\u2013 cabling<\/li>\n                      <li>Information technologies&nbsp;\u2013 structured cabling<\/li>\n                      <li>Voltage tests and electrical inspections<\/li>\n                      <li>Designing, engineering, legal negotiations and easement establishment contracts<\/li>\n                    <\/ul>\n                  <\/div>\n                <\/div>\n              <\/div>\n            <\/div>\n          <\/div>\n        <\/div>\n      <\/div>\n    <\/div>\n  <\/div>\n  <div data-colibri-component=\"section\" data-colibri-id=\"12792-c6\" id=\"reusable-sections-4\" class=\"h-section h-section-global-spacing d-flex align-items-lg-center align-items-md-center align-items-center style-6579 style-local-12792-c6 position-relative\">\n    <!---->\n    <!---->\n    <div class=\"h-section-grid-container h-section-boxed-container\">\n      <!---->\n      <div data-colibri-id=\"12792-c7\" class=\"h-row-container gutters-row-lg-1 gutters-row-md-1 gutters-row-2 gutters-row-v-lg-1 gutters-row-v-md-1 gutters-row-v-2 style-6580 style-local-12792-c7 position-relative\">\n        <!---->\n        <div class=\"h-row justify-content-lg-center justify-content-md-center justify-content-center align-items-lg-stretch align-items-md-stretch align-items-stretch gutters-col-lg-1 gutters-col-md-1 gutters-col-2 gutters-col-v-lg-1 gutters-col-v-md-1 gutters-col-v-2\">\n          <!---->\n          <div class=\"h-column h-column-container d-flex h-col-lg-auto h-col-md-auto h-col-auto style-6581-outer style-local-12792-c8-outer\">\n            <div data-colibri-id=\"12792-c8\" class=\"d-flex h-flex-basis h-column__inner h-px-lg-1 h-px-md-1 h-px-2 v-inner-lg-1 v-inner-md-1 v-inner-2 style-6581 style-local-12792-c8 position-relative\">\n              <!---->\n              <!---->\n              <div class=\"w-100 h-y-container h-column__content h-column__v-align flex-basis-100 align-self-lg-start align-self-md-start align-self-start\">\n                <!---->\n                <div data-colibri-component=\"\" data-colibri-id=\"12792-c9\" class=\"h-photo-gallery margin-none caption-none photo-gallery--with-hover-effect photo-gallery--with-hover-effect--fade-out style-6582 style-local-12792-c9 h-overflow-hidden position-relative h-element\">\n                  <!---->\n                  <div class=\"h-global-transition-all caption-wrapper-full\"><div id='colibri-12792-c9' class='gallery-wrapper'>    <style type=\"text\/css\">\n\n        @media (min-width: 1023px) {        #colibri-12792-c9        dl {\n            float: left;\n            width: 12.5% !important;\n            max-width: 12.5% !important;\n            min-width: 12.5% !important;\n        }\n\n        #colibri-12792-c9        dl:nth-of-type(8n +1 ) {\n            clear: both;\n        }\n\n        }@media (min-width: 768px) and (max-width: 1023px) {        #colibri-12792-c9        dl {\n            float: left;\n            width: 12.5% !important;\n            max-width: 12.5% !important;\n            min-width: 12.5% !important;\n        }\n\n        #colibri-12792-c9        dl:nth-of-type(8n +1 ) {\n            clear: both;\n        }\n\n        }@media (max-width: 767px) {        #colibri-12792-c9        dl {\n            float: left;\n            width: 50% !important;\n            max-width: 50% !important;\n            min-width: 50% !important;\n        }\n\n        #colibri-12792-c9        dl:nth-of-type(2n +1 ) {\n            clear: both;\n        }\n\n        }\n        #colibri-12792-c9        .gallery-item {\n            position: relative;\n        }\n\n        \n    <\/style>\n    <div   class='colibri-12792-c9-dls-wrapper gallery-items-wrapper' ><dl class='gallery-item masonry-item'>\n\t\t\t<dt class='gallery-icon landscape'>\n\t\t\t\t<a data-fancybox=\"colibri-12792-c9-group\" href='https:\/\/www.suptel.cz\/wp-content\/uploads\/2024\/02\/elektro_1.jpg'><img loading=\"lazy\" decoding=\"async\"  width=\"150\" height=\"150\" src=\"https:\/\/www.suptel.cz\/wp-content\/uploads\/2024\/02\/elektro_1-150x150.jpg\"  class='colibri-12792-c9-image' alt=\"\" \/><\/a>\n\t\t\t<\/dt><\/dl><dl class='gallery-item masonry-item'>\n\t\t\t<dt class='gallery-icon landscape'>\n\t\t\t\t<a data-fancybox=\"colibri-12792-c9-group\" href='https:\/\/www.suptel.cz\/wp-content\/uploads\/2024\/02\/elektro_2.jpg'><img loading=\"lazy\" decoding=\"async\"  width=\"150\" height=\"150\" src=\"https:\/\/www.suptel.cz\/wp-content\/uploads\/2024\/02\/elektro_2-150x150.jpg\"  class='colibri-12792-c9-image' alt=\"\" \/><\/a>\n\t\t\t<\/dt><\/dl><dl class='gallery-item masonry-item'>\n\t\t\t<dt class='gallery-icon landscape'>\n\t\t\t\t<a data-fancybox=\"colibri-12792-c9-group\" href='https:\/\/www.suptel.cz\/wp-content\/uploads\/2024\/02\/elektro_3.jpg'><img loading=\"lazy\" decoding=\"async\"  width=\"150\" height=\"150\" src=\"https:\/\/www.suptel.cz\/wp-content\/uploads\/2024\/02\/elektro_3-150x150.jpg\"  class='colibri-12792-c9-image' alt=\"\" \/><\/a>\n\t\t\t<\/dt><\/dl><dl class='gallery-item masonry-item'>\n\t\t\t<dt class='gallery-icon landscape'>\n\t\t\t\t<a data-fancybox=\"colibri-12792-c9-group\" href='https:\/\/www.suptel.cz\/wp-content\/uploads\/2024\/02\/elektro_4.jpg'><img loading=\"lazy\" decoding=\"async\"  width=\"150\" height=\"150\" src=\"https:\/\/www.suptel.cz\/wp-content\/uploads\/2024\/02\/elektro_4-150x150.jpg\"  class='colibri-12792-c9-image' alt=\"\" \/><\/a>\n\t\t\t<\/dt><\/dl><dl class='gallery-item masonry-item'>\n\t\t\t<dt class='gallery-icon landscape'>\n\t\t\t\t<a data-fancybox=\"colibri-12792-c9-group\" href='https:\/\/www.suptel.cz\/wp-content\/uploads\/2024\/02\/elektro_5.jpg'><img loading=\"lazy\" decoding=\"async\"  width=\"150\" height=\"150\" src=\"https:\/\/www.suptel.cz\/wp-content\/uploads\/2024\/02\/elektro_5-150x150.jpg\"  class='colibri-12792-c9-image' alt=\"\" \/><\/a>\n\t\t\t<\/dt><\/dl><dl class='gallery-item masonry-item'>\n\t\t\t<dt class='gallery-icon landscape'>\n\t\t\t\t<a data-fancybox=\"colibri-12792-c9-group\" href='https:\/\/www.suptel.cz\/wp-content\/uploads\/2024\/02\/elektro_6.jpg'><img loading=\"lazy\" decoding=\"async\"  width=\"150\" height=\"150\" src=\"https:\/\/www.suptel.cz\/wp-content\/uploads\/2024\/02\/elektro_6-150x150.jpg\"  class='colibri-12792-c9-image' alt=\"\" \/><\/a>\n\t\t\t<\/dt><\/dl><dl class='gallery-item masonry-item'>\n\t\t\t<dt class='gallery-icon portrait'>\n\t\t\t\t<a data-fancybox=\"colibri-12792-c9-group\" href='https:\/\/www.suptel.cz\/wp-content\/uploads\/2024\/02\/elektro_7.jpg'><img loading=\"lazy\" decoding=\"async\"  width=\"150\" height=\"150\" src=\"https:\/\/www.suptel.cz\/wp-content\/uploads\/2024\/02\/elektro_7-150x150.jpg\"  class='colibri-12792-c9-image' alt=\"\" \/><\/a>\n\t\t\t<\/dt><\/dl><dl class='gallery-item masonry-item'>\n\t\t\t<dt class='gallery-icon landscape'>\n\t\t\t\t<a data-fancybox=\"colibri-12792-c9-group\" href='https:\/\/www.suptel.cz\/wp-content\/uploads\/2024\/02\/elektro_8.jpg'><img loading=\"lazy\" decoding=\"async\"  width=\"150\" height=\"150\" src=\"https:\/\/www.suptel.cz\/wp-content\/uploads\/2024\/02\/elektro_8-150x150.jpg\"  class='colibri-12792-c9-image' alt=\"\" \/><\/a>\n\t\t\t<\/dt><\/dl>\n\t\t<\/div>\n<style>#colibri-12792-c9 .wp-caption-text.gallery-caption{display:none;}<\/style><\/div><\/div>\n                <\/div>\n              <\/div>\n            <\/div>\n          <\/div>\n        <\/div>\n      <\/div>\n    <\/div>\n  <\/div>\n  <div data-colibri-component=\"section\" data-colibri-id=\"12792-c10\" id=\"reusable-sections-5\" class=\"h-section h-section-global-spacing d-flex align-items-lg-start align-items-md-start align-items-start style-6583 style-local-12792-c10 position-relative\">\n    <!---->\n    <!---->\n    <div class=\"h-section-grid-container h-section-boxed-container\">\n      <div data-colibri-id=\"12792-c15\" class=\"h-row-container gutters-row-lg-1 gutters-row-md-1 gutters-row-0 gutters-row-v-lg-1 gutters-row-v-md-1 gutters-row-v-1 style-6588 style-local-12792-c15 position-relative\">\n        <!---->\n        <div class=\"h-row justify-content-lg-center justify-content-md-center justify-content-center align-items-lg-stretch align-items-md-stretch align-items-stretch gutters-col-lg-1 gutters-col-md-1 gutters-col-0 gutters-col-v-lg-1 gutters-col-v-md-1 gutters-col-v-1\">\n          <!---->\n          <div class=\"h-column h-column-container d-flex h-col-lg-auto h-col-md-auto h-col-auto style-6589-outer style-local-12792-c16-outer\">\n            <div data-colibri-id=\"12792-c16\" class=\"d-flex h-flex-basis h-column__inner h-px-lg-1 h-px-md-1 h-px-1 v-inner-lg-1 v-inner-md-1 v-inner-1 style-6589 style-local-12792-c16 position-relative\">\n              <!---->\n              <!---->\n              <div class=\"w-100 h-y-container h-column__content h-column__v-align flex-basis-100 align-self-lg-start align-self-md-start align-self-start\">\n                <!---->\n                <div data-colibri-id=\"12792-c17\" class=\"h-global-transition-all h-heading style-6590 style-local-12792-c17 position-relative h-element\">\n                  <!---->\n                  <div class=\"h-heading__outer style-6590 style-local-12792-c17\">\n                    <!---->\n                    <!---->\n                    <h3 class=\"\">PARTNERS<\/h3>\n                  <\/div>\n                <\/div>\n              <\/div>\n            <\/div>\n          <\/div>\n        <\/div>\n      <\/div>\n      <div data-colibri-id=\"12792-c11\" class=\"h-row-container gutters-row-lg-0 gutters-row-md-0 gutters-row-0 gutters-row-v-lg-0 gutters-row-v-md-0 gutters-row-v-0 style-6584 style-local-12792-c11 position-relative\">\n        <!---->\n        <div class=\"h-row justify-content-lg-center justify-content-md-center justify-content-center align-items-lg-stretch align-items-md-stretch align-items-stretch gutters-col-lg-0 gutters-col-md-0 gutters-col-0 gutters-col-v-lg-0 gutters-col-v-md-0 gutters-col-v-0\">\n          <!---->\n          <div class=\"h-column h-column-container d-flex h-col-lg-12 h-col-md-12 h-col-12 style-6585-outer style-local-12792-c12-outer\">\n            <div data-colibri-id=\"12792-c12\" class=\"d-flex h-flex-basis h-column__inner h-px-lg-0 h-px-md-0 h-px-0 v-inner-lg-0 v-inner-md-0 v-inner-0 style-6585 style-local-12792-c12 position-relative\">\n              <!---->\n              <!---->\n              <div class=\"w-100 h-y-container h-column__content h-column__v-align flex-basis-100 align-self-lg-start align-self-md-start align-self-start\">\n                <!---->\n                <div data-colibri-id=\"12792-c13\" class=\"d-block style-6586 style-local-12792-c13 position-relative h-element\">\n                  <!---->\n                  <div class=\"h-image__frame-container-outer\">\n                    <div class=\"h-image__frame-container\">\n                      <!---->\n                      <!---->\n                      <img loading=\"lazy\" decoding=\"async\" width=\"1479\" height=\"158\" src=\"http:\/\/www.suptel.cz\/wp-content\/uploads\/2021\/07\/partneri-1.png\" class=\"wp-image-606 style-6586-image style-local-12792-c13-image\" alt=\"\" srcset=\"https:\/\/www.suptel.cz\/wp-content\/uploads\/2021\/07\/partneri-1.png 1479w, https:\/\/www.suptel.cz\/wp-content\/uploads\/2021\/07\/partneri-1-300x32.png 300w, https:\/\/www.suptel.cz\/wp-content\/uploads\/2021\/07\/partneri-1-1024x109.png 1024w, https:\/\/www.suptel.cz\/wp-content\/uploads\/2021\/07\/partneri-1-768x82.png 768w\" sizes=\"auto, (max-width: 1479px) 100vw, 1479px\" \/>\n                      <div class=\"h-image__frame h-hide-lg h-hide-md h-hide-sm style-6586-frameImage style-local-12792-c13-frameImage\"><\/div>\n                    <\/div>\n                  <\/div>\n                <\/div>\n              <\/div>\n            <\/div>\n          <\/div>\n          <div class=\"h-column h-column-container d-flex h-col-lg-12 h-col-md-12 h-col-12 style-6587-outer style-local-12792-c14-outer\">\n            <div data-colibri-id=\"12792-c14\" class=\"d-flex h-flex-basis h-column__inner h-ui-empty-state-container h-px-lg-0 h-px-md-0 h-px-0 v-inner-lg-0 v-inner-md-0 v-inner-0 style-6587 style-local-12792-c14 position-relative\">\n              <!---->\n              <!---->\n              <div class=\"w-100 h-y-container h-column__content h-column__v-align flex-basis-100\">\n                <!---->\n              <\/div>\n            <\/div>\n          <\/div>\n        <\/div>\n      <\/div>\n    <\/div>\n  <\/div>\n<\/div>","protected":false},"excerpt":{"rendered":"<p>Electrical Through our Electrical Division we deliver and install complete cable sets for high and low voltage networks, and deliver and assemble switchboards and switching boxes for such networks. We also take part as a general contractor to \u010cEZ in the construction and repairs of HV, LV and public lighting networks. We work as \u010cEZ [&hellip;]<\/p>\n","protected":false},"author":1,"featured_media":0,"parent":0,"menu_order":0,"comment_status":"closed","ping_status":"closed","template":"page-templates\/full-width-page.php","meta":{"footnotes":""},"class_list":["post-12792","page","type-page","status-publish","hentry"],"yoast_head":"<!-- This site is optimized with the Yoast SEO plugin v27.4 - https:\/\/yoast.com\/product\/yoast-seo-wordpress\/ -->\n<title>Electrical - suptel.cz<\/title>\n<meta name=\"robots\" content=\"index, follow, max-snippet:-1, max-image-preview:large, max-video-preview:-1\" \/>\n<link rel=\"canonical\" href=\"https:\/\/www.suptel.cz\/index.php\/electrical\/\" \/>\n<meta property=\"og:locale\" content=\"cs_CZ\" \/>\n<meta property=\"og:type\" content=\"article\" \/>\n<meta property=\"og:title\" content=\"Electrical - suptel.cz\" \/>\n<meta property=\"og:description\" content=\"Electrical Through our Electrical Division we deliver and install complete cable sets for high and low voltage networks, and deliver and assemble switchboards and switching boxes for such networks. We also take part as a general contractor to \u010cEZ in the construction and repairs of HV, LV and public lighting networks. We work as \u010cEZ [&hellip;]\" \/>\n<meta property=\"og:url\" content=\"https:\/\/www.suptel.cz\/index.php\/electrical\/\" \/>\n<meta property=\"og:site_name\" content=\"suptel.cz\" \/>\n<meta property=\"article:modified_time\" content=\"2024-02-07T10:25:15+00:00\" \/>\n<meta property=\"og:image\" content=\"http:\/\/www.suptel.cz\/wp-content\/uploads\/2021\/07\/partneri-1.png\" \/>\n<meta name=\"twitter:card\" content=\"summary_large_image\" \/>\n<meta name=\"twitter:label1\" content=\"Odhadovan\u00e1 doba \u010dten\u00ed\" \/>\n\t<meta name=\"twitter:data1\" content=\"1 minuta\" \/>\n<script type=\"application\/ld+json\" class=\"yoast-schema-graph\">{\"@context\":\"https:\\\/\\\/schema.org\",\"@graph\":[{\"@type\":\"WebPage\",\"@id\":\"https:\\\/\\\/www.suptel.cz\\\/index.php\\\/electrical\\\/\",\"url\":\"https:\\\/\\\/www.suptel.cz\\\/index.php\\\/electrical\\\/\",\"name\":\"Electrical - suptel.cz\",\"isPartOf\":{\"@id\":\"https:\\\/\\\/www.suptel.cz\\\/#website\"},\"primaryImageOfPage\":{\"@id\":\"https:\\\/\\\/www.suptel.cz\\\/index.php\\\/electrical\\\/#primaryimage\"},\"image\":{\"@id\":\"https:\\\/\\\/www.suptel.cz\\\/index.php\\\/electrical\\\/#primaryimage\"},\"thumbnailUrl\":\"http:\\\/\\\/www.suptel.cz\\\/wp-content\\\/uploads\\\/2021\\\/07\\\/partneri-1.png\",\"datePublished\":\"2024-02-07T10:22:43+00:00\",\"dateModified\":\"2024-02-07T10:25:15+00:00\",\"breadcrumb\":{\"@id\":\"https:\\\/\\\/www.suptel.cz\\\/index.php\\\/electrical\\\/#breadcrumb\"},\"inLanguage\":\"cs\",\"potentialAction\":[{\"@type\":\"ReadAction\",\"target\":[\"https:\\\/\\\/www.suptel.cz\\\/index.php\\\/electrical\\\/\"]}]},{\"@type\":\"ImageObject\",\"inLanguage\":\"cs\",\"@id\":\"https:\\\/\\\/www.suptel.cz\\\/index.php\\\/electrical\\\/#primaryimage\",\"url\":\"https:\\\/\\\/www.suptel.cz\\\/wp-content\\\/uploads\\\/2021\\\/07\\\/partneri-1.png\",\"contentUrl\":\"https:\\\/\\\/www.suptel.cz\\\/wp-content\\\/uploads\\\/2021\\\/07\\\/partneri-1.png\",\"width\":1479,\"height\":158},{\"@type\":\"BreadcrumbList\",\"@id\":\"https:\\\/\\\/www.suptel.cz\\\/index.php\\\/electrical\\\/#breadcrumb\",\"itemListElement\":[{\"@type\":\"ListItem\",\"position\":1,\"name\":\"Dom\u016f\",\"item\":\"https:\\\/\\\/www.suptel.cz\\\/index.php\\\/front-page-deutsch\\\/\"},{\"@type\":\"ListItem\",\"position\":2,\"name\":\"Electrical\"}]},{\"@type\":\"WebSite\",\"@id\":\"https:\\\/\\\/www.suptel.cz\\\/#website\",\"url\":\"https:\\\/\\\/www.suptel.cz\\\/\",\"name\":\"suptel.cz\",\"description\":\"telekomunikace, energetika, stavebnictv\u00ed, doprava a bezpe\u010dnost\",\"publisher\":{\"@id\":\"https:\\\/\\\/www.suptel.cz\\\/#organization\"},\"potentialAction\":[{\"@type\":\"SearchAction\",\"target\":{\"@type\":\"EntryPoint\",\"urlTemplate\":\"https:\\\/\\\/www.suptel.cz\\\/?s={search_term_string}\"},\"query-input\":{\"@type\":\"PropertyValueSpecification\",\"valueRequired\":true,\"valueName\":\"search_term_string\"}}],\"inLanguage\":\"cs\"},{\"@type\":\"Organization\",\"@id\":\"https:\\\/\\\/www.suptel.cz\\\/#organization\",\"name\":\"SUPTel a.s.\",\"url\":\"https:\\\/\\\/www.suptel.cz\\\/\",\"logo\":{\"@type\":\"ImageObject\",\"inLanguage\":\"cs\",\"@id\":\"https:\\\/\\\/www.suptel.cz\\\/#\\\/schema\\\/logo\\\/image\\\/\",\"url\":\"https:\\\/\\\/www.suptel.cz\\\/wp-content\\\/uploads\\\/2021\\\/07\\\/SUPTel-claim-CZ-color-negativ-yellow-white_300.png\",\"contentUrl\":\"https:\\\/\\\/www.suptel.cz\\\/wp-content\\\/uploads\\\/2021\\\/07\\\/SUPTel-claim-CZ-color-negativ-yellow-white_300.png\",\"width\":307,\"height\":155,\"caption\":\"SUPTel a.s.\"},\"image\":{\"@id\":\"https:\\\/\\\/www.suptel.cz\\\/#\\\/schema\\\/logo\\\/image\\\/\"}}]}<\/script>\n<!-- \/ Yoast SEO plugin. -->","yoast_head_json":{"title":"Electrical - suptel.cz","robots":{"index":"index","follow":"follow","max-snippet":"max-snippet:-1","max-image-preview":"max-image-preview:large","max-video-preview":"max-video-preview:-1"},"canonical":"https:\/\/www.suptel.cz\/index.php\/electrical\/","og_locale":"cs_CZ","og_type":"article","og_title":"Electrical - suptel.cz","og_description":"Electrical Through our Electrical Division we deliver and install complete cable sets for high and low voltage networks, and deliver and assemble switchboards and switching boxes for such networks. We also take part as a general contractor to \u010cEZ in the construction and repairs of HV, LV and public lighting networks. We work as \u010cEZ [&hellip;]","og_url":"https:\/\/www.suptel.cz\/index.php\/electrical\/","og_site_name":"suptel.cz","article_modified_time":"2024-02-07T10:25:15+00:00","og_image":[{"url":"http:\/\/www.suptel.cz\/wp-content\/uploads\/2021\/07\/partneri-1.png","type":"","width":"","height":""}],"twitter_card":"summary_large_image","twitter_misc":{"Odhadovan\u00e1 doba \u010dten\u00ed":"1 minuta"},"schema":{"@context":"https:\/\/schema.org","@graph":[{"@type":"WebPage","@id":"https:\/\/www.suptel.cz\/index.php\/electrical\/","url":"https:\/\/www.suptel.cz\/index.php\/electrical\/","name":"Electrical - suptel.cz","isPartOf":{"@id":"https:\/\/www.suptel.cz\/#website"},"primaryImageOfPage":{"@id":"https:\/\/www.suptel.cz\/index.php\/electrical\/#primaryimage"},"image":{"@id":"https:\/\/www.suptel.cz\/index.php\/electrical\/#primaryimage"},"thumbnailUrl":"http:\/\/www.suptel.cz\/wp-content\/uploads\/2021\/07\/partneri-1.png","datePublished":"2024-02-07T10:22:43+00:00","dateModified":"2024-02-07T10:25:15+00:00","breadcrumb":{"@id":"https:\/\/www.suptel.cz\/index.php\/electrical\/#breadcrumb"},"inLanguage":"cs","potentialAction":[{"@type":"ReadAction","target":["https:\/\/www.suptel.cz\/index.php\/electrical\/"]}]},{"@type":"ImageObject","inLanguage":"cs","@id":"https:\/\/www.suptel.cz\/index.php\/electrical\/#primaryimage","url":"https:\/\/www.suptel.cz\/wp-content\/uploads\/2021\/07\/partneri-1.png","contentUrl":"https:\/\/www.suptel.cz\/wp-content\/uploads\/2021\/07\/partneri-1.png","width":1479,"height":158},{"@type":"BreadcrumbList","@id":"https:\/\/www.suptel.cz\/index.php\/electrical\/#breadcrumb","itemListElement":[{"@type":"ListItem","position":1,"name":"Dom\u016f","item":"https:\/\/www.suptel.cz\/index.php\/front-page-deutsch\/"},{"@type":"ListItem","position":2,"name":"Electrical"}]},{"@type":"WebSite","@id":"https:\/\/www.suptel.cz\/#website","url":"https:\/\/www.suptel.cz\/","name":"suptel.cz","description":"telekomunikace, energetika, stavebnictv\u00ed, doprava a bezpe\u010dnost","publisher":{"@id":"https:\/\/www.suptel.cz\/#organization"},"potentialAction":[{"@type":"SearchAction","target":{"@type":"EntryPoint","urlTemplate":"https:\/\/www.suptel.cz\/?s={search_term_string}"},"query-input":{"@type":"PropertyValueSpecification","valueRequired":true,"valueName":"search_term_string"}}],"inLanguage":"cs"},{"@type":"Organization","@id":"https:\/\/www.suptel.cz\/#organization","name":"SUPTel a.s.","url":"https:\/\/www.suptel.cz\/","logo":{"@type":"ImageObject","inLanguage":"cs","@id":"https:\/\/www.suptel.cz\/#\/schema\/logo\/image\/","url":"https:\/\/www.suptel.cz\/wp-content\/uploads\/2021\/07\/SUPTel-claim-CZ-color-negativ-yellow-white_300.png","contentUrl":"https:\/\/www.suptel.cz\/wp-content\/uploads\/2021\/07\/SUPTel-claim-CZ-color-negativ-yellow-white_300.png","width":307,"height":155,"caption":"SUPTel a.s."},"image":{"@id":"https:\/\/www.suptel.cz\/#\/schema\/logo\/image\/"}}]}},"_links":{"self":[{"href":"https:\/\/www.suptel.cz\/index.php\/wp-json\/wp\/v2\/pages\/12792","targetHints":{"allow":["GET"]}}],"collection":[{"href":"https:\/\/www.suptel.cz\/index.php\/wp-json\/wp\/v2\/pages"}],"about":[{"href":"https:\/\/www.suptel.cz\/index.php\/wp-json\/wp\/v2\/types\/page"}],"author":[{"embeddable":true,"href":"https:\/\/www.suptel.cz\/index.php\/wp-json\/wp\/v2\/users\/1"}],"replies":[{"embeddable":true,"href":"https:\/\/www.suptel.cz\/index.php\/wp-json\/wp\/v2\/comments?post=12792"}],"version-history":[{"count":3,"href":"https:\/\/www.suptel.cz\/index.php\/wp-json\/wp\/v2\/pages\/12792\/revisions"}],"predecessor-version":[{"id":12798,"href":"https:\/\/www.suptel.cz\/index.php\/wp-json\/wp\/v2\/pages\/12792\/revisions\/12798"}],"wp:attachment":[{"href":"https:\/\/www.suptel.cz\/index.php\/wp-json\/wp\/v2\/media?parent=12792"}],"curies":[{"name":"wp","href":"https:\/\/api.w.org\/{rel}","templated":true}]}}