{"id":12944,"date":"2024-02-07T11:17:47","date_gmt":"2024-02-07T11:17:47","guid":{"rendered":"https:\/\/www.suptel.cz\/?page_id=12944"},"modified":"2024-02-07T11:20:21","modified_gmt":"2024-02-07T11:20:21","slug":"network-technologies","status":"publish","type":"page","link":"https:\/\/www.suptel.cz\/index.php\/network-technologies\/","title":{"rendered":"Network technologies"},"content":{"rendered":"<div data-colibri-id=\"12944-c1\" class=\"style-5622 style-local-12944-c1 position-relative\">\n  <!---->\n  <div data-colibri-component=\"section\" data-colibri-id=\"12944-c2\" id=\"custom\" class=\"h-section h-section-global-spacing d-flex align-items-lg-center align-items-md-center align-items-center style-5627 style-local-12944-c2 position-relative\">\n    <!---->\n    <!---->\n    <div class=\"h-section-grid-container h-section-boxed-container\">\n      <!---->\n      <div data-colibri-id=\"12944-c3\" class=\"h-row-container gutters-row-lg-2 gutters-row-md-2 gutters-row-0 gutters-row-v-lg-2 gutters-row-v-md-2 gutters-row-v-2 style-5628 style-local-12944-c3 position-relative\">\n        <!---->\n        <div class=\"h-row justify-content-lg-center justify-content-md-center justify-content-center align-items-lg-stretch align-items-md-stretch align-items-stretch gutters-col-lg-2 gutters-col-md-2 gutters-col-0 gutters-col-v-lg-2 gutters-col-v-md-2 gutters-col-v-2\">\n          <!---->\n          <div class=\"h-column h-column-container d-flex h-col-lg-auto h-col-md-auto h-col-auto style-5629-outer style-local-12944-c4-outer\">\n            <div data-colibri-id=\"12944-c4\" class=\"d-flex h-flex-basis h-column__inner h-px-lg-2 h-px-md-2 h-px-2 v-inner-lg-2 v-inner-md-2 v-inner-2 style-5629 style-local-12944-c4 position-relative\">\n              <!---->\n              <!---->\n              <div class=\"w-100 h-y-container h-column__content h-column__v-align flex-basis-100 align-self-lg-start align-self-md-start align-self-start\">\n                <!---->\n                <div data-colibri-id=\"12944-c5\" class=\"h-text h-text-component style-5630 style-local-12944-c5 position-relative h-element\">\n                  <!---->\n                  <!---->\n                  <div class=\"\">\n                    <h3>Network technologies<\/h3>\n                    <p>Today, computer networks form the communication backbones of every organization, whether private firm or state authority. In network technologies, therefore, we provide professional services concerning both the infrastructure itself\n                      and server solutions. We configure web, mail (including antispam solutions), proxy servers a firewalls. Our portfolio also includes data storage devices (Samba) and VoIP solutions (Asterisk).<\/p>\n                    <p>Linux is ranked among the most popular server platforms in the long term. We supply Linux servers, even by instalments, configure and provide remote surveillance for their operation.<\/p>\n                    <p>We are a certified partner to Cisco, manufacturer of top quality network elements, with certificates such as Cisco Selected Partner and Small Business Specialized Partner. We deliver, install and configure top-class Cisco network elements\n                      with remote surveillance.<\/p>\n                    <p><em>Our services were already used by organizations such as Temel\u00edn Nuclear Power Plant, T-Mobile Czech Republic a.s., Karlovy Vary Regional Hospital, Rokycany Hospital, and Zodiac Aerospace.<\/em><\/p>\n                    <p>\n                      <br>\n                    <\/p>\n                    <h3>Overview of our activities in network technologies:<\/h3>\n                    <ul>\n                      <li>Installation and configuration of Linux servers and Cisco equipment<\/li>\n                      <li>Remote access (OpenVPN, PPTP, IPsec, Cisco EasyVPN)<\/li>\n                      <li>Web servers (Apache, Nginx)<\/li>\n                      <li>Mail servers, antispam solutions<\/li>\n                      <li>Firewall, Proxy servery<\/li>\n                      <li>VoIP solution Asterisk<\/li>\n                      <li>Data storage Samba, FTP<\/li>\n                    <\/ul>\n                    <p>\n                      <br>\n                    <\/p>\n                    <h3>Linux servers:<\/h3>\n                    <ul>\n                      <li>Delivery, installation and configuration of Linux servers<\/li>\n                      <li>Installation and configuration of mail servers<\/li>\n                      <li>Installation and configuration of antispam solutions<\/li>\n                      <li>Remote surveillance<\/li>\n                      <li>Equipment delivery by instalments<\/li>\n                    <\/ul>\n                    <p>\n                      <br>\n                    <\/p>\n                    <h3>Cisco equipment:<\/h3>\n                    <ul>\n                      <li>We are a certified partner to Cisco (Selected Partner Certificate, Small Business Specialized Partner)<\/li>\n                      <li>Delivery, installation and configuration of Cisco technology<\/li>\n                      <li>Remote surveillance<\/li>\n                      <li>SLA warranty to customer needs<\/li>\n                      <li>Equipment delivery by instalments<\/li>\n                    <\/ul>\n                    <p>\n                      <br>\n                    <\/p>\n                  <\/div>\n                <\/div>\n              <\/div>\n            <\/div>\n          <\/div>\n        <\/div>\n      <\/div>\n    <\/div>\n  <\/div>\n  <div data-colibri-component=\"section\" data-colibri-id=\"12944-c6\" id=\"reusable-sections-2\" class=\"h-section h-section-global-spacing d-flex align-items-lg-center align-items-md-center align-items-center style-5635 style-local-12944-c6 position-relative\">\n    <!---->\n    <!---->\n    <div class=\"h-section-grid-container h-section-boxed-container\">\n      <!---->\n      <div data-colibri-id=\"12944-c7\" class=\"h-row-container gutters-row-lg-1 gutters-row-md-1 gutters-row-2 gutters-row-v-lg-1 gutters-row-v-md-1 gutters-row-v-2 style-5636 style-local-12944-c7 position-relative\">\n        <!---->\n        <div class=\"h-row justify-content-lg-center justify-content-md-center justify-content-center align-items-lg-stretch align-items-md-stretch align-items-stretch gutters-col-lg-1 gutters-col-md-1 gutters-col-2 gutters-col-v-lg-1 gutters-col-v-md-1 gutters-col-v-2\">\n          <!---->\n          <div class=\"h-column h-column-container d-flex h-col-lg-auto h-col-md-auto h-col-auto style-5637-outer style-local-12944-c8-outer\">\n            <div data-colibri-id=\"12944-c8\" class=\"d-flex h-flex-basis h-column__inner h-px-lg-1 h-px-md-1 h-px-2 v-inner-lg-1 v-inner-md-1 v-inner-2 style-5637 style-local-12944-c8 position-relative\">\n              <!---->\n              <!---->\n              <div class=\"w-100 h-y-container h-column__content h-column__v-align flex-basis-100 align-self-lg-start align-self-md-start align-self-start\">\n                <!---->\n                <div data-colibri-component=\"\" data-colibri-id=\"12944-c9\" class=\"h-photo-gallery margin-none caption-none photo-gallery--with-hover-effect photo-gallery--with-hover-effect--fade-out style-5638 style-local-12944-c9 h-overflow-hidden position-relative h-element\">\n                  <!---->\n                  <div class=\"h-global-transition-all caption-wrapper-full\"><div id='colibri-12944-c9' class='gallery-wrapper'>    <style type=\"text\/css\">\n\n        @media (min-width: 1023px) {        #colibri-12944-c9        dl {\n            float: left;\n            width: 25% !important;\n            max-width: 25% !important;\n            min-width: 25% !important;\n        }\n\n        #colibri-12944-c9        dl:nth-of-type(4n +1 ) {\n            clear: both;\n        }\n\n        }@media (min-width: 768px) and (max-width: 1023px) {        #colibri-12944-c9        dl {\n            float: left;\n            width: 25% !important;\n            max-width: 25% !important;\n            min-width: 25% !important;\n        }\n\n        #colibri-12944-c9        dl:nth-of-type(4n +1 ) {\n            clear: both;\n        }\n\n        }@media (max-width: 767px) {        #colibri-12944-c9        dl {\n            float: left;\n            width: 50% !important;\n            max-width: 50% !important;\n            min-width: 50% !important;\n        }\n\n        #colibri-12944-c9        dl:nth-of-type(2n +1 ) {\n            clear: both;\n        }\n\n        }\n        #colibri-12944-c9        .gallery-item {\n            position: relative;\n        }\n\n        \n    <\/style>\n    <div   class='colibri-12944-c9-dls-wrapper gallery-items-wrapper' ><dl class='gallery-item masonry-item'>\n\t\t\t<dt class='gallery-icon landscape'>\n\t\t\t\t<a data-fancybox=\"colibri-12944-c9-group\" href='https:\/\/www.suptel.cz\/wp-content\/uploads\/2024\/01\/sitove-technolgie_4-1.jpg'><img loading=\"lazy\" decoding=\"async\"  width=\"150\" height=\"150\" src=\"https:\/\/www.suptel.cz\/wp-content\/uploads\/2024\/01\/sitove-technolgie_4-1-150x150.jpg\"  class='colibri-12944-c9-image' alt=\"\" \/><\/a>\n\t\t\t<\/dt><\/dl><dl class='gallery-item masonry-item'>\n\t\t\t<dt class='gallery-icon landscape'>\n\t\t\t\t<a data-fancybox=\"colibri-12944-c9-group\" href='https:\/\/www.suptel.cz\/wp-content\/uploads\/2024\/01\/sitove-technolgie_3.jpg'><img loading=\"lazy\" decoding=\"async\"  width=\"150\" height=\"150\" src=\"https:\/\/www.suptel.cz\/wp-content\/uploads\/2024\/01\/sitove-technolgie_3-150x150.jpg\"  class='colibri-12944-c9-image' alt=\"\" \/><\/a>\n\t\t\t<\/dt><\/dl><dl class='gallery-item masonry-item'>\n\t\t\t<dt class='gallery-icon landscape'>\n\t\t\t\t<a data-fancybox=\"colibri-12944-c9-group\" href='https:\/\/www.suptel.cz\/wp-content\/uploads\/2024\/01\/sitove-technolgie_2.jpg'><img loading=\"lazy\" decoding=\"async\"  width=\"150\" height=\"150\" src=\"https:\/\/www.suptel.cz\/wp-content\/uploads\/2024\/01\/sitove-technolgie_2-150x150.jpg\"  class='colibri-12944-c9-image' alt=\"\" \/><\/a>\n\t\t\t<\/dt><\/dl><dl class='gallery-item masonry-item'>\n\t\t\t<dt class='gallery-icon portrait'>\n\t\t\t\t<a data-fancybox=\"colibri-12944-c9-group\" href='https:\/\/www.suptel.cz\/wp-content\/uploads\/2024\/01\/sitove-technolgie_1.jpg'><img loading=\"lazy\" decoding=\"async\"  width=\"150\" height=\"150\" src=\"https:\/\/www.suptel.cz\/wp-content\/uploads\/2024\/01\/sitove-technolgie_1-150x150.jpg\"  class='colibri-12944-c9-image' alt=\"\" \/><\/a>\n\t\t\t<\/dt><\/dl>\n\t\t<\/div>\n<style>#colibri-12944-c9 .wp-caption-text.gallery-caption{display:none;}<\/style><\/div><\/div>\n                <\/div>\n              <\/div>\n            <\/div>\n          <\/div>\n        <\/div>\n      <\/div>\n    <\/div>\n  <\/div>\n  <div data-colibri-component=\"section\" data-colibri-id=\"12944-c10\" id=\"reusable-sections\" class=\"h-section h-section-global-spacing d-flex align-items-lg-start align-items-md-start align-items-start style-5639 style-local-12944-c10 position-relative\">\n    <!---->\n    <!---->\n    <div class=\"h-section-grid-container h-section-boxed-container\">\n      <div data-colibri-id=\"12944-c15\" class=\"h-row-container gutters-row-lg-1 gutters-row-md-1 gutters-row-0 gutters-row-v-lg-1 gutters-row-v-md-1 gutters-row-v-1 style-5644 style-local-12944-c15 position-relative\">\n        <!---->\n        <div class=\"h-row justify-content-lg-center justify-content-md-center justify-content-center align-items-lg-stretch align-items-md-stretch align-items-stretch gutters-col-lg-1 gutters-col-md-1 gutters-col-0 gutters-col-v-lg-1 gutters-col-v-md-1 gutters-col-v-1\">\n          <!---->\n          <div class=\"h-column h-column-container d-flex h-col-lg-auto h-col-md-auto h-col-auto style-5645-outer style-local-12944-c16-outer\">\n            <div data-colibri-id=\"12944-c16\" class=\"d-flex h-flex-basis h-column__inner h-px-lg-1 h-px-md-1 h-px-1 v-inner-lg-1 v-inner-md-1 v-inner-1 style-5645 style-local-12944-c16 position-relative\">\n              <!---->\n              <!---->\n              <div class=\"w-100 h-y-container h-column__content h-column__v-align flex-basis-100 align-self-lg-start align-self-md-start align-self-start\">\n                <!---->\n                <div data-colibri-id=\"12944-c17\" class=\"h-global-transition-all h-heading style-5646 style-local-12944-c17 position-relative h-element\">\n                  <!---->\n                  <div class=\"h-heading__outer style-5646 style-local-12944-c17\">\n                    <!---->\n                    <!---->\n                    <h3 class=\"\">PARTNERS<\/h3>\n                  <\/div>\n                <\/div>\n              <\/div>\n            <\/div>\n          <\/div>\n        <\/div>\n      <\/div>\n      <div data-colibri-id=\"12944-c11\" class=\"h-row-container gutters-row-lg-0 gutters-row-md-0 gutters-row-0 gutters-row-v-lg-0 gutters-row-v-md-0 gutters-row-v-0 style-5640 style-local-12944-c11 position-relative\">\n        <!---->\n        <div class=\"h-row justify-content-lg-center justify-content-md-center justify-content-center align-items-lg-stretch align-items-md-stretch align-items-stretch gutters-col-lg-0 gutters-col-md-0 gutters-col-0 gutters-col-v-lg-0 gutters-col-v-md-0 gutters-col-v-0\">\n          <!---->\n          <div class=\"h-column h-column-container d-flex h-col-lg-12 h-col-md-12 h-col-12 style-5641-outer style-local-12944-c12-outer\">\n            <div data-colibri-id=\"12944-c12\" class=\"d-flex h-flex-basis h-column__inner h-px-lg-0 h-px-md-0 h-px-0 v-inner-lg-0 v-inner-md-0 v-inner-0 style-5641 style-local-12944-c12 position-relative\">\n              <!---->\n              <!---->\n              <div class=\"w-100 h-y-container h-column__content h-column__v-align flex-basis-100 align-self-lg-start align-self-md-start align-self-start\">\n                <!---->\n                <div data-colibri-id=\"12944-c13\" class=\"d-block style-5642 style-local-12944-c13 position-relative h-element\">\n                  <!---->\n                  <div class=\"h-image__frame-container-outer\">\n                    <div class=\"h-image__frame-container\">\n                      <!---->\n                      <!---->\n                      <img loading=\"lazy\" decoding=\"async\" width=\"1479\" height=\"158\" src=\"http:\/\/www.suptel.cz\/wp-content\/uploads\/2021\/07\/partneri-1.png\" class=\"wp-image-606 style-5642-image style-local-12944-c13-image\" alt=\"\" srcset=\"https:\/\/www.suptel.cz\/wp-content\/uploads\/2021\/07\/partneri-1.png 1479w, https:\/\/www.suptel.cz\/wp-content\/uploads\/2021\/07\/partneri-1-300x32.png 300w, https:\/\/www.suptel.cz\/wp-content\/uploads\/2021\/07\/partneri-1-1024x109.png 1024w, https:\/\/www.suptel.cz\/wp-content\/uploads\/2021\/07\/partneri-1-768x82.png 768w\" sizes=\"auto, (max-width: 1479px) 100vw, 1479px\" \/>\n                      <div class=\"h-image__frame h-hide-lg h-hide-md h-hide-sm style-5642-frameImage style-local-12944-c13-frameImage\"><\/div>\n                    <\/div>\n                  <\/div>\n                <\/div>\n              <\/div>\n            <\/div>\n          <\/div>\n          <div class=\"h-column h-column-container d-flex h-col-lg-12 h-col-md-12 h-col-12 style-5643-outer style-local-12944-c14-outer\">\n            <div data-colibri-id=\"12944-c14\" class=\"d-flex h-flex-basis h-column__inner h-ui-empty-state-container h-px-lg-0 h-px-md-0 h-px-0 v-inner-lg-0 v-inner-md-0 v-inner-0 style-5643 style-local-12944-c14 position-relative\">\n              <!---->\n              <!---->\n              <div class=\"w-100 h-y-container h-column__content h-column__v-align flex-basis-100\">\n                <!---->\n              <\/div>\n            <\/div>\n          <\/div>\n        <\/div>\n      <\/div>\n    <\/div>\n  <\/div>\n<\/div>","protected":false},"excerpt":{"rendered":"<p>Network technologies Today, computer networks form the communication backbones of every organization, whether private firm or state authority. In network technologies, therefore, we provide professional services concerning both the infrastructure itself and server solutions. We configure web, mail (including antispam solutions), proxy servers a firewalls. Our portfolio also includes data storage devices (Samba) and VoIP [&hellip;]<\/p>\n","protected":false},"author":1,"featured_media":0,"parent":0,"menu_order":0,"comment_status":"closed","ping_status":"closed","template":"page-templates\/full-width-page.php","meta":{"footnotes":""},"class_list":["post-12944","page","type-page","status-publish","hentry"],"yoast_head":"<!-- This site is optimized with the Yoast SEO plugin v27.4 - https:\/\/yoast.com\/product\/yoast-seo-wordpress\/ -->\n<title>Network technologies - suptel.cz<\/title>\n<meta name=\"robots\" content=\"index, follow, max-snippet:-1, max-image-preview:large, max-video-preview:-1\" \/>\n<link rel=\"canonical\" href=\"https:\/\/www.suptel.cz\/index.php\/network-technologies\/\" \/>\n<meta property=\"og:locale\" content=\"cs_CZ\" \/>\n<meta property=\"og:type\" content=\"article\" \/>\n<meta property=\"og:title\" content=\"Network technologies - suptel.cz\" \/>\n<meta property=\"og:description\" content=\"Network technologies Today, computer networks form the communication backbones of every organization, whether private firm or state authority. In network technologies, therefore, we provide professional services concerning both the infrastructure itself and server solutions. We configure web, mail (including antispam solutions), proxy servers a firewalls. Our portfolio also includes data storage devices (Samba) and VoIP [&hellip;]\" \/>\n<meta property=\"og:url\" content=\"https:\/\/www.suptel.cz\/index.php\/network-technologies\/\" \/>\n<meta property=\"og:site_name\" content=\"suptel.cz\" \/>\n<meta property=\"article:modified_time\" content=\"2024-02-07T11:20:21+00:00\" \/>\n<meta property=\"og:image\" content=\"http:\/\/www.suptel.cz\/wp-content\/uploads\/2021\/07\/partneri-1.png\" \/>\n<meta name=\"twitter:card\" content=\"summary_large_image\" \/>\n<meta name=\"twitter:label1\" content=\"Odhadovan\u00e1 doba \u010dten\u00ed\" \/>\n\t<meta name=\"twitter:data1\" content=\"1 minuta\" \/>\n<script type=\"application\/ld+json\" class=\"yoast-schema-graph\">{\"@context\":\"https:\\\/\\\/schema.org\",\"@graph\":[{\"@type\":\"WebPage\",\"@id\":\"https:\\\/\\\/www.suptel.cz\\\/index.php\\\/network-technologies\\\/\",\"url\":\"https:\\\/\\\/www.suptel.cz\\\/index.php\\\/network-technologies\\\/\",\"name\":\"Network technologies - suptel.cz\",\"isPartOf\":{\"@id\":\"https:\\\/\\\/www.suptel.cz\\\/#website\"},\"primaryImageOfPage\":{\"@id\":\"https:\\\/\\\/www.suptel.cz\\\/index.php\\\/network-technologies\\\/#primaryimage\"},\"image\":{\"@id\":\"https:\\\/\\\/www.suptel.cz\\\/index.php\\\/network-technologies\\\/#primaryimage\"},\"thumbnailUrl\":\"http:\\\/\\\/www.suptel.cz\\\/wp-content\\\/uploads\\\/2021\\\/07\\\/partneri-1.png\",\"datePublished\":\"2024-02-07T11:17:47+00:00\",\"dateModified\":\"2024-02-07T11:20:21+00:00\",\"breadcrumb\":{\"@id\":\"https:\\\/\\\/www.suptel.cz\\\/index.php\\\/network-technologies\\\/#breadcrumb\"},\"inLanguage\":\"cs\",\"potentialAction\":[{\"@type\":\"ReadAction\",\"target\":[\"https:\\\/\\\/www.suptel.cz\\\/index.php\\\/network-technologies\\\/\"]}]},{\"@type\":\"ImageObject\",\"inLanguage\":\"cs\",\"@id\":\"https:\\\/\\\/www.suptel.cz\\\/index.php\\\/network-technologies\\\/#primaryimage\",\"url\":\"https:\\\/\\\/www.suptel.cz\\\/wp-content\\\/uploads\\\/2021\\\/07\\\/partneri-1.png\",\"contentUrl\":\"https:\\\/\\\/www.suptel.cz\\\/wp-content\\\/uploads\\\/2021\\\/07\\\/partneri-1.png\",\"width\":1479,\"height\":158},{\"@type\":\"BreadcrumbList\",\"@id\":\"https:\\\/\\\/www.suptel.cz\\\/index.php\\\/network-technologies\\\/#breadcrumb\",\"itemListElement\":[{\"@type\":\"ListItem\",\"position\":1,\"name\":\"Dom\u016f\",\"item\":\"https:\\\/\\\/www.suptel.cz\\\/index.php\\\/front-page-deutsch\\\/\"},{\"@type\":\"ListItem\",\"position\":2,\"name\":\"Network technologies\"}]},{\"@type\":\"WebSite\",\"@id\":\"https:\\\/\\\/www.suptel.cz\\\/#website\",\"url\":\"https:\\\/\\\/www.suptel.cz\\\/\",\"name\":\"suptel.cz\",\"description\":\"telekomunikace, energetika, stavebnictv\u00ed, doprava a bezpe\u010dnost\",\"publisher\":{\"@id\":\"https:\\\/\\\/www.suptel.cz\\\/#organization\"},\"potentialAction\":[{\"@type\":\"SearchAction\",\"target\":{\"@type\":\"EntryPoint\",\"urlTemplate\":\"https:\\\/\\\/www.suptel.cz\\\/?s={search_term_string}\"},\"query-input\":{\"@type\":\"PropertyValueSpecification\",\"valueRequired\":true,\"valueName\":\"search_term_string\"}}],\"inLanguage\":\"cs\"},{\"@type\":\"Organization\",\"@id\":\"https:\\\/\\\/www.suptel.cz\\\/#organization\",\"name\":\"SUPTel a.s.\",\"url\":\"https:\\\/\\\/www.suptel.cz\\\/\",\"logo\":{\"@type\":\"ImageObject\",\"inLanguage\":\"cs\",\"@id\":\"https:\\\/\\\/www.suptel.cz\\\/#\\\/schema\\\/logo\\\/image\\\/\",\"url\":\"https:\\\/\\\/www.suptel.cz\\\/wp-content\\\/uploads\\\/2021\\\/07\\\/SUPTel-claim-CZ-color-negativ-yellow-white_300.png\",\"contentUrl\":\"https:\\\/\\\/www.suptel.cz\\\/wp-content\\\/uploads\\\/2021\\\/07\\\/SUPTel-claim-CZ-color-negativ-yellow-white_300.png\",\"width\":307,\"height\":155,\"caption\":\"SUPTel a.s.\"},\"image\":{\"@id\":\"https:\\\/\\\/www.suptel.cz\\\/#\\\/schema\\\/logo\\\/image\\\/\"}}]}<\/script>\n<!-- \/ Yoast SEO plugin. -->","yoast_head_json":{"title":"Network technologies - suptel.cz","robots":{"index":"index","follow":"follow","max-snippet":"max-snippet:-1","max-image-preview":"max-image-preview:large","max-video-preview":"max-video-preview:-1"},"canonical":"https:\/\/www.suptel.cz\/index.php\/network-technologies\/","og_locale":"cs_CZ","og_type":"article","og_title":"Network technologies - suptel.cz","og_description":"Network technologies Today, computer networks form the communication backbones of every organization, whether private firm or state authority. In network technologies, therefore, we provide professional services concerning both the infrastructure itself and server solutions. We configure web, mail (including antispam solutions), proxy servers a firewalls. Our portfolio also includes data storage devices (Samba) and VoIP [&hellip;]","og_url":"https:\/\/www.suptel.cz\/index.php\/network-technologies\/","og_site_name":"suptel.cz","article_modified_time":"2024-02-07T11:20:21+00:00","og_image":[{"url":"http:\/\/www.suptel.cz\/wp-content\/uploads\/2021\/07\/partneri-1.png","type":"","width":"","height":""}],"twitter_card":"summary_large_image","twitter_misc":{"Odhadovan\u00e1 doba \u010dten\u00ed":"1 minuta"},"schema":{"@context":"https:\/\/schema.org","@graph":[{"@type":"WebPage","@id":"https:\/\/www.suptel.cz\/index.php\/network-technologies\/","url":"https:\/\/www.suptel.cz\/index.php\/network-technologies\/","name":"Network technologies - suptel.cz","isPartOf":{"@id":"https:\/\/www.suptel.cz\/#website"},"primaryImageOfPage":{"@id":"https:\/\/www.suptel.cz\/index.php\/network-technologies\/#primaryimage"},"image":{"@id":"https:\/\/www.suptel.cz\/index.php\/network-technologies\/#primaryimage"},"thumbnailUrl":"http:\/\/www.suptel.cz\/wp-content\/uploads\/2021\/07\/partneri-1.png","datePublished":"2024-02-07T11:17:47+00:00","dateModified":"2024-02-07T11:20:21+00:00","breadcrumb":{"@id":"https:\/\/www.suptel.cz\/index.php\/network-technologies\/#breadcrumb"},"inLanguage":"cs","potentialAction":[{"@type":"ReadAction","target":["https:\/\/www.suptel.cz\/index.php\/network-technologies\/"]}]},{"@type":"ImageObject","inLanguage":"cs","@id":"https:\/\/www.suptel.cz\/index.php\/network-technologies\/#primaryimage","url":"https:\/\/www.suptel.cz\/wp-content\/uploads\/2021\/07\/partneri-1.png","contentUrl":"https:\/\/www.suptel.cz\/wp-content\/uploads\/2021\/07\/partneri-1.png","width":1479,"height":158},{"@type":"BreadcrumbList","@id":"https:\/\/www.suptel.cz\/index.php\/network-technologies\/#breadcrumb","itemListElement":[{"@type":"ListItem","position":1,"name":"Dom\u016f","item":"https:\/\/www.suptel.cz\/index.php\/front-page-deutsch\/"},{"@type":"ListItem","position":2,"name":"Network technologies"}]},{"@type":"WebSite","@id":"https:\/\/www.suptel.cz\/#website","url":"https:\/\/www.suptel.cz\/","name":"suptel.cz","description":"telekomunikace, energetika, stavebnictv\u00ed, doprava a bezpe\u010dnost","publisher":{"@id":"https:\/\/www.suptel.cz\/#organization"},"potentialAction":[{"@type":"SearchAction","target":{"@type":"EntryPoint","urlTemplate":"https:\/\/www.suptel.cz\/?s={search_term_string}"},"query-input":{"@type":"PropertyValueSpecification","valueRequired":true,"valueName":"search_term_string"}}],"inLanguage":"cs"},{"@type":"Organization","@id":"https:\/\/www.suptel.cz\/#organization","name":"SUPTel a.s.","url":"https:\/\/www.suptel.cz\/","logo":{"@type":"ImageObject","inLanguage":"cs","@id":"https:\/\/www.suptel.cz\/#\/schema\/logo\/image\/","url":"https:\/\/www.suptel.cz\/wp-content\/uploads\/2021\/07\/SUPTel-claim-CZ-color-negativ-yellow-white_300.png","contentUrl":"https:\/\/www.suptel.cz\/wp-content\/uploads\/2021\/07\/SUPTel-claim-CZ-color-negativ-yellow-white_300.png","width":307,"height":155,"caption":"SUPTel a.s."},"image":{"@id":"https:\/\/www.suptel.cz\/#\/schema\/logo\/image\/"}}]}},"_links":{"self":[{"href":"https:\/\/www.suptel.cz\/index.php\/wp-json\/wp\/v2\/pages\/12944","targetHints":{"allow":["GET"]}}],"collection":[{"href":"https:\/\/www.suptel.cz\/index.php\/wp-json\/wp\/v2\/pages"}],"about":[{"href":"https:\/\/www.suptel.cz\/index.php\/wp-json\/wp\/v2\/types\/page"}],"author":[{"embeddable":true,"href":"https:\/\/www.suptel.cz\/index.php\/wp-json\/wp\/v2\/users\/1"}],"replies":[{"embeddable":true,"href":"https:\/\/www.suptel.cz\/index.php\/wp-json\/wp\/v2\/comments?post=12944"}],"version-history":[{"count":2,"href":"https:\/\/www.suptel.cz\/index.php\/wp-json\/wp\/v2\/pages\/12944\/revisions"}],"predecessor-version":[{"id":12949,"href":"https:\/\/www.suptel.cz\/index.php\/wp-json\/wp\/v2\/pages\/12944\/revisions\/12949"}],"wp:attachment":[{"href":"https:\/\/www.suptel.cz\/index.php\/wp-json\/wp\/v2\/media?parent=12944"}],"curies":[{"name":"wp","href":"https:\/\/api.w.org\/{rel}","templated":true}]}}