{"id":23,"date":"2021-07-02T06:54:55","date_gmt":"2021-07-02T06:54:55","guid":{"rendered":"http:\/\/www.prepojene.sk\/?page_id=23"},"modified":"2021-07-30T14:52:50","modified_gmt":"2021-07-30T14:52:50","slug":"o-spolecnosti","status":"publish","type":"page","link":"https:\/\/www.suptel.cz\/index.php\/o-spolecnosti\/","title":{"rendered":"O spole\u010dnosti"},"content":{"rendered":"<div data-colibri-id=\"23-c1\" class=\"style-886 style-local-23-c1 position-relative\">\n  <!---->\n  <div data-colibri-component=\"section\" data-colibri-id=\"23-c2\" id=\"custom\" class=\"h-section h-section-global-spacing d-flex align-items-lg-center align-items-md-center align-items-center style-922 style-local-23-c2 position-relative\">\n    <!---->\n    <!---->\n    <div class=\"h-section-grid-container h-section-boxed-container\">\n      <!---->\n      <div data-colibri-id=\"23-c3\" class=\"h-row-container gutters-row-lg-2 gutters-row-md-2 gutters-row-0 gutters-row-v-lg-2 gutters-row-v-md-2 gutters-row-v-2 style-923 style-local-23-c3 position-relative\">\n        <!---->\n        <div class=\"h-row justify-content-lg-center justify-content-md-center justify-content-center align-items-lg-stretch align-items-md-stretch align-items-stretch gutters-col-lg-2 gutters-col-md-2 gutters-col-0 gutters-col-v-lg-2 gutters-col-v-md-2 gutters-col-v-2\">\n          <!---->\n          <div class=\"h-column h-column-container d-flex h-col-lg-auto h-col-md-auto h-col-auto style-924-outer style-local-23-c4-outer\">\n            <div data-colibri-id=\"23-c4\" class=\"d-flex h-flex-basis h-column__inner h-px-lg-2 h-px-md-2 h-px-2 v-inner-lg-2 v-inner-md-2 v-inner-2 style-924 style-local-23-c4 position-relative\">\n              <!---->\n              <!---->\n              <div class=\"w-100 h-y-container h-column__content h-column__v-align flex-basis-100 align-self-lg-start align-self-md-start align-self-start\">\n                <!---->\n                <div data-colibri-id=\"23-c5\" class=\"h-text h-text-component style-927 style-local-23-c5 position-relative h-element\">\n                  <!---->\n                  <!---->\n                  <div class=\"\">\n                    <p>Jm\u00e9no SUPTel se na \u010desk\u00e9m trhu objevilo poprv\u00e9 v&nbsp;roce 1992, kdy se po spole\u010densk\u00fdch zm\u011bn\u00e1ch otev\u00edr\u00e1 trh a pro v\u011bt\u0161inu \u010cech\u016f nezn\u00e1m\u00fd prostor k&nbsp;podnik\u00e1n\u00ed. T\u00e9to p\u0159\u00edle\u017eitosti beze zbytku vyu\u017eil i&nbsp;zam\u011bstnanec Okresn\u00ed spr\u00e1vy\n                      spoj\u016f v&nbsp;Rokycanech Lubom\u00edr Ma\u0161ek. V&nbsp;lednu 1992&nbsp;opou\u0161t\u00ed \u0159ady st\u00e1tn\u00edho podniku a o&nbsp;dva m\u011bs\u00edce pozd\u011bji zakl\u00e1d\u00e1 SUPTel s.r.o. V&nbsp;kr\u00e1tk\u00e9 dob\u011b ho n\u00e1sleduje p\u011bt koleg\u016f a na dvo\u0159e rodinn\u00e9ho domku Lubo\u0161ovy tety za\u010d\u00ednaj\u00ed\n                      vstupovat do sv\u011bta podnik\u00e1n\u00ed se zam\u011b\u0159en\u00edm na v\u00fdstavbu metalick\u00fdch telekomunika\u010d\u00adn\u00edch&nbsp;s\u00edt\u00ed.<\/p>\n                    <p>V&nbsp;roce 1994&nbsp;vstupuje do spole\u010dnosti n\u011bmeck\u00fd partner Martin Steinbrecher GmBH. O&nbsp;t\u0159i roky pozd\u011bji se portfolio \u010dinnost\u00ed za\u010d\u00edn\u00e1 roz\u0161i\u0159ovat i&nbsp;na v\u00fdstavbu a servis optick\u00fdch s\u00edt\u00ed. V&nbsp;roce 1998&nbsp;pak SUPTel s.r.o.\n                      stav\u00ed prvn\u00ed GSM stanici pro Radio Mobil (obchodn\u00ed zna\u010dka Paegas, dnes T-Mobile), na kterou plynule navazuje i&nbsp;v\u00fdstavba GSM s\u00edt\u011b \u010cesk\u00fd Mobil (obchodn\u00ed zna\u010dka OSKAR, dnes Vodafone).<\/p>\n                  <\/div>\n                <\/div>\n              <\/div>\n            <\/div>\n          <\/div>\n          <div class=\"h-column h-column-container d-flex h-col-lg-auto h-col-md-auto h-col-auto style-925-outer style-local-23-c6-outer\">\n            <div data-colibri-id=\"23-c6\" class=\"d-flex h-flex-basis h-column__inner h-px-lg-2 h-px-md-2 h-px-2 v-inner-lg-2 v-inner-md-2 v-inner-2 style-925 style-local-23-c6 position-relative\">\n              <!---->\n              <!---->\n              <div class=\"w-100 h-y-container h-column__content h-column__v-align flex-basis-100 align-self-lg-start align-self-md-start align-self-start\">\n                <!---->\n                <div data-colibri-id=\"23-c7\" class=\"d-block style-926 style-local-23-c7 position-relative h-element\">\n                  <!---->\n                  <div class=\"h-image__frame-container-outer\">\n                    <div class=\"h-image__frame-container\">\n                      <!---->\n                      <!---->\n                      <img loading=\"lazy\" decoding=\"async\" width=\"146\" height=\"225\" src=\"http:\/\/www.suptel.cz\/wp-content\/uploads\/2021\/07\/lubomir_masek-1.jpg\" class=\"wp-image-1515 style-926-image style-local-23-c7-image\" alt=\"\" \/>\n                      <div class=\"h-image__frame h-hide-lg h-hide-md h-hide-sm style-926-frameImage style-local-23-c7-frameImage\"><\/div>\n                    <\/div>\n                  <\/div>\n                <\/div>\n              <\/div>\n            <\/div>\n          <\/div>\n        <\/div>\n      <\/div>\n    <\/div>\n  <\/div>\n  <div data-colibri-component=\"section\" data-colibri-id=\"23-c8\" id=\"custom-2\" class=\"h-section h-section-global-spacing d-flex align-items-lg-center align-items-md-center align-items-center style-928 style-local-23-c8 position-relative\">\n    <!---->\n    <!---->\n    <div class=\"h-section-grid-container h-section-boxed-container\">\n      <!---->\n      <div data-colibri-id=\"23-c9\" class=\"h-row-container gutters-row-lg-2 gutters-row-md-2 gutters-row-0 gutters-row-v-lg-2 gutters-row-v-md-2 gutters-row-v-2 style-929 style-local-23-c9 position-relative\">\n        <!---->\n        <div class=\"h-row justify-content-lg-center justify-content-md-center justify-content-center align-items-lg-stretch align-items-md-stretch align-items-stretch gutters-col-lg-2 gutters-col-md-2 gutters-col-0 gutters-col-v-lg-2 gutters-col-v-md-2 gutters-col-v-2\">\n          <!---->\n          <div class=\"h-column h-column-container d-flex h-col-lg-auto h-col-md-auto h-col-auto style-930-outer style-local-23-c10-outer\">\n            <div data-colibri-id=\"23-c10\" class=\"d-flex h-flex-basis h-column__inner h-px-lg-2 h-px-md-2 h-px-2 v-inner-lg-2 v-inner-md-2 v-inner-2 style-930 style-local-23-c10 position-relative\">\n              <!---->\n              <!---->\n              <div class=\"w-100 h-y-container h-column__content h-column__v-align flex-basis-100 align-self-lg-start align-self-md-start align-self-start\">\n                <!---->\n                <div data-colibri-id=\"23-c11\" class=\"h-text h-text-component style-931 style-local-23-c11 position-relative h-element\">\n                  <!---->\n                  <!---->\n                  <div class=\"\">\n                    <p>P\u0159elom tis\u00edcilet\u00ed p\u0159inesl v&nbsp;SUPTelu zm\u011bnu partnera a Martina Steinbrechera st\u0159\u00edd\u00e1 rodinn\u00e1 firma Josef Schnell GmBH z&nbsp;n\u011bmeck\u00e9ho Baden Badenu. SUPTel s.r.o. m\u011bn\u00ed pr\u00e1vn\u00ed formu na akciovou spole\u010dnost a za\u010d\u00edn\u00e1 rozvoj dal\u0161\u00edch infrastrukturn\u00edch\n                      staveb, p\u0159edev\u0161\u00edm vodovod\u016f, kanalizac\u00ed a elektrick\u00fdch s\u00edt\u00ed. V&nbsp;telekomunika\u010dn\u00edm odv\u011btv\u00ed spole\u010dnost v&nbsp;t\u00e9to dob\u011b stav\u00ed p\u00e1te\u0159n\u00ed optickou trasu p\u0159es \u00fazem\u00ed \u010cR pro n\u011bmeck\u00fd Alcatel. V&nbsp;roce 2005&nbsp;se st\u00e1v\u00e1 r\u00e1mcov\u00fdm zhotovitelem\n                      skupiny \u010cEZ a Lubom\u00edr Ma\u0161ek vykupuje od rodiny Schnellov\u00fdch jejich pod\u00edl a je jedin\u00fdm akcion\u00e1\u0159em spole\u010dnosti. Aktivity SUPTelu se v&nbsp;t\u00e9 dob\u011b op\u011bt za\u010d\u00ednaj\u00ed roz\u0161i\u0159ovat jak \u00fazemn\u011b tak i&nbsp;oborov\u011b. V&nbsp;roce 2007&nbsp;se SUPTel\n                      vrac\u00ed na slovensk\u00fd trh, tentokr\u00e1t ji\u017e natrvalo, a v&nbsp;\u010cech\u00e1ch vstupuje do oblasti ICT, zejm\u00e9na kamerov\u00fdch a monitorovac\u00edch syst\u00e9m\u016f.<\/p>\n                    <p>Po n\u00e1hl\u00e9m \u00famrt\u00ed Lubom\u00edra Ma\u0161ka na ja\u0159e roku 2011&nbsp;p\u0159eb\u00edr\u00e1 spole\u010dnost jeho dcera Zuzana s&nbsp;man\u017eelem. I&nbsp;d\u00edky dobr\u00e9mu kolektivu se poda\u0159ilo plynule nav\u00e1zat na tradici a dobr\u00e9 jm\u00e9no vybudovan\u00e9 za t\u00e9m\u011b\u0159 dvacetilet\u00e9 p\u016fsoben\u00ed\n                      na trhu. Nov\u00e9 veden\u00ed spole\u010dnost d\u00e1le rozv\u00edj\u00ed a akvizic\u00ed Klatovsk\u00e9 spole\u010dnosti GASSPO spol. s&nbsp;r.o. v&nbsp;roce 2013&nbsp;doplnilo nab\u00eddku slu\u017eeb o&nbsp;oblast plyn\u00e1renstv\u00ed. \u0158ady z\u00e1kazn\u00edk\u016f tak roz\u0161\u00ed\u0159ila skupina RWE. O&nbsp;rok\n                      pozd\u011bji upev\u0148uje SUPTel a.s. svoji pozici i&nbsp;na telekomunika\u010dn\u00edm trhu a v&nbsp;oblasti ICT a kupuje 100&nbsp;% pod\u00edl ve spole\u010dnosti Disk obchod &amp; technika, spol. s&nbsp;r.o. (dnes SUPTel&nbsp;\u2013 DISK, spol. s&nbsp;r.o.).<\/p>\n                    <p>V&nbsp;sou\u010dasn\u00e9 dob\u011b tak SUPTel a.s. a jej\u00ed dce\u0159in\u00e9 spole\u010dnosti nab\u00edz\u00ed kompletn\u00ed portfolio \u010dinnost\u00ed ve v\u00fdstavb\u011b a servisu in\u017een\u00fdrsk\u00fdch s\u00edt\u00ed v&nbsp;oblasti telekomunikac\u00ed, energetiky, stavebnictv\u00ed, dopravy a bezpe\u010dnosti.<\/p>\n                    <p>Spole\u010dnost trvale p\u016fsob\u00ed na v\u011bt\u0161in\u011b \u00fazem\u00ed \u010cesk\u00e9 a Slovensk\u00e9 republiky a realizuje v\u00fdznamn\u00e9 zak\u00e1zky v&nbsp;SRN. Organiza\u010dn\u011b je \u010dlen\u011bna na \u010dty\u0159i v\u00fdrobn\u00ed divize a t\u0159i aktivn\u00ed dce\u0159in\u00e9 spole\u010dnosti. V&nbsp;cel\u00e9m uskupen\u00ed je zam\u011bstn\u00e1no t\u00e9m\u011b\u0159\n                      400&nbsp;zam\u011bstnanc\u016f a konsolidovan\u00e9 tr\u017eby p\u0159esahuj\u00ed p\u016fl miliardy&nbsp;korun.<\/p>\n                  <\/div>\n                <\/div>\n              <\/div>\n            <\/div>\n          <\/div>\n        <\/div>\n      <\/div>\n    <\/div>\n  <\/div>\n  <div data-colibri-component=\"section\" data-colibri-id=\"23-c20\" id=\"reusable-sections\" class=\"h-section h-section-global-spacing d-flex align-items-lg-start align-items-md-start align-items-start style-3238 style-local-23-c20 position-relative\">\n    <!---->\n    <!---->\n    <div class=\"h-section-grid-container h-section-boxed-container\">\n      <div data-colibri-id=\"23-c25\" class=\"h-row-container gutters-row-lg-1 gutters-row-md-1 gutters-row-0 gutters-row-v-lg-1 gutters-row-v-md-1 gutters-row-v-1 style-3243 style-local-23-c25 position-relative\">\n        <!---->\n        <div class=\"h-row justify-content-lg-center justify-content-md-center justify-content-center align-items-lg-stretch align-items-md-stretch align-items-stretch gutters-col-lg-1 gutters-col-md-1 gutters-col-0 gutters-col-v-lg-1 gutters-col-v-md-1 gutters-col-v-1\">\n          <!---->\n          <div class=\"h-column h-column-container d-flex h-col-lg-auto h-col-md-auto h-col-auto style-3244-outer style-local-23-c26-outer\">\n            <div data-colibri-id=\"23-c26\" class=\"d-flex h-flex-basis h-column__inner h-px-lg-1 h-px-md-1 h-px-1 v-inner-lg-1 v-inner-md-1 v-inner-1 style-3244 style-local-23-c26 position-relative\">\n              <!---->\n              <!---->\n              <div class=\"w-100 h-y-container h-column__content h-column__v-align flex-basis-100 align-self-lg-start align-self-md-start align-self-start\">\n                <!---->\n                <div data-colibri-id=\"23-c27\" class=\"h-global-transition-all h-heading style-3245 style-local-23-c27 position-relative h-element\">\n                  <!---->\n                  <div class=\"h-heading__outer style-3245 style-local-23-c27\">\n                    <!---->\n                    <!---->\n                    <h3 class=\"\">PARTNE\u0158I<\/h3>\n                  <\/div>\n                <\/div>\n              <\/div>\n            <\/div>\n          <\/div>\n        <\/div>\n      <\/div>\n      <div data-colibri-id=\"23-c21\" class=\"h-row-container gutters-row-lg-0 gutters-row-md-0 gutters-row-0 gutters-row-v-lg-0 gutters-row-v-md-0 gutters-row-v-0 style-3239 style-local-23-c21 position-relative\">\n        <!---->\n        <div class=\"h-row justify-content-lg-center justify-content-md-center justify-content-center align-items-lg-stretch align-items-md-stretch align-items-stretch gutters-col-lg-0 gutters-col-md-0 gutters-col-0 gutters-col-v-lg-0 gutters-col-v-md-0 gutters-col-v-0\">\n          <!---->\n          <div class=\"h-column h-column-container d-flex h-col-lg-12 h-col-md-12 h-col-12 style-3240-outer style-local-23-c22-outer\">\n            <div data-colibri-id=\"23-c22\" class=\"d-flex h-flex-basis h-column__inner h-px-lg-0 h-px-md-0 h-px-0 v-inner-lg-0 v-inner-md-0 v-inner-0 style-3240 style-local-23-c22 position-relative\">\n              <!---->\n              <!---->\n              <div class=\"w-100 h-y-container h-column__content h-column__v-align flex-basis-100 align-self-lg-start align-self-md-start align-self-start\">\n                <!---->\n                <div data-colibri-id=\"23-c23\" class=\"d-block style-3241 style-local-23-c23 position-relative h-element\">\n                  <!---->\n                  <div class=\"h-image__frame-container-outer\">\n                    <div class=\"h-image__frame-container\">\n                      <!---->\n                      <!---->\n                      <img loading=\"lazy\" decoding=\"async\" width=\"1479\" height=\"158\" src=\"http:\/\/www.suptel.cz\/wp-content\/uploads\/2021\/07\/partneri-1.png\" class=\"wp-image-606 style-3241-image style-local-23-c23-image\" alt=\"\" srcset=\"https:\/\/www.suptel.cz\/wp-content\/uploads\/2021\/07\/partneri-1.png 1479w, https:\/\/www.suptel.cz\/wp-content\/uploads\/2021\/07\/partneri-1-300x32.png 300w, https:\/\/www.suptel.cz\/wp-content\/uploads\/2021\/07\/partneri-1-1024x109.png 1024w, https:\/\/www.suptel.cz\/wp-content\/uploads\/2021\/07\/partneri-1-768x82.png 768w\" sizes=\"auto, (max-width: 1479px) 100vw, 1479px\" \/>\n                      <div class=\"h-image__frame h-hide-lg h-hide-md h-hide-sm style-3241-frameImage style-local-23-c23-frameImage\"><\/div>\n                    <\/div>\n                  <\/div>\n                <\/div>\n              <\/div>\n            <\/div>\n          <\/div>\n          <div class=\"h-column h-column-container d-flex h-col-lg-12 h-col-md-12 h-col-12 style-3242-outer style-local-23-c24-outer\">\n            <div data-colibri-id=\"23-c24\" class=\"d-flex h-flex-basis h-column__inner h-ui-empty-state-container h-px-lg-0 h-px-md-0 h-px-0 v-inner-lg-0 v-inner-md-0 v-inner-0 style-3242 style-local-23-c24 position-relative\">\n              <!---->\n              <!---->\n              <div class=\"w-100 h-y-container h-column__content h-column__v-align flex-basis-100\">\n                <!---->\n              <\/div>\n            <\/div>\n          <\/div>\n        <\/div>\n      <\/div>\n    <\/div>\n  <\/div>\n<\/div>","protected":false},"excerpt":{"rendered":"<p>Jm\u00e9no SUPTel se na \u010desk\u00e9m trhu objevilo poprv\u00e9 v&nbsp;roce 1992, kdy se po spole\u010densk\u00fdch zm\u011bn\u00e1ch otev\u00edr\u00e1 trh a pro v\u011bt\u0161inu \u010cech\u016f nezn\u00e1m\u00fd prostor k&nbsp;podnik\u00e1n\u00ed. T\u00e9to p\u0159\u00edle\u017eitosti beze zbytku vyu\u017eil i&nbsp;zam\u011bstnanec Okresn\u00ed spr\u00e1vy spoj\u016f v&nbsp;Rokycanech Lubom\u00edr Ma\u0161ek. V&nbsp;lednu 1992&nbsp;opou\u0161t\u00ed \u0159ady st\u00e1tn\u00edho podniku a o&nbsp;dva m\u011bs\u00edce pozd\u011bji zakl\u00e1d\u00e1 SUPTel s.r.o. V&nbsp;kr\u00e1tk\u00e9 dob\u011b ho n\u00e1sleduje p\u011bt koleg\u016f a [&hellip;]<\/p>\n","protected":false},"author":1,"featured_media":0,"parent":0,"menu_order":0,"comment_status":"closed","ping_status":"closed","template":"page-templates\/full-width-page.php","meta":{"footnotes":""},"class_list":["post-23","page","type-page","status-publish","hentry"],"yoast_head":"<!-- This site is optimized with the Yoast SEO plugin v27.4 - https:\/\/yoast.com\/product\/yoast-seo-wordpress\/ -->\n<title>O spole\u010dnosti - suptel.cz<\/title>\n<meta name=\"robots\" content=\"index, follow, max-snippet:-1, max-image-preview:large, max-video-preview:-1\" \/>\n<link rel=\"canonical\" href=\"https:\/\/www.suptel.cz\/index.php\/o-spolecnosti\/\" \/>\n<meta property=\"og:locale\" content=\"cs_CZ\" \/>\n<meta property=\"og:type\" content=\"article\" \/>\n<meta property=\"og:title\" content=\"O spole\u010dnosti - suptel.cz\" \/>\n<meta property=\"og:description\" content=\"Jm\u00e9no SUPTel se na \u010desk\u00e9m trhu objevilo poprv\u00e9 v&nbsp;roce 1992, kdy se po spole\u010densk\u00fdch zm\u011bn\u00e1ch otev\u00edr\u00e1 trh a pro v\u011bt\u0161inu \u010cech\u016f nezn\u00e1m\u00fd prostor k&nbsp;podnik\u00e1n\u00ed. T\u00e9to p\u0159\u00edle\u017eitosti beze zbytku vyu\u017eil i&nbsp;zam\u011bstnanec Okresn\u00ed spr\u00e1vy spoj\u016f v&nbsp;Rokycanech Lubom\u00edr Ma\u0161ek. V&nbsp;lednu 1992&nbsp;opou\u0161t\u00ed \u0159ady st\u00e1tn\u00edho podniku a o&nbsp;dva m\u011bs\u00edce pozd\u011bji zakl\u00e1d\u00e1 SUPTel s.r.o. V&nbsp;kr\u00e1tk\u00e9 dob\u011b ho n\u00e1sleduje p\u011bt koleg\u016f a [&hellip;]\" \/>\n<meta property=\"og:url\" content=\"https:\/\/www.suptel.cz\/index.php\/o-spolecnosti\/\" \/>\n<meta property=\"og:site_name\" content=\"suptel.cz\" \/>\n<meta property=\"article:modified_time\" content=\"2021-07-30T14:52:50+00:00\" \/>\n<meta property=\"og:image\" content=\"https:\/\/www.suptel.cz\/wp-content\/uploads\/2021\/07\/lubomir_masek-1.jpg\" \/>\n\t<meta property=\"og:image:width\" content=\"146\" \/>\n\t<meta property=\"og:image:height\" content=\"225\" \/>\n\t<meta property=\"og:image:type\" content=\"image\/jpeg\" \/>\n<meta name=\"twitter:card\" content=\"summary_large_image\" \/>\n<meta name=\"twitter:label1\" content=\"Odhadovan\u00e1 doba \u010dten\u00ed\" \/>\n\t<meta name=\"twitter:data1\" content=\"3 minuty\" \/>\n<script type=\"application\/ld+json\" class=\"yoast-schema-graph\">{\"@context\":\"https:\\\/\\\/schema.org\",\"@graph\":[{\"@type\":\"WebPage\",\"@id\":\"https:\\\/\\\/www.suptel.cz\\\/index.php\\\/o-spolecnosti\\\/\",\"url\":\"https:\\\/\\\/www.suptel.cz\\\/index.php\\\/o-spolecnosti\\\/\",\"name\":\"O spole\u010dnosti - suptel.cz\",\"isPartOf\":{\"@id\":\"https:\\\/\\\/www.suptel.cz\\\/#website\"},\"primaryImageOfPage\":{\"@id\":\"https:\\\/\\\/www.suptel.cz\\\/index.php\\\/o-spolecnosti\\\/#primaryimage\"},\"image\":{\"@id\":\"https:\\\/\\\/www.suptel.cz\\\/index.php\\\/o-spolecnosti\\\/#primaryimage\"},\"thumbnailUrl\":\"http:\\\/\\\/www.suptel.cz\\\/wp-content\\\/uploads\\\/2021\\\/07\\\/lubomir_masek-1.jpg\",\"datePublished\":\"2021-07-02T06:54:55+00:00\",\"dateModified\":\"2021-07-30T14:52:50+00:00\",\"breadcrumb\":{\"@id\":\"https:\\\/\\\/www.suptel.cz\\\/index.php\\\/o-spolecnosti\\\/#breadcrumb\"},\"inLanguage\":\"cs\",\"potentialAction\":[{\"@type\":\"ReadAction\",\"target\":[\"https:\\\/\\\/www.suptel.cz\\\/index.php\\\/o-spolecnosti\\\/\"]}]},{\"@type\":\"ImageObject\",\"inLanguage\":\"cs\",\"@id\":\"https:\\\/\\\/www.suptel.cz\\\/index.php\\\/o-spolecnosti\\\/#primaryimage\",\"url\":\"https:\\\/\\\/www.suptel.cz\\\/wp-content\\\/uploads\\\/2021\\\/07\\\/lubomir_masek-1.jpg\",\"contentUrl\":\"https:\\\/\\\/www.suptel.cz\\\/wp-content\\\/uploads\\\/2021\\\/07\\\/lubomir_masek-1.jpg\",\"width\":146,\"height\":225},{\"@type\":\"BreadcrumbList\",\"@id\":\"https:\\\/\\\/www.suptel.cz\\\/index.php\\\/o-spolecnosti\\\/#breadcrumb\",\"itemListElement\":[{\"@type\":\"ListItem\",\"position\":1,\"name\":\"Dom\u016f\",\"item\":\"https:\\\/\\\/www.suptel.cz\\\/index.php\\\/front-page-deutsch\\\/\"},{\"@type\":\"ListItem\",\"position\":2,\"name\":\"O spole\u010dnosti\"}]},{\"@type\":\"WebSite\",\"@id\":\"https:\\\/\\\/www.suptel.cz\\\/#website\",\"url\":\"https:\\\/\\\/www.suptel.cz\\\/\",\"name\":\"suptel.cz\",\"description\":\"telekomunikace, energetika, stavebnictv\u00ed, doprava a bezpe\u010dnost\",\"publisher\":{\"@id\":\"https:\\\/\\\/www.suptel.cz\\\/#organization\"},\"potentialAction\":[{\"@type\":\"SearchAction\",\"target\":{\"@type\":\"EntryPoint\",\"urlTemplate\":\"https:\\\/\\\/www.suptel.cz\\\/?s={search_term_string}\"},\"query-input\":{\"@type\":\"PropertyValueSpecification\",\"valueRequired\":true,\"valueName\":\"search_term_string\"}}],\"inLanguage\":\"cs\"},{\"@type\":\"Organization\",\"@id\":\"https:\\\/\\\/www.suptel.cz\\\/#organization\",\"name\":\"SUPTel a.s.\",\"url\":\"https:\\\/\\\/www.suptel.cz\\\/\",\"logo\":{\"@type\":\"ImageObject\",\"inLanguage\":\"cs\",\"@id\":\"https:\\\/\\\/www.suptel.cz\\\/#\\\/schema\\\/logo\\\/image\\\/\",\"url\":\"https:\\\/\\\/www.suptel.cz\\\/wp-content\\\/uploads\\\/2021\\\/07\\\/SUPTel-claim-CZ-color-negativ-yellow-white_300.png\",\"contentUrl\":\"https:\\\/\\\/www.suptel.cz\\\/wp-content\\\/uploads\\\/2021\\\/07\\\/SUPTel-claim-CZ-color-negativ-yellow-white_300.png\",\"width\":307,\"height\":155,\"caption\":\"SUPTel a.s.\"},\"image\":{\"@id\":\"https:\\\/\\\/www.suptel.cz\\\/#\\\/schema\\\/logo\\\/image\\\/\"}}]}<\/script>\n<!-- \/ Yoast SEO plugin. -->","yoast_head_json":{"title":"O spole\u010dnosti - suptel.cz","robots":{"index":"index","follow":"follow","max-snippet":"max-snippet:-1","max-image-preview":"max-image-preview:large","max-video-preview":"max-video-preview:-1"},"canonical":"https:\/\/www.suptel.cz\/index.php\/o-spolecnosti\/","og_locale":"cs_CZ","og_type":"article","og_title":"O spole\u010dnosti - suptel.cz","og_description":"Jm\u00e9no SUPTel se na \u010desk\u00e9m trhu objevilo poprv\u00e9 v&nbsp;roce 1992, kdy se po spole\u010densk\u00fdch zm\u011bn\u00e1ch otev\u00edr\u00e1 trh a pro v\u011bt\u0161inu \u010cech\u016f nezn\u00e1m\u00fd prostor k&nbsp;podnik\u00e1n\u00ed. T\u00e9to p\u0159\u00edle\u017eitosti beze zbytku vyu\u017eil i&nbsp;zam\u011bstnanec Okresn\u00ed spr\u00e1vy spoj\u016f v&nbsp;Rokycanech Lubom\u00edr Ma\u0161ek. V&nbsp;lednu 1992&nbsp;opou\u0161t\u00ed \u0159ady st\u00e1tn\u00edho podniku a o&nbsp;dva m\u011bs\u00edce pozd\u011bji zakl\u00e1d\u00e1 SUPTel s.r.o. V&nbsp;kr\u00e1tk\u00e9 dob\u011b ho n\u00e1sleduje p\u011bt koleg\u016f a [&hellip;]","og_url":"https:\/\/www.suptel.cz\/index.php\/o-spolecnosti\/","og_site_name":"suptel.cz","article_modified_time":"2021-07-30T14:52:50+00:00","og_image":[{"width":146,"height":225,"url":"https:\/\/www.suptel.cz\/wp-content\/uploads\/2021\/07\/lubomir_masek-1.jpg","type":"image\/jpeg"}],"twitter_card":"summary_large_image","twitter_misc":{"Odhadovan\u00e1 doba \u010dten\u00ed":"3 minuty"},"schema":{"@context":"https:\/\/schema.org","@graph":[{"@type":"WebPage","@id":"https:\/\/www.suptel.cz\/index.php\/o-spolecnosti\/","url":"https:\/\/www.suptel.cz\/index.php\/o-spolecnosti\/","name":"O spole\u010dnosti - suptel.cz","isPartOf":{"@id":"https:\/\/www.suptel.cz\/#website"},"primaryImageOfPage":{"@id":"https:\/\/www.suptel.cz\/index.php\/o-spolecnosti\/#primaryimage"},"image":{"@id":"https:\/\/www.suptel.cz\/index.php\/o-spolecnosti\/#primaryimage"},"thumbnailUrl":"http:\/\/www.suptel.cz\/wp-content\/uploads\/2021\/07\/lubomir_masek-1.jpg","datePublished":"2021-07-02T06:54:55+00:00","dateModified":"2021-07-30T14:52:50+00:00","breadcrumb":{"@id":"https:\/\/www.suptel.cz\/index.php\/o-spolecnosti\/#breadcrumb"},"inLanguage":"cs","potentialAction":[{"@type":"ReadAction","target":["https:\/\/www.suptel.cz\/index.php\/o-spolecnosti\/"]}]},{"@type":"ImageObject","inLanguage":"cs","@id":"https:\/\/www.suptel.cz\/index.php\/o-spolecnosti\/#primaryimage","url":"https:\/\/www.suptel.cz\/wp-content\/uploads\/2021\/07\/lubomir_masek-1.jpg","contentUrl":"https:\/\/www.suptel.cz\/wp-content\/uploads\/2021\/07\/lubomir_masek-1.jpg","width":146,"height":225},{"@type":"BreadcrumbList","@id":"https:\/\/www.suptel.cz\/index.php\/o-spolecnosti\/#breadcrumb","itemListElement":[{"@type":"ListItem","position":1,"name":"Dom\u016f","item":"https:\/\/www.suptel.cz\/index.php\/front-page-deutsch\/"},{"@type":"ListItem","position":2,"name":"O spole\u010dnosti"}]},{"@type":"WebSite","@id":"https:\/\/www.suptel.cz\/#website","url":"https:\/\/www.suptel.cz\/","name":"suptel.cz","description":"telekomunikace, energetika, stavebnictv\u00ed, doprava a bezpe\u010dnost","publisher":{"@id":"https:\/\/www.suptel.cz\/#organization"},"potentialAction":[{"@type":"SearchAction","target":{"@type":"EntryPoint","urlTemplate":"https:\/\/www.suptel.cz\/?s={search_term_string}"},"query-input":{"@type":"PropertyValueSpecification","valueRequired":true,"valueName":"search_term_string"}}],"inLanguage":"cs"},{"@type":"Organization","@id":"https:\/\/www.suptel.cz\/#organization","name":"SUPTel a.s.","url":"https:\/\/www.suptel.cz\/","logo":{"@type":"ImageObject","inLanguage":"cs","@id":"https:\/\/www.suptel.cz\/#\/schema\/logo\/image\/","url":"https:\/\/www.suptel.cz\/wp-content\/uploads\/2021\/07\/SUPTel-claim-CZ-color-negativ-yellow-white_300.png","contentUrl":"https:\/\/www.suptel.cz\/wp-content\/uploads\/2021\/07\/SUPTel-claim-CZ-color-negativ-yellow-white_300.png","width":307,"height":155,"caption":"SUPTel a.s."},"image":{"@id":"https:\/\/www.suptel.cz\/#\/schema\/logo\/image\/"}}]}},"_links":{"self":[{"href":"https:\/\/www.suptel.cz\/index.php\/wp-json\/wp\/v2\/pages\/23","targetHints":{"allow":["GET"]}}],"collection":[{"href":"https:\/\/www.suptel.cz\/index.php\/wp-json\/wp\/v2\/pages"}],"about":[{"href":"https:\/\/www.suptel.cz\/index.php\/wp-json\/wp\/v2\/types\/page"}],"author":[{"embeddable":true,"href":"https:\/\/www.suptel.cz\/index.php\/wp-json\/wp\/v2\/users\/1"}],"replies":[{"embeddable":true,"href":"https:\/\/www.suptel.cz\/index.php\/wp-json\/wp\/v2\/comments?post=23"}],"version-history":[{"count":18,"href":"https:\/\/www.suptel.cz\/index.php\/wp-json\/wp\/v2\/pages\/23\/revisions"}],"predecessor-version":[{"id":5199,"href":"https:\/\/www.suptel.cz\/index.php\/wp-json\/wp\/v2\/pages\/23\/revisions\/5199"}],"wp:attachment":[{"href":"https:\/\/www.suptel.cz\/index.php\/wp-json\/wp\/v2\/media?parent=23"}],"curies":[{"name":"wp","href":"https:\/\/api.w.org\/{rel}","templated":true}]}}