{"id":6707,"date":"2021-08-05T18:43:30","date_gmt":"2021-08-05T18:43:30","guid":{"rendered":"https:\/\/www.prepojene.sk\/?page_id=6707"},"modified":"2024-02-05T21:34:51","modified_gmt":"2024-02-05T21:34:51","slug":"vyjadrovanie-3","status":"publish","type":"page","link":"https:\/\/www.suptel.cz\/index.php\/vyjadrovanie-3\/","title":{"rendered":"Vyjadrovanie"},"content":{"rendered":"<div data-colibri-id=\"6707-c1\" class=\"style-3640 style-local-6707-c1 position-relative\">\n  <!---->\n  <div data-colibri-component=\"section\" data-colibri-id=\"6707-c2\" id=\"custom\" class=\"h-section h-section-global-spacing d-flex align-items-lg-center align-items-md-center align-items-center style-3641 style-local-6707-c2 position-relative\">\n    <!---->\n    <!---->\n    <div class=\"h-section-grid-container h-section-boxed-container\">\n      <!---->\n      <div data-colibri-id=\"6707-c3\" class=\"h-row-container gutters-row-lg-2 gutters-row-md-2 gutters-row-0 gutters-row-v-lg-2 gutters-row-v-md-2 gutters-row-v-2 style-3642 style-local-6707-c3 position-relative\">\n        <!---->\n        <div class=\"h-row justify-content-lg-center justify-content-md-center justify-content-center align-items-lg-stretch align-items-md-stretch align-items-stretch gutters-col-lg-2 gutters-col-md-2 gutters-col-0 gutters-col-v-lg-2 gutters-col-v-md-2 gutters-col-v-2\">\n          <!---->\n          <div class=\"h-column h-column-container d-flex h-col-lg-auto h-col-md-auto h-col-auto style-3643-outer style-local-6707-c4-outer\">\n            <div data-colibri-id=\"6707-c4\" class=\"d-flex h-flex-basis h-column__inner h-px-lg-2 h-px-md-2 h-px-2 v-inner-lg-2 v-inner-md-2 v-inner-2 style-3643 style-local-6707-c4 position-relative\">\n              <!---->\n              <!---->\n              <div class=\"w-100 h-y-container h-column__content h-column__v-align flex-basis-100 align-self-lg-start align-self-md-start align-self-start\">\n                <!---->\n                <div data-colibri-id=\"6707-c5\" class=\"h-text h-text-component style-3653 style-local-6707-c5 position-relative h-element\">\n                  <!---->\n                  <!---->\n                  <div class=\"\">\n                    <p><strong>Nasleduj\u00face inform\u00e1cie sa t\u00fdkaj\u00fa vyjadrovania na Slovensku<\/strong>, inform\u00e1cie pre \u010cesko\n                      <a href=\"https:\/\/www.suptel.cz\/index.php\/vyjadrovani\">s\u00fa&nbsp;tu<\/a>.<\/p>\n                    <h3>Vyjadrenie o&nbsp;existencii TKZ<\/h3>\n                    <p>Vyjadrenie o&nbsp;existencii telekomunika\u010dn\u00fdch zariaden\u00ed je pod\u013ea \u00a7 66&nbsp;ods. 6&nbsp;z\u00e1kona \u010d. 351\/2011 Z.z. o&nbsp;elektronick\u00fdch komunik\u00e1ci\u00e1ch povinnou pr\u00edlohou ka\u017edej \u017eiadosti o&nbsp;vydanie \u00dazemn\u00e9ho rozhodnutia resp. stavebn\u00e9ho\n                      povolenia k&nbsp;stavbe.<\/p>\n                    <p>Na\u0161a spolo\u010dnos\u0165 na z\u00e1klade r\u00e1mcovej zmluvy so spolo\u010dnos\u0165ou Towercom a.s. zabezpe\u010duje servis optickej siete menovan\u00e9ho prev\u00e1dzkovate\u013ea na \u00fazem\u00ed cel\u00e9ho Slovenska. V&nbsp;r\u00e1mci tejto \u010dinnosti je zahrnut\u00e9 aj vyjadrovanie sa k&nbsp;existencii\n                      TKZ pre stavebn\u00e9 konanie (\u00daR, SP, ODS) aj pre realiz\u00e1ciu stavebn\u00fdch \u010dinnost\u00ed, ktor\u00e9 prich\u00e1dzaj\u00fa do styku s&nbsp;TKZ Towercom a.s.. Taktie\u017e zabezpe\u010dujeme vyt\u00fd\u010denie TKZ v&nbsp;ter\u00e9ne a ur\u010denie podmienok styku s&nbsp;TKZ.<\/p>\n                    <h3>Kontakty na posielanie \u017eiadost\u00ed o&nbsp;vyjadrenie k&nbsp;TKZ:<\/h3>\n                    <p>SUPTel s.r.o. Pri \u0160ajb\u00e1ch 3 831 06&nbsp;Bratislava E-mail:\n                      <a href=\"mailto:suptel@suptel.sk\">suptel@suptel.sk<\/a> Tel.: +421&nbsp;244&nbsp;451&nbsp;339<\/p>\n                    <h3>Ku ka\u017edej \u017eiadosti o&nbsp;vyjadrenie je potrebn\u00e9 predlo\u017ei\u0165:<\/h3>\n                    <p>a. project stavby, respektive situ\u00e1ciu umiestnenia stavby <\/p>\n                    <p>b. mapu \u0161ir\u0161\u00edch vz\u0165ahov, respective mapu s&nbsp;vyzna\u010den\u00fdm z\u00e1ujmov\u00e9ho&nbsp;\u00fazemia <\/p>\n                    <p>c. uvies\u0165 po\u0161tov\u00fa adresu pre doru\u010denie vyjadrenia<\/p>\n                  <\/div>\n                <\/div>\n              <\/div>\n            <\/div>\n          <\/div>\n        <\/div>\n      <\/div>\n    <\/div>\n  <\/div>\n  <div data-colibri-component=\"section\" data-colibri-id=\"6707-c14\" id=\"reusable-sections-2\" class=\"h-section h-section-global-spacing d-flex align-items-lg-start align-items-md-start align-items-start style-6802 style-local-6707-c14 position-relative\">\n    <!---->\n    <!---->\n    <div class=\"h-section-grid-container h-section-boxed-container\">\n      <div data-colibri-id=\"6707-c19\" class=\"h-row-container gutters-row-lg-1 gutters-row-md-1 gutters-row-0 gutters-row-v-lg-1 gutters-row-v-md-1 gutters-row-v-1 style-6807 style-local-6707-c19 position-relative\">\n        <!---->\n        <div class=\"h-row justify-content-lg-center justify-content-md-center justify-content-center align-items-lg-stretch align-items-md-stretch align-items-stretch gutters-col-lg-1 gutters-col-md-1 gutters-col-0 gutters-col-v-lg-1 gutters-col-v-md-1 gutters-col-v-1\">\n          <!---->\n          <div class=\"h-column h-column-container d-flex h-col-lg-auto h-col-md-auto h-col-auto style-6808-outer style-local-6707-c20-outer\">\n            <div data-colibri-id=\"6707-c20\" class=\"d-flex h-flex-basis h-column__inner h-px-lg-1 h-px-md-1 h-px-1 v-inner-lg-1 v-inner-md-1 v-inner-1 style-6808 style-local-6707-c20 position-relative\">\n              <!---->\n              <!---->\n              <div class=\"w-100 h-y-container h-column__content h-column__v-align flex-basis-100 align-self-lg-start align-self-md-start align-self-start\">\n                <!---->\n                <div data-colibri-id=\"6707-c21\" class=\"h-global-transition-all h-heading style-6809 style-local-6707-c21 position-relative h-element\">\n                  <!---->\n                  <div class=\"h-heading__outer style-6809 style-local-6707-c21\">\n                    <!---->\n                    <!---->\n                    <h3 class=\"\">PARTNERI<\/h3>\n                  <\/div>\n                <\/div>\n              <\/div>\n            <\/div>\n          <\/div>\n        <\/div>\n      <\/div>\n      <div data-colibri-id=\"6707-c15\" class=\"h-row-container gutters-row-lg-0 gutters-row-md-0 gutters-row-0 gutters-row-v-lg-0 gutters-row-v-md-0 gutters-row-v-0 style-6803 style-local-6707-c15 position-relative\">\n        <!---->\n        <div class=\"h-row justify-content-lg-center justify-content-md-center justify-content-center align-items-lg-stretch align-items-md-stretch align-items-stretch gutters-col-lg-0 gutters-col-md-0 gutters-col-0 gutters-col-v-lg-0 gutters-col-v-md-0 gutters-col-v-0\">\n          <!---->\n          <div class=\"h-column h-column-container d-flex h-col-lg-12 h-col-md-12 h-col-12 style-6804-outer style-local-6707-c16-outer\">\n            <div data-colibri-id=\"6707-c16\" class=\"d-flex h-flex-basis h-column__inner h-px-lg-0 h-px-md-0 h-px-0 v-inner-lg-0 v-inner-md-0 v-inner-0 style-6804 style-local-6707-c16 position-relative\">\n              <!---->\n              <!---->\n              <div class=\"w-100 h-y-container h-column__content h-column__v-align flex-basis-100 align-self-lg-start align-self-md-start align-self-start\">\n                <!---->\n                <div data-colibri-id=\"6707-c17\" class=\"d-block style-6805 style-local-6707-c17 position-relative h-element\">\n                  <!---->\n                  <div class=\"h-image__frame-container-outer\">\n                    <div class=\"h-image__frame-container\">\n                      <!---->\n                      <!---->\n                      <img loading=\"lazy\" decoding=\"async\" width=\"1479\" height=\"158\" src=\"http:\/\/www.suptel.cz\/wp-content\/uploads\/2021\/07\/partneri-1.png\" class=\"wp-image-606 style-6805-image style-local-6707-c17-image\" alt=\"\" srcset=\"https:\/\/www.suptel.cz\/wp-content\/uploads\/2021\/07\/partneri-1.png 1479w, https:\/\/www.suptel.cz\/wp-content\/uploads\/2021\/07\/partneri-1-300x32.png 300w, https:\/\/www.suptel.cz\/wp-content\/uploads\/2021\/07\/partneri-1-1024x109.png 1024w, https:\/\/www.suptel.cz\/wp-content\/uploads\/2021\/07\/partneri-1-768x82.png 768w\" sizes=\"auto, (max-width: 1479px) 100vw, 1479px\" \/>\n                      <div class=\"h-image__frame h-hide-lg h-hide-md h-hide-sm style-6805-frameImage style-local-6707-c17-frameImage\"><\/div>\n                    <\/div>\n                  <\/div>\n                <\/div>\n              <\/div>\n            <\/div>\n          <\/div>\n          <div class=\"h-column h-column-container d-flex h-col-lg-12 h-col-md-12 h-col-12 style-6806-outer style-local-6707-c18-outer\">\n            <div data-colibri-id=\"6707-c18\" class=\"d-flex h-flex-basis h-column__inner h-ui-empty-state-container h-px-lg-0 h-px-md-0 h-px-0 v-inner-lg-0 v-inner-md-0 v-inner-0 style-6806 style-local-6707-c18 position-relative\">\n              <!---->\n              <!---->\n              <div class=\"w-100 h-y-container h-column__content h-column__v-align flex-basis-100\">\n                <!---->\n              <\/div>\n            <\/div>\n          <\/div>\n        <\/div>\n      <\/div>\n    <\/div>\n  <\/div>\n<\/div>","protected":false},"excerpt":{"rendered":"<p>Nasleduj\u00face inform\u00e1cie sa t\u00fdkaj\u00fa vyjadrovania na Slovensku, inform\u00e1cie pre \u010cesko s\u00fa&nbsp;tu. Vyjadrenie o&nbsp;existencii TKZ Vyjadrenie o&nbsp;existencii telekomunika\u010dn\u00fdch zariaden\u00ed je pod\u013ea \u00a7 66&nbsp;ods. 6&nbsp;z\u00e1kona \u010d. 351\/2011 Z.z. o&nbsp;elektronick\u00fdch komunik\u00e1ci\u00e1ch povinnou pr\u00edlohou ka\u017edej \u017eiadosti o&nbsp;vydanie \u00dazemn\u00e9ho rozhodnutia resp. stavebn\u00e9ho povolenia k&nbsp;stavbe. Na\u0161a spolo\u010dnos\u0165 na z\u00e1klade r\u00e1mcovej zmluvy so spolo\u010dnos\u0165ou Towercom a.s. zabezpe\u010duje servis optickej siete menovan\u00e9ho prev\u00e1dzkovate\u013ea [&hellip;]<\/p>\n","protected":false},"author":1,"featured_media":0,"parent":0,"menu_order":0,"comment_status":"closed","ping_status":"closed","template":"page-templates\/full-width-page.php","meta":{"footnotes":""},"class_list":["post-6707","page","type-page","status-publish","hentry"],"yoast_head":"<!-- This site is optimized with the Yoast SEO plugin v27.4 - https:\/\/yoast.com\/product\/yoast-seo-wordpress\/ -->\n<title>Vyjadrovanie - suptel.cz<\/title>\n<meta name=\"robots\" content=\"index, follow, max-snippet:-1, max-image-preview:large, max-video-preview:-1\" \/>\n<link rel=\"canonical\" href=\"https:\/\/www.suptel.cz\/index.php\/vyjadrovanie-3\/\" \/>\n<meta property=\"og:locale\" content=\"cs_CZ\" \/>\n<meta property=\"og:type\" content=\"article\" \/>\n<meta property=\"og:title\" content=\"Vyjadrovanie - suptel.cz\" \/>\n<meta property=\"og:description\" content=\"Nasleduj\u00face inform\u00e1cie sa t\u00fdkaj\u00fa vyjadrovania na Slovensku, inform\u00e1cie pre \u010cesko s\u00fa&nbsp;tu. Vyjadrenie o&nbsp;existencii TKZ Vyjadrenie o&nbsp;existencii telekomunika\u010dn\u00fdch zariaden\u00ed je pod\u013ea \u00a7 66&nbsp;ods. 6&nbsp;z\u00e1kona \u010d. 351\/2011 Z.z. o&nbsp;elektronick\u00fdch komunik\u00e1ci\u00e1ch povinnou pr\u00edlohou ka\u017edej \u017eiadosti o&nbsp;vydanie \u00dazemn\u00e9ho rozhodnutia resp. stavebn\u00e9ho povolenia k&nbsp;stavbe. Na\u0161a spolo\u010dnos\u0165 na z\u00e1klade r\u00e1mcovej zmluvy so spolo\u010dnos\u0165ou Towercom a.s. zabezpe\u010duje servis optickej siete menovan\u00e9ho prev\u00e1dzkovate\u013ea [&hellip;]\" \/>\n<meta property=\"og:url\" content=\"https:\/\/www.suptel.cz\/index.php\/vyjadrovanie-3\/\" \/>\n<meta property=\"og:site_name\" content=\"suptel.cz\" \/>\n<meta property=\"article:modified_time\" content=\"2024-02-05T21:34:51+00:00\" \/>\n<meta property=\"og:image\" content=\"https:\/\/www.suptel.cz\/wp-content\/uploads\/2021\/07\/partneri-1.png\" \/>\n\t<meta property=\"og:image:width\" content=\"1479\" \/>\n\t<meta property=\"og:image:height\" content=\"158\" \/>\n\t<meta property=\"og:image:type\" content=\"image\/png\" \/>\n<meta name=\"twitter:card\" content=\"summary_large_image\" \/>\n<meta name=\"twitter:label1\" content=\"Odhadovan\u00e1 doba \u010dten\u00ed\" \/>\n\t<meta name=\"twitter:data1\" content=\"1 minuta\" \/>\n<script type=\"application\/ld+json\" class=\"yoast-schema-graph\">{\"@context\":\"https:\\\/\\\/schema.org\",\"@graph\":[{\"@type\":\"WebPage\",\"@id\":\"https:\\\/\\\/www.suptel.cz\\\/index.php\\\/vyjadrovanie-3\\\/\",\"url\":\"https:\\\/\\\/www.suptel.cz\\\/index.php\\\/vyjadrovanie-3\\\/\",\"name\":\"Vyjadrovanie - suptel.cz\",\"isPartOf\":{\"@id\":\"https:\\\/\\\/www.suptel.cz\\\/#website\"},\"primaryImageOfPage\":{\"@id\":\"https:\\\/\\\/www.suptel.cz\\\/index.php\\\/vyjadrovanie-3\\\/#primaryimage\"},\"image\":{\"@id\":\"https:\\\/\\\/www.suptel.cz\\\/index.php\\\/vyjadrovanie-3\\\/#primaryimage\"},\"thumbnailUrl\":\"http:\\\/\\\/www.suptel.cz\\\/wp-content\\\/uploads\\\/2021\\\/07\\\/partneri-1.png\",\"datePublished\":\"2021-08-05T18:43:30+00:00\",\"dateModified\":\"2024-02-05T21:34:51+00:00\",\"breadcrumb\":{\"@id\":\"https:\\\/\\\/www.suptel.cz\\\/index.php\\\/vyjadrovanie-3\\\/#breadcrumb\"},\"inLanguage\":\"cs\",\"potentialAction\":[{\"@type\":\"ReadAction\",\"target\":[\"https:\\\/\\\/www.suptel.cz\\\/index.php\\\/vyjadrovanie-3\\\/\"]}]},{\"@type\":\"ImageObject\",\"inLanguage\":\"cs\",\"@id\":\"https:\\\/\\\/www.suptel.cz\\\/index.php\\\/vyjadrovanie-3\\\/#primaryimage\",\"url\":\"https:\\\/\\\/www.suptel.cz\\\/wp-content\\\/uploads\\\/2021\\\/07\\\/partneri-1.png\",\"contentUrl\":\"https:\\\/\\\/www.suptel.cz\\\/wp-content\\\/uploads\\\/2021\\\/07\\\/partneri-1.png\",\"width\":1479,\"height\":158},{\"@type\":\"BreadcrumbList\",\"@id\":\"https:\\\/\\\/www.suptel.cz\\\/index.php\\\/vyjadrovanie-3\\\/#breadcrumb\",\"itemListElement\":[{\"@type\":\"ListItem\",\"position\":1,\"name\":\"Dom\u016f\",\"item\":\"https:\\\/\\\/www.suptel.cz\\\/index.php\\\/front-page-deutsch\\\/\"},{\"@type\":\"ListItem\",\"position\":2,\"name\":\"Vyjadrovanie\"}]},{\"@type\":\"WebSite\",\"@id\":\"https:\\\/\\\/www.suptel.cz\\\/#website\",\"url\":\"https:\\\/\\\/www.suptel.cz\\\/\",\"name\":\"suptel.cz\",\"description\":\"telekomunikace, energetika, stavebnictv\u00ed, doprava a bezpe\u010dnost\",\"publisher\":{\"@id\":\"https:\\\/\\\/www.suptel.cz\\\/#organization\"},\"potentialAction\":[{\"@type\":\"SearchAction\",\"target\":{\"@type\":\"EntryPoint\",\"urlTemplate\":\"https:\\\/\\\/www.suptel.cz\\\/?s={search_term_string}\"},\"query-input\":{\"@type\":\"PropertyValueSpecification\",\"valueRequired\":true,\"valueName\":\"search_term_string\"}}],\"inLanguage\":\"cs\"},{\"@type\":\"Organization\",\"@id\":\"https:\\\/\\\/www.suptel.cz\\\/#organization\",\"name\":\"SUPTel a.s.\",\"url\":\"https:\\\/\\\/www.suptel.cz\\\/\",\"logo\":{\"@type\":\"ImageObject\",\"inLanguage\":\"cs\",\"@id\":\"https:\\\/\\\/www.suptel.cz\\\/#\\\/schema\\\/logo\\\/image\\\/\",\"url\":\"https:\\\/\\\/www.suptel.cz\\\/wp-content\\\/uploads\\\/2021\\\/07\\\/SUPTel-claim-CZ-color-negativ-yellow-white_300.png\",\"contentUrl\":\"https:\\\/\\\/www.suptel.cz\\\/wp-content\\\/uploads\\\/2021\\\/07\\\/SUPTel-claim-CZ-color-negativ-yellow-white_300.png\",\"width\":307,\"height\":155,\"caption\":\"SUPTel a.s.\"},\"image\":{\"@id\":\"https:\\\/\\\/www.suptel.cz\\\/#\\\/schema\\\/logo\\\/image\\\/\"}}]}<\/script>\n<!-- \/ Yoast SEO plugin. -->","yoast_head_json":{"title":"Vyjadrovanie - suptel.cz","robots":{"index":"index","follow":"follow","max-snippet":"max-snippet:-1","max-image-preview":"max-image-preview:large","max-video-preview":"max-video-preview:-1"},"canonical":"https:\/\/www.suptel.cz\/index.php\/vyjadrovanie-3\/","og_locale":"cs_CZ","og_type":"article","og_title":"Vyjadrovanie - suptel.cz","og_description":"Nasleduj\u00face inform\u00e1cie sa t\u00fdkaj\u00fa vyjadrovania na Slovensku, inform\u00e1cie pre \u010cesko s\u00fa&nbsp;tu. Vyjadrenie o&nbsp;existencii TKZ Vyjadrenie o&nbsp;existencii telekomunika\u010dn\u00fdch zariaden\u00ed je pod\u013ea \u00a7 66&nbsp;ods. 6&nbsp;z\u00e1kona \u010d. 351\/2011 Z.z. o&nbsp;elektronick\u00fdch komunik\u00e1ci\u00e1ch povinnou pr\u00edlohou ka\u017edej \u017eiadosti o&nbsp;vydanie \u00dazemn\u00e9ho rozhodnutia resp. stavebn\u00e9ho povolenia k&nbsp;stavbe. Na\u0161a spolo\u010dnos\u0165 na z\u00e1klade r\u00e1mcovej zmluvy so spolo\u010dnos\u0165ou Towercom a.s. zabezpe\u010duje servis optickej siete menovan\u00e9ho prev\u00e1dzkovate\u013ea [&hellip;]","og_url":"https:\/\/www.suptel.cz\/index.php\/vyjadrovanie-3\/","og_site_name":"suptel.cz","article_modified_time":"2024-02-05T21:34:51+00:00","og_image":[{"width":1479,"height":158,"url":"https:\/\/www.suptel.cz\/wp-content\/uploads\/2021\/07\/partneri-1.png","type":"image\/png"}],"twitter_card":"summary_large_image","twitter_misc":{"Odhadovan\u00e1 doba \u010dten\u00ed":"1 minuta"},"schema":{"@context":"https:\/\/schema.org","@graph":[{"@type":"WebPage","@id":"https:\/\/www.suptel.cz\/index.php\/vyjadrovanie-3\/","url":"https:\/\/www.suptel.cz\/index.php\/vyjadrovanie-3\/","name":"Vyjadrovanie - suptel.cz","isPartOf":{"@id":"https:\/\/www.suptel.cz\/#website"},"primaryImageOfPage":{"@id":"https:\/\/www.suptel.cz\/index.php\/vyjadrovanie-3\/#primaryimage"},"image":{"@id":"https:\/\/www.suptel.cz\/index.php\/vyjadrovanie-3\/#primaryimage"},"thumbnailUrl":"http:\/\/www.suptel.cz\/wp-content\/uploads\/2021\/07\/partneri-1.png","datePublished":"2021-08-05T18:43:30+00:00","dateModified":"2024-02-05T21:34:51+00:00","breadcrumb":{"@id":"https:\/\/www.suptel.cz\/index.php\/vyjadrovanie-3\/#breadcrumb"},"inLanguage":"cs","potentialAction":[{"@type":"ReadAction","target":["https:\/\/www.suptel.cz\/index.php\/vyjadrovanie-3\/"]}]},{"@type":"ImageObject","inLanguage":"cs","@id":"https:\/\/www.suptel.cz\/index.php\/vyjadrovanie-3\/#primaryimage","url":"https:\/\/www.suptel.cz\/wp-content\/uploads\/2021\/07\/partneri-1.png","contentUrl":"https:\/\/www.suptel.cz\/wp-content\/uploads\/2021\/07\/partneri-1.png","width":1479,"height":158},{"@type":"BreadcrumbList","@id":"https:\/\/www.suptel.cz\/index.php\/vyjadrovanie-3\/#breadcrumb","itemListElement":[{"@type":"ListItem","position":1,"name":"Dom\u016f","item":"https:\/\/www.suptel.cz\/index.php\/front-page-deutsch\/"},{"@type":"ListItem","position":2,"name":"Vyjadrovanie"}]},{"@type":"WebSite","@id":"https:\/\/www.suptel.cz\/#website","url":"https:\/\/www.suptel.cz\/","name":"suptel.cz","description":"telekomunikace, energetika, stavebnictv\u00ed, doprava a bezpe\u010dnost","publisher":{"@id":"https:\/\/www.suptel.cz\/#organization"},"potentialAction":[{"@type":"SearchAction","target":{"@type":"EntryPoint","urlTemplate":"https:\/\/www.suptel.cz\/?s={search_term_string}"},"query-input":{"@type":"PropertyValueSpecification","valueRequired":true,"valueName":"search_term_string"}}],"inLanguage":"cs"},{"@type":"Organization","@id":"https:\/\/www.suptel.cz\/#organization","name":"SUPTel a.s.","url":"https:\/\/www.suptel.cz\/","logo":{"@type":"ImageObject","inLanguage":"cs","@id":"https:\/\/www.suptel.cz\/#\/schema\/logo\/image\/","url":"https:\/\/www.suptel.cz\/wp-content\/uploads\/2021\/07\/SUPTel-claim-CZ-color-negativ-yellow-white_300.png","contentUrl":"https:\/\/www.suptel.cz\/wp-content\/uploads\/2021\/07\/SUPTel-claim-CZ-color-negativ-yellow-white_300.png","width":307,"height":155,"caption":"SUPTel a.s."},"image":{"@id":"https:\/\/www.suptel.cz\/#\/schema\/logo\/image\/"}}]}},"_links":{"self":[{"href":"https:\/\/www.suptel.cz\/index.php\/wp-json\/wp\/v2\/pages\/6707","targetHints":{"allow":["GET"]}}],"collection":[{"href":"https:\/\/www.suptel.cz\/index.php\/wp-json\/wp\/v2\/pages"}],"about":[{"href":"https:\/\/www.suptel.cz\/index.php\/wp-json\/wp\/v2\/types\/page"}],"author":[{"embeddable":true,"href":"https:\/\/www.suptel.cz\/index.php\/wp-json\/wp\/v2\/users\/1"}],"replies":[{"embeddable":true,"href":"https:\/\/www.suptel.cz\/index.php\/wp-json\/wp\/v2\/comments?post=6707"}],"version-history":[{"count":4,"href":"https:\/\/www.suptel.cz\/index.php\/wp-json\/wp\/v2\/pages\/6707\/revisions"}],"predecessor-version":[{"id":11843,"href":"https:\/\/www.suptel.cz\/index.php\/wp-json\/wp\/v2\/pages\/6707\/revisions\/11843"}],"wp:attachment":[{"href":"https:\/\/www.suptel.cz\/index.php\/wp-json\/wp\/v2\/media?parent=6707"}],"curies":[{"name":"wp","href":"https:\/\/api.w.org\/{rel}","templated":true}]}}