{"id":6769,"date":"2021-08-05T19:23:20","date_gmt":"2021-08-05T19:23:20","guid":{"rendered":"https:\/\/www.prepojene.sk\/?page_id=6769"},"modified":"2024-02-07T12:56:16","modified_gmt":"2024-02-07T12:56:16","slug":"plyn","status":"publish","type":"page","link":"https:\/\/www.suptel.cz\/index.php\/plyn\/","title":{"rendered":"Plyn"},"content":{"rendered":"<div data-colibri-id=\"6769-c1\" class=\"style-5893 style-local-6769-c1 position-relative\">\n  <!---->\n  <div data-colibri-component=\"section\" data-colibri-id=\"6769-c2\" id=\"custom\" class=\"h-section h-section-global-spacing d-flex align-items-lg-center align-items-md-center align-items-center style-5898 style-local-6769-c2 position-relative\">\n    <!---->\n    <!---->\n    <div class=\"h-section-grid-container h-section-boxed-container\">\n      <!---->\n      <div data-colibri-id=\"6769-c3\" class=\"h-row-container gutters-row-lg-2 gutters-row-md-2 gutters-row-0 gutters-row-v-lg-2 gutters-row-v-md-2 gutters-row-v-2 style-5899 style-local-6769-c3 position-relative\">\n        <!---->\n        <div class=\"h-row justify-content-lg-center justify-content-md-center justify-content-center align-items-lg-stretch align-items-md-stretch align-items-stretch gutters-col-lg-2 gutters-col-md-2 gutters-col-0 gutters-col-v-lg-2 gutters-col-v-md-2 gutters-col-v-2\">\n          <!---->\n          <div class=\"h-column h-column-container d-flex h-col-lg-auto h-col-md-auto h-col-auto style-5900-outer style-local-6769-c4-outer\">\n            <div data-colibri-id=\"6769-c4\" class=\"d-flex h-flex-basis h-column__inner h-px-lg-2 h-px-md-2 h-px-2 v-inner-lg-2 v-inner-md-2 v-inner-2 style-5900 style-local-6769-c4 position-relative\">\n              <!---->\n              <!---->\n              <div class=\"w-100 h-y-container h-column__content h-column__v-align flex-basis-100 align-self-lg-start align-self-md-start align-self-start\">\n                <!---->\n                <div data-colibri-id=\"6769-c5\" class=\"h-text h-text-component style-5901 style-local-6769-c5 position-relative h-element\">\n                  <!---->\n                  <!---->\n                  <div class=\"\">\n                    <h3>Plyn<\/h3>\n                    <p>O&nbsp;oblasti plyn\u00e1renstv\u00ed poskytujeme \u0161irok\u00e9 portfolio slu\u017eeb od zpracov\u00e1n\u00ed projektov\u00e9 dokumentace a\u017e po v\u00fdstavbu \u010di p\u0159ekl\u00e1dku plynov\u00e9ho potrub\u00ed. Na\u0161im kl\u00ed\u010dov\u00fdm z\u00e1kazn\u00edkem je spole\u010dnost RWE, d\u00e1le spolupracujeme s&nbsp;m\u011bsty, obcemi\n                      a stavebn\u00edmi firmami.<\/p>\n                    <h3>Podrobn\u011bji o&nbsp;na\u0161ich slu\u017eb\u00e1ch v&nbsp;plyn\u00e1renstv\u00ed:<\/h3>\n                    <ul>\n                      <li>Zaji\u0161t\u011bn\u00ed projektov\u00e9 dokumentace a ve\u0161ker\u00fdch in\u017een\u00fdrsk\u00fdch \u010dinnost\u00ed nutn\u00fdch pro z\u00edsk\u00e1n\u00ed stavebn\u00edho povolen\u00ed a kolaudace<\/li>\n                      <li>Prov\u00e1d\u00edme p\u0159ekl\u00e1dky a v\u00fdstavbu n\u00edzkotlak\u00e9ho, st\u0159edotlak\u00e9ho i&nbsp;vysokotlak\u00e9ho plynov\u00e9ho potrub\u00ed a tak\u00e9 v\u00fdstavbu regula\u010dn\u00edch&nbsp;stanic<\/li>\n                      <li>Realizujeme plynov\u00e9 instalace v&nbsp;objektech<\/li>\n                      <li>Pod\u00edl\u00edme se na v\u00fdstavb\u011b bioplynov\u00fdch stanic<\/li>\n                    <\/ul>\n                    <p>\n                      <br>\n                    <\/p>\n                  <\/div>\n                <\/div>\n              <\/div>\n            <\/div>\n          <\/div>\n        <\/div>\n      <\/div>\n    <\/div>\n  <\/div>\n  <div data-colibri-component=\"section\" data-colibri-id=\"6769-c6\" id=\"reusable-sections-2\" class=\"h-section h-section-global-spacing d-flex align-items-lg-center align-items-md-center align-items-center style-5906 style-local-6769-c6 position-relative\">\n    <!---->\n    <!---->\n    <div class=\"h-section-grid-container h-section-boxed-container\">\n      <!---->\n      <div data-colibri-id=\"6769-c7\" class=\"h-row-container gutters-row-lg-1 gutters-row-md-1 gutters-row-2 gutters-row-v-lg-1 gutters-row-v-md-1 gutters-row-v-2 style-5907 style-local-6769-c7 position-relative\">\n        <!---->\n        <div class=\"h-row justify-content-lg-center justify-content-md-center justify-content-center align-items-lg-stretch align-items-md-stretch align-items-stretch gutters-col-lg-1 gutters-col-md-1 gutters-col-2 gutters-col-v-lg-1 gutters-col-v-md-1 gutters-col-v-2\">\n          <!---->\n          <div class=\"h-column h-column-container d-flex h-col-lg-auto h-col-md-auto h-col-auto style-5908-outer style-local-6769-c8-outer\">\n            <div data-colibri-id=\"6769-c8\" class=\"d-flex h-flex-basis h-column__inner h-px-lg-1 h-px-md-1 h-px-2 v-inner-lg-1 v-inner-md-1 v-inner-2 style-5908 style-local-6769-c8 position-relative\">\n              <!---->\n              <!---->\n              <div class=\"w-100 h-y-container h-column__content h-column__v-align flex-basis-100 align-self-lg-start align-self-md-start align-self-start\">\n                <!---->\n                <div data-colibri-component=\"\" data-colibri-id=\"6769-c9\" class=\"h-photo-gallery margin-none caption-none photo-gallery--with-hover-effect photo-gallery--with-hover-effect--fade-out style-5909 style-local-6769-c9 h-overflow-hidden position-relative h-element\">\n                  <!---->\n                  <div class=\"h-global-transition-all caption-wrapper-full\"><div id='colibri-6769-c9' class='gallery-wrapper'>    <style type=\"text\/css\">\n\n        @media (min-width: 1023px) {        #colibri-6769-c9        dl {\n            float: left;\n            width: 14.2857142857% !important;\n            max-width: 14.2857142857% !important;\n            min-width: 14.2857142857% !important;\n        }\n\n        #colibri-6769-c9        dl:nth-of-type(7n +1 ) {\n            clear: both;\n        }\n\n        }@media (min-width: 768px) and (max-width: 1023px) {        #colibri-6769-c9        dl {\n            float: left;\n            width: 14.2857142857% !important;\n            max-width: 14.2857142857% !important;\n            min-width: 14.2857142857% !important;\n        }\n\n        #colibri-6769-c9        dl:nth-of-type(7n +1 ) {\n            clear: both;\n        }\n\n        }@media (max-width: 767px) {        #colibri-6769-c9        dl {\n            float: left;\n            width: 50% !important;\n            max-width: 50% !important;\n            min-width: 50% !important;\n        }\n\n        #colibri-6769-c9        dl:nth-of-type(2n +1 ) {\n            clear: both;\n        }\n\n        }\n        #colibri-6769-c9        .gallery-item {\n            position: relative;\n        }\n\n        \n    <\/style>\n    <div   class='colibri-6769-c9-dls-wrapper gallery-items-wrapper' ><dl class='gallery-item masonry-item'>\n\t\t\t<dt class='gallery-icon landscape'>\n\t\t\t\t<a data-fancybox=\"colibri-6769-c9-group\" href='https:\/\/www.suptel.cz\/wp-content\/uploads\/2024\/01\/plyn_1.jpg'><img loading=\"lazy\" decoding=\"async\"  width=\"150\" height=\"150\" src=\"https:\/\/www.suptel.cz\/wp-content\/uploads\/2024\/01\/plyn_1-150x150.jpg\"  class='colibri-6769-c9-image' alt=\"\" \/><\/a>\n\t\t\t<\/dt><\/dl><dl class='gallery-item masonry-item'>\n\t\t\t<dt class='gallery-icon landscape'>\n\t\t\t\t<a data-fancybox=\"colibri-6769-c9-group\" href='https:\/\/www.suptel.cz\/wp-content\/uploads\/2024\/01\/plyn_2.jpg'><img loading=\"lazy\" decoding=\"async\"  width=\"150\" height=\"150\" src=\"https:\/\/www.suptel.cz\/wp-content\/uploads\/2024\/01\/plyn_2-150x150.jpg\"  class='colibri-6769-c9-image' alt=\"\" \/><\/a>\n\t\t\t<\/dt><\/dl><dl class='gallery-item masonry-item'>\n\t\t\t<dt class='gallery-icon landscape'>\n\t\t\t\t<a data-fancybox=\"colibri-6769-c9-group\" href='https:\/\/www.suptel.cz\/wp-content\/uploads\/2024\/01\/plyn_3.jpg'><img loading=\"lazy\" decoding=\"async\"  width=\"150\" height=\"150\" src=\"https:\/\/www.suptel.cz\/wp-content\/uploads\/2024\/01\/plyn_3-150x150.jpg\"  class='colibri-6769-c9-image' alt=\"\" \/><\/a>\n\t\t\t<\/dt><\/dl><dl class='gallery-item masonry-item'>\n\t\t\t<dt class='gallery-icon landscape'>\n\t\t\t\t<a data-fancybox=\"colibri-6769-c9-group\" href='https:\/\/www.suptel.cz\/wp-content\/uploads\/2024\/01\/plyn_4-1.jpg'><img loading=\"lazy\" decoding=\"async\"  width=\"150\" height=\"150\" src=\"https:\/\/www.suptel.cz\/wp-content\/uploads\/2024\/01\/plyn_4-1-150x150.jpg\"  class='colibri-6769-c9-image' alt=\"\" \/><\/a>\n\t\t\t<\/dt><\/dl><dl class='gallery-item masonry-item'>\n\t\t\t<dt class='gallery-icon landscape'>\n\t\t\t\t<a data-fancybox=\"colibri-6769-c9-group\" href='https:\/\/www.suptel.cz\/wp-content\/uploads\/2024\/01\/plyn_5.jpg'><img loading=\"lazy\" decoding=\"async\"  width=\"150\" height=\"150\" src=\"https:\/\/www.suptel.cz\/wp-content\/uploads\/2024\/01\/plyn_5-150x150.jpg\"  class='colibri-6769-c9-image' alt=\"\" \/><\/a>\n\t\t\t<\/dt><\/dl><dl class='gallery-item masonry-item'>\n\t\t\t<dt class='gallery-icon portrait'>\n\t\t\t\t<a data-fancybox=\"colibri-6769-c9-group\" href='https:\/\/www.suptel.cz\/wp-content\/uploads\/2024\/01\/plyn_6.jpg'><img loading=\"lazy\" decoding=\"async\"  width=\"150\" height=\"150\" src=\"https:\/\/www.suptel.cz\/wp-content\/uploads\/2024\/01\/plyn_6-150x150.jpg\"  class='colibri-6769-c9-image' alt=\"\" \/><\/a>\n\t\t\t<\/dt><\/dl><dl class='gallery-item masonry-item'>\n\t\t\t<dt class='gallery-icon landscape'>\n\t\t\t\t<a data-fancybox=\"colibri-6769-c9-group\" href='https:\/\/www.suptel.cz\/wp-content\/uploads\/2024\/01\/plyn_7.jpg'><img loading=\"lazy\" decoding=\"async\"  width=\"150\" height=\"150\" src=\"https:\/\/www.suptel.cz\/wp-content\/uploads\/2024\/01\/plyn_7-150x150.jpg\"  class='colibri-6769-c9-image' alt=\"\" \/><\/a>\n\t\t\t<\/dt><\/dl>\n\t\t\t\n\t\t<\/div>\n<style>#colibri-6769-c9 .wp-caption-text.gallery-caption{display:none;}<\/style><\/div><\/div>\n                <\/div>\n              <\/div>\n            <\/div>\n          <\/div>\n        <\/div>\n      <\/div>\n    <\/div>\n  <\/div>\n  <div data-colibri-component=\"section\" data-colibri-id=\"6769-c10\" id=\"reusable-sections\" class=\"h-section h-section-global-spacing d-flex align-items-lg-start align-items-md-start align-items-start style-5914 style-local-6769-c10 position-relative\">\n    <!---->\n    <!---->\n    <div class=\"h-section-grid-container h-section-boxed-container\">\n      <div data-colibri-id=\"6769-c15\" class=\"h-row-container gutters-row-lg-1 gutters-row-md-1 gutters-row-0 gutters-row-v-lg-1 gutters-row-v-md-1 gutters-row-v-1 style-5919 style-local-6769-c15 position-relative\">\n        <!---->\n        <div class=\"h-row justify-content-lg-center justify-content-md-center justify-content-center align-items-lg-stretch align-items-md-stretch align-items-stretch gutters-col-lg-1 gutters-col-md-1 gutters-col-0 gutters-col-v-lg-1 gutters-col-v-md-1 gutters-col-v-1\">\n          <!---->\n          <div class=\"h-column h-column-container d-flex h-col-lg-auto h-col-md-auto h-col-auto style-5920-outer style-local-6769-c16-outer\">\n            <div data-colibri-id=\"6769-c16\" class=\"d-flex h-flex-basis h-column__inner h-px-lg-1 h-px-md-1 h-px-1 v-inner-lg-1 v-inner-md-1 v-inner-1 style-5920 style-local-6769-c16 position-relative\">\n              <!---->\n              <!---->\n              <div class=\"w-100 h-y-container h-column__content h-column__v-align flex-basis-100 align-self-lg-start align-self-md-start align-self-start\">\n                <!---->\n                <div data-colibri-id=\"6769-c17\" class=\"h-global-transition-all h-heading style-5921 style-local-6769-c17 position-relative h-element\">\n                  <!---->\n                  <div class=\"h-heading__outer style-5921 style-local-6769-c17\">\n                    <!---->\n                    <!---->\n                    <h3 class=\"\">PARTNE\u0158I<\/h3>\n                  <\/div>\n                <\/div>\n              <\/div>\n            <\/div>\n          <\/div>\n        <\/div>\n      <\/div>\n      <div data-colibri-id=\"6769-c11\" class=\"h-row-container gutters-row-lg-0 gutters-row-md-0 gutters-row-0 gutters-row-v-lg-0 gutters-row-v-md-0 gutters-row-v-0 style-5915 style-local-6769-c11 position-relative\">\n        <!---->\n        <div class=\"h-row justify-content-lg-center justify-content-md-center justify-content-center align-items-lg-stretch align-items-md-stretch align-items-stretch gutters-col-lg-0 gutters-col-md-0 gutters-col-0 gutters-col-v-lg-0 gutters-col-v-md-0 gutters-col-v-0\">\n          <!---->\n          <div class=\"h-column h-column-container d-flex h-col-lg-12 h-col-md-12 h-col-12 style-5916-outer style-local-6769-c12-outer\">\n            <div data-colibri-id=\"6769-c12\" class=\"d-flex h-flex-basis h-column__inner h-px-lg-0 h-px-md-0 h-px-0 v-inner-lg-0 v-inner-md-0 v-inner-0 style-5916 style-local-6769-c12 position-relative\">\n              <!---->\n              <!---->\n              <div class=\"w-100 h-y-container h-column__content h-column__v-align flex-basis-100 align-self-lg-start align-self-md-start align-self-start\">\n                <!---->\n                <div data-colibri-id=\"6769-c13\" class=\"d-block style-5917 style-local-6769-c13 position-relative h-element\">\n                  <!---->\n                  <div class=\"h-image__frame-container-outer\">\n                    <div class=\"h-image__frame-container\">\n                      <!---->\n                      <!---->\n                      <img loading=\"lazy\" decoding=\"async\" width=\"1479\" height=\"158\" src=\"http:\/\/www.suptel.cz\/wp-content\/uploads\/2021\/07\/partneri-1.png\" class=\"wp-image-606 style-5917-image style-local-6769-c13-image\" alt=\"\" srcset=\"https:\/\/www.suptel.cz\/wp-content\/uploads\/2021\/07\/partneri-1.png 1479w, https:\/\/www.suptel.cz\/wp-content\/uploads\/2021\/07\/partneri-1-300x32.png 300w, https:\/\/www.suptel.cz\/wp-content\/uploads\/2021\/07\/partneri-1-1024x109.png 1024w, https:\/\/www.suptel.cz\/wp-content\/uploads\/2021\/07\/partneri-1-768x82.png 768w\" sizes=\"auto, (max-width: 1479px) 100vw, 1479px\" \/>\n                      <div class=\"h-image__frame h-hide-lg h-hide-md h-hide-sm style-5917-frameImage style-local-6769-c13-frameImage\"><\/div>\n                    <\/div>\n                  <\/div>\n                <\/div>\n              <\/div>\n            <\/div>\n          <\/div>\n          <div class=\"h-column h-column-container d-flex h-col-lg-12 h-col-md-12 h-col-12 style-5918-outer style-local-6769-c14-outer\">\n            <div data-colibri-id=\"6769-c14\" class=\"d-flex h-flex-basis h-column__inner h-ui-empty-state-container h-px-lg-0 h-px-md-0 h-px-0 v-inner-lg-0 v-inner-md-0 v-inner-0 style-5918 style-local-6769-c14 position-relative\">\n              <!---->\n              <!---->\n              <div class=\"w-100 h-y-container h-column__content h-column__v-align flex-basis-100\">\n                <!---->\n              <\/div>\n            <\/div>\n          <\/div>\n        <\/div>\n      <\/div>\n    <\/div>\n  <\/div>\n<\/div>","protected":false},"excerpt":{"rendered":"<p>Plyn O&nbsp;oblasti plyn\u00e1renstv\u00ed poskytujeme \u0161irok\u00e9 portfolio slu\u017eeb od zpracov\u00e1n\u00ed projektov\u00e9 dokumentace a\u017e po v\u00fdstavbu \u010di p\u0159ekl\u00e1dku plynov\u00e9ho potrub\u00ed. Na\u0161im kl\u00ed\u010dov\u00fdm z\u00e1kazn\u00edkem je spole\u010dnost RWE, d\u00e1le spolupracujeme s&nbsp;m\u011bsty, obcemi a stavebn\u00edmi firmami. Podrobn\u011bji o&nbsp;na\u0161ich slu\u017eb\u00e1ch v&nbsp;plyn\u00e1renstv\u00ed: Zaji\u0161t\u011bn\u00ed projektov\u00e9 dokumentace a ve\u0161ker\u00fdch in\u017een\u00fdrsk\u00fdch \u010dinnost\u00ed nutn\u00fdch pro z\u00edsk\u00e1n\u00ed stavebn\u00edho povolen\u00ed a kolaudace Prov\u00e1d\u00edme p\u0159ekl\u00e1dky a v\u00fdstavbu n\u00edzkotlak\u00e9ho, st\u0159edotlak\u00e9ho [&hellip;]<\/p>\n","protected":false},"author":1,"featured_media":0,"parent":0,"menu_order":0,"comment_status":"closed","ping_status":"closed","template":"page-templates\/full-width-page.php","meta":{"footnotes":""},"class_list":["post-6769","page","type-page","status-publish","hentry"],"yoast_head":"<!-- This site is optimized with the Yoast SEO plugin v27.4 - https:\/\/yoast.com\/product\/yoast-seo-wordpress\/ -->\n<title>Plyn - suptel.cz<\/title>\n<meta name=\"robots\" content=\"index, follow, max-snippet:-1, max-image-preview:large, max-video-preview:-1\" \/>\n<link rel=\"canonical\" href=\"https:\/\/www.suptel.cz\/index.php\/plyn\/\" \/>\n<meta property=\"og:locale\" content=\"cs_CZ\" \/>\n<meta property=\"og:type\" content=\"article\" \/>\n<meta property=\"og:title\" content=\"Plyn - suptel.cz\" \/>\n<meta property=\"og:description\" content=\"Plyn O&nbsp;oblasti plyn\u00e1renstv\u00ed poskytujeme \u0161irok\u00e9 portfolio slu\u017eeb od zpracov\u00e1n\u00ed projektov\u00e9 dokumentace a\u017e po v\u00fdstavbu \u010di p\u0159ekl\u00e1dku plynov\u00e9ho potrub\u00ed. Na\u0161im kl\u00ed\u010dov\u00fdm z\u00e1kazn\u00edkem je spole\u010dnost RWE, d\u00e1le spolupracujeme s&nbsp;m\u011bsty, obcemi a stavebn\u00edmi firmami. Podrobn\u011bji o&nbsp;na\u0161ich slu\u017eb\u00e1ch v&nbsp;plyn\u00e1renstv\u00ed: Zaji\u0161t\u011bn\u00ed projektov\u00e9 dokumentace a ve\u0161ker\u00fdch in\u017een\u00fdrsk\u00fdch \u010dinnost\u00ed nutn\u00fdch pro z\u00edsk\u00e1n\u00ed stavebn\u00edho povolen\u00ed a kolaudace Prov\u00e1d\u00edme p\u0159ekl\u00e1dky a v\u00fdstavbu n\u00edzkotlak\u00e9ho, st\u0159edotlak\u00e9ho [&hellip;]\" \/>\n<meta property=\"og:url\" content=\"https:\/\/www.suptel.cz\/index.php\/plyn\/\" \/>\n<meta property=\"og:site_name\" content=\"suptel.cz\" \/>\n<meta property=\"article:modified_time\" content=\"2024-02-07T12:56:16+00:00\" \/>\n<meta property=\"og:image\" content=\"http:\/\/www.suptel.cz\/wp-content\/uploads\/2021\/07\/partneri-1.png\" \/>\n<meta name=\"twitter:card\" content=\"summary_large_image\" \/>\n<meta name=\"twitter:label1\" content=\"Odhadovan\u00e1 doba \u010dten\u00ed\" \/>\n\t<meta name=\"twitter:data1\" content=\"1 minuta\" \/>\n<script type=\"application\/ld+json\" class=\"yoast-schema-graph\">{\"@context\":\"https:\\\/\\\/schema.org\",\"@graph\":[{\"@type\":\"WebPage\",\"@id\":\"https:\\\/\\\/www.suptel.cz\\\/index.php\\\/plyn\\\/\",\"url\":\"https:\\\/\\\/www.suptel.cz\\\/index.php\\\/plyn\\\/\",\"name\":\"Plyn - suptel.cz\",\"isPartOf\":{\"@id\":\"https:\\\/\\\/www.suptel.cz\\\/#website\"},\"primaryImageOfPage\":{\"@id\":\"https:\\\/\\\/www.suptel.cz\\\/index.php\\\/plyn\\\/#primaryimage\"},\"image\":{\"@id\":\"https:\\\/\\\/www.suptel.cz\\\/index.php\\\/plyn\\\/#primaryimage\"},\"thumbnailUrl\":\"http:\\\/\\\/www.suptel.cz\\\/wp-content\\\/uploads\\\/2021\\\/07\\\/partneri-1.png\",\"datePublished\":\"2021-08-05T19:23:20+00:00\",\"dateModified\":\"2024-02-07T12:56:16+00:00\",\"breadcrumb\":{\"@id\":\"https:\\\/\\\/www.suptel.cz\\\/index.php\\\/plyn\\\/#breadcrumb\"},\"inLanguage\":\"cs\",\"potentialAction\":[{\"@type\":\"ReadAction\",\"target\":[\"https:\\\/\\\/www.suptel.cz\\\/index.php\\\/plyn\\\/\"]}]},{\"@type\":\"ImageObject\",\"inLanguage\":\"cs\",\"@id\":\"https:\\\/\\\/www.suptel.cz\\\/index.php\\\/plyn\\\/#primaryimage\",\"url\":\"https:\\\/\\\/www.suptel.cz\\\/wp-content\\\/uploads\\\/2021\\\/07\\\/partneri-1.png\",\"contentUrl\":\"https:\\\/\\\/www.suptel.cz\\\/wp-content\\\/uploads\\\/2021\\\/07\\\/partneri-1.png\",\"width\":1479,\"height\":158},{\"@type\":\"BreadcrumbList\",\"@id\":\"https:\\\/\\\/www.suptel.cz\\\/index.php\\\/plyn\\\/#breadcrumb\",\"itemListElement\":[{\"@type\":\"ListItem\",\"position\":1,\"name\":\"Dom\u016f\",\"item\":\"https:\\\/\\\/www.suptel.cz\\\/index.php\\\/front-page-deutsch\\\/\"},{\"@type\":\"ListItem\",\"position\":2,\"name\":\"Plyn\"}]},{\"@type\":\"WebSite\",\"@id\":\"https:\\\/\\\/www.suptel.cz\\\/#website\",\"url\":\"https:\\\/\\\/www.suptel.cz\\\/\",\"name\":\"suptel.cz\",\"description\":\"telekomunikace, energetika, stavebnictv\u00ed, doprava a bezpe\u010dnost\",\"publisher\":{\"@id\":\"https:\\\/\\\/www.suptel.cz\\\/#organization\"},\"potentialAction\":[{\"@type\":\"SearchAction\",\"target\":{\"@type\":\"EntryPoint\",\"urlTemplate\":\"https:\\\/\\\/www.suptel.cz\\\/?s={search_term_string}\"},\"query-input\":{\"@type\":\"PropertyValueSpecification\",\"valueRequired\":true,\"valueName\":\"search_term_string\"}}],\"inLanguage\":\"cs\"},{\"@type\":\"Organization\",\"@id\":\"https:\\\/\\\/www.suptel.cz\\\/#organization\",\"name\":\"SUPTel a.s.\",\"url\":\"https:\\\/\\\/www.suptel.cz\\\/\",\"logo\":{\"@type\":\"ImageObject\",\"inLanguage\":\"cs\",\"@id\":\"https:\\\/\\\/www.suptel.cz\\\/#\\\/schema\\\/logo\\\/image\\\/\",\"url\":\"https:\\\/\\\/www.suptel.cz\\\/wp-content\\\/uploads\\\/2021\\\/07\\\/SUPTel-claim-CZ-color-negativ-yellow-white_300.png\",\"contentUrl\":\"https:\\\/\\\/www.suptel.cz\\\/wp-content\\\/uploads\\\/2021\\\/07\\\/SUPTel-claim-CZ-color-negativ-yellow-white_300.png\",\"width\":307,\"height\":155,\"caption\":\"SUPTel a.s.\"},\"image\":{\"@id\":\"https:\\\/\\\/www.suptel.cz\\\/#\\\/schema\\\/logo\\\/image\\\/\"}}]}<\/script>\n<!-- \/ Yoast SEO plugin. -->","yoast_head_json":{"title":"Plyn - suptel.cz","robots":{"index":"index","follow":"follow","max-snippet":"max-snippet:-1","max-image-preview":"max-image-preview:large","max-video-preview":"max-video-preview:-1"},"canonical":"https:\/\/www.suptel.cz\/index.php\/plyn\/","og_locale":"cs_CZ","og_type":"article","og_title":"Plyn - suptel.cz","og_description":"Plyn O&nbsp;oblasti plyn\u00e1renstv\u00ed poskytujeme \u0161irok\u00e9 portfolio slu\u017eeb od zpracov\u00e1n\u00ed projektov\u00e9 dokumentace a\u017e po v\u00fdstavbu \u010di p\u0159ekl\u00e1dku plynov\u00e9ho potrub\u00ed. Na\u0161im kl\u00ed\u010dov\u00fdm z\u00e1kazn\u00edkem je spole\u010dnost RWE, d\u00e1le spolupracujeme s&nbsp;m\u011bsty, obcemi a stavebn\u00edmi firmami. Podrobn\u011bji o&nbsp;na\u0161ich slu\u017eb\u00e1ch v&nbsp;plyn\u00e1renstv\u00ed: Zaji\u0161t\u011bn\u00ed projektov\u00e9 dokumentace a ve\u0161ker\u00fdch in\u017een\u00fdrsk\u00fdch \u010dinnost\u00ed nutn\u00fdch pro z\u00edsk\u00e1n\u00ed stavebn\u00edho povolen\u00ed a kolaudace Prov\u00e1d\u00edme p\u0159ekl\u00e1dky a v\u00fdstavbu n\u00edzkotlak\u00e9ho, st\u0159edotlak\u00e9ho [&hellip;]","og_url":"https:\/\/www.suptel.cz\/index.php\/plyn\/","og_site_name":"suptel.cz","article_modified_time":"2024-02-07T12:56:16+00:00","og_image":[{"url":"http:\/\/www.suptel.cz\/wp-content\/uploads\/2021\/07\/partneri-1.png","type":"","width":"","height":""}],"twitter_card":"summary_large_image","twitter_misc":{"Odhadovan\u00e1 doba \u010dten\u00ed":"1 minuta"},"schema":{"@context":"https:\/\/schema.org","@graph":[{"@type":"WebPage","@id":"https:\/\/www.suptel.cz\/index.php\/plyn\/","url":"https:\/\/www.suptel.cz\/index.php\/plyn\/","name":"Plyn - suptel.cz","isPartOf":{"@id":"https:\/\/www.suptel.cz\/#website"},"primaryImageOfPage":{"@id":"https:\/\/www.suptel.cz\/index.php\/plyn\/#primaryimage"},"image":{"@id":"https:\/\/www.suptel.cz\/index.php\/plyn\/#primaryimage"},"thumbnailUrl":"http:\/\/www.suptel.cz\/wp-content\/uploads\/2021\/07\/partneri-1.png","datePublished":"2021-08-05T19:23:20+00:00","dateModified":"2024-02-07T12:56:16+00:00","breadcrumb":{"@id":"https:\/\/www.suptel.cz\/index.php\/plyn\/#breadcrumb"},"inLanguage":"cs","potentialAction":[{"@type":"ReadAction","target":["https:\/\/www.suptel.cz\/index.php\/plyn\/"]}]},{"@type":"ImageObject","inLanguage":"cs","@id":"https:\/\/www.suptel.cz\/index.php\/plyn\/#primaryimage","url":"https:\/\/www.suptel.cz\/wp-content\/uploads\/2021\/07\/partneri-1.png","contentUrl":"https:\/\/www.suptel.cz\/wp-content\/uploads\/2021\/07\/partneri-1.png","width":1479,"height":158},{"@type":"BreadcrumbList","@id":"https:\/\/www.suptel.cz\/index.php\/plyn\/#breadcrumb","itemListElement":[{"@type":"ListItem","position":1,"name":"Dom\u016f","item":"https:\/\/www.suptel.cz\/index.php\/front-page-deutsch\/"},{"@type":"ListItem","position":2,"name":"Plyn"}]},{"@type":"WebSite","@id":"https:\/\/www.suptel.cz\/#website","url":"https:\/\/www.suptel.cz\/","name":"suptel.cz","description":"telekomunikace, energetika, stavebnictv\u00ed, doprava a bezpe\u010dnost","publisher":{"@id":"https:\/\/www.suptel.cz\/#organization"},"potentialAction":[{"@type":"SearchAction","target":{"@type":"EntryPoint","urlTemplate":"https:\/\/www.suptel.cz\/?s={search_term_string}"},"query-input":{"@type":"PropertyValueSpecification","valueRequired":true,"valueName":"search_term_string"}}],"inLanguage":"cs"},{"@type":"Organization","@id":"https:\/\/www.suptel.cz\/#organization","name":"SUPTel a.s.","url":"https:\/\/www.suptel.cz\/","logo":{"@type":"ImageObject","inLanguage":"cs","@id":"https:\/\/www.suptel.cz\/#\/schema\/logo\/image\/","url":"https:\/\/www.suptel.cz\/wp-content\/uploads\/2021\/07\/SUPTel-claim-CZ-color-negativ-yellow-white_300.png","contentUrl":"https:\/\/www.suptel.cz\/wp-content\/uploads\/2021\/07\/SUPTel-claim-CZ-color-negativ-yellow-white_300.png","width":307,"height":155,"caption":"SUPTel a.s."},"image":{"@id":"https:\/\/www.suptel.cz\/#\/schema\/logo\/image\/"}}]}},"_links":{"self":[{"href":"https:\/\/www.suptel.cz\/index.php\/wp-json\/wp\/v2\/pages\/6769","targetHints":{"allow":["GET"]}}],"collection":[{"href":"https:\/\/www.suptel.cz\/index.php\/wp-json\/wp\/v2\/pages"}],"about":[{"href":"https:\/\/www.suptel.cz\/index.php\/wp-json\/wp\/v2\/types\/page"}],"author":[{"embeddable":true,"href":"https:\/\/www.suptel.cz\/index.php\/wp-json\/wp\/v2\/users\/1"}],"replies":[{"embeddable":true,"href":"https:\/\/www.suptel.cz\/index.php\/wp-json\/wp\/v2\/comments?post=6769"}],"version-history":[{"count":3,"href":"https:\/\/www.suptel.cz\/index.php\/wp-json\/wp\/v2\/pages\/6769\/revisions"}],"predecessor-version":[{"id":13172,"href":"https:\/\/www.suptel.cz\/index.php\/wp-json\/wp\/v2\/pages\/6769\/revisions\/13172"}],"wp:attachment":[{"href":"https:\/\/www.suptel.cz\/index.php\/wp-json\/wp\/v2\/media?parent=6769"}],"curies":[{"name":"wp","href":"https:\/\/api.w.org\/{rel}","templated":true}]}}